{"id":259,"date":"2015-07-10T07:43:34","date_gmt":"2015-07-10T07:43:34","guid":{"rendered":"http:\/\/genesissupport247.com\/tr\/sample-page-2\/"},"modified":"2025-11-13T13:49:37","modified_gmt":"2025-11-13T13:49:37","slug":"index-home-page","status":"publish","type":"page","link":"https:\/\/www.genesissupport247.com\/tr\/","title":{"rendered":"GenesisSupport24\/7, e-ticaret m\u00fc\u015fterilerine m\u00fc\u015fteri deste\u011fi sunmaktad\u0131r"},"content":{"rendered":"Bir t\u00fcccar\u0131n web sitesinden fiziksel veya dijital \u00fcr\u00fcn ya da abonelik sat\u0131n ald\u0131ysan\u0131z, do\u011fru ileti\u015fim bilgilerine ula\u015fmak i\u00e7in l\u00fctfen \u00f6ncelikle \u00fcr\u00fcn veya abonelik al\u0131\u015fveri\u015finizi yapt\u0131\u011f\u0131n\u0131z web sitesini ziyaret edin. Bizden daha fazla yard\u0131m alman\u0131z gerekiyorsa, a\u015fa\u011f\u0131daki ileti\u015fim bilgilerini kullanarak l\u00fctfen hi\u00e7 \u00e7ekinmeden bize ula\u015f\u0131n.\r\n","protected":false},"excerpt":{"rendered":"<p>Bir t\u00fcccar\u0131n web sitesinden fiziksel veya dijital \u00fcr\u00fcn ya da abonelik sat\u0131n ald\u0131ysan\u0131z, do\u011fru ileti\u015fim bilgilerine ula\u015fmak i\u00e7in l\u00fctfen \u00f6ncelikle \u00fcr\u00fcn veya abonelik al\u0131\u015fveri\u015finizi yapt\u0131\u011f\u0131n\u0131z web sitesini ziyaret edin. Bizden daha fazla yard\u0131m alman\u0131z gerekiyorsa, a\u015fa\u011f\u0131daki ileti\u015fim bilgilerini kullanarak l\u00fctfen hi\u00e7 \u00e7ekinmeden bize ula\u015f\u0131n.<\/p>\n","protected":false},"author":1,"featured_media":817,"parent":0,"menu_order":0,"comment_status":"closed","ping_status":"closed","template":"","meta":{"footnotes":""},"class_list":["post-259","page","type-page","status-publish","has-post-thumbnail","hentry"],"_links":{"self":[{"href":"https:\/\/www.genesissupport247.com\/tr\/wp-json\/wp\/v2\/pages\/259","targetHints":{"allow":["GET"]}}],"collection":[{"href":"https:\/\/www.genesissupport247.com\/tr\/wp-json\/wp\/v2\/pages"}],"about":[{"href":"https:\/\/www.genesissupport247.com\/tr\/wp-json\/wp\/v2\/types\/page"}],"author":[{"embeddable":true,"href":"https:\/\/www.genesissupport247.com\/tr\/wp-json\/wp\/v2\/users\/1"}],"replies":[{"embeddable":true,"href":"https:\/\/www.genesissupport247.com\/tr\/wp-json\/wp\/v2\/comments?post=259"}],"version-history":[{"count":7,"href":"https:\/\/www.genesissupport247.com\/tr\/wp-json\/wp\/v2\/pages\/259\/revisions"}],"predecessor-version":[{"id":687,"href":"https:\/\/www.genesissupport247.com\/tr\/wp-json\/wp\/v2\/pages\/259\/revisions\/687"}],"wp:featuredmedia":[{"embeddable":true,"href":"https:\/\/www.genesissupport247.com\/tr\/wp-json\/wp\/v2\/media\/817"}],"wp:attachment":[{"href":"https:\/\/www.genesissupport247.com\/tr\/wp-json\/wp\/v2\/media?parent=259"}],"curies":[{"name":"wp","href":"https:\/\/api.w.org\/{rel}","templated":true}]}}