{"id":244,"date":"2015-07-14T06:03:48","date_gmt":"2015-07-14T06:03:48","guid":{"rendered":"http:\/\/genesissupport247.com\/tr\/privacy-policy\/"},"modified":"2018-01-03T06:19:23","modified_gmt":"2018-01-03T06:19:23","slug":"privacy-policy","status":"publish","type":"page","link":"https:\/\/www.genesissupport247.com\/tr\/privacy-policy\/","title":{"rendered":"Gizlilik Politikas\u0131"},"content":{"rendered":"INS Online Limited, Genesis \u00f6deme ge\u00e7idinin ve ayn\u0131 zamanda Genesissupport247.com internet sitesinin sahibi ve i\u015fleticisidir. INS Online Limited (\u201cINS\u201d, \u201cbiz\u201d ve \u201cbize\u201d), gizlili\u011finizin korunmaya s\u0131k\u0131 s\u0131k\u0131ya ba\u011fl\u0131d\u0131r.\n\n\n\nBu bildirim, <a href=\"https:\/\/www.genesissupport247.com\">genesissupport247.com<\/a> internet sitesi (\u201cWeb Sitesi\u201d) i\u00e7in ge\u00e7erli olan ve ayr\u0131 bir b\u00f6l\u00fcm (\u201cKo\u015fullar\u201d) halinde verilen Ko\u015fullar ve H\u00fck\u00fcmler ile birlikte okunmal\u0131d\u0131r.\n\n\n\nBu gizlilik politikas\u0131, bu belgede a\u00e7\u0131kland\u0131\u011f\u0131 haliyle, sizin hakk\u0131n\u0131zda toplad\u0131\u011f\u0131m\u0131z bilgileri kullan\u0131m \u015feklimize, bu bilgilerin kullan\u0131m\u0131na s\u0131n\u0131rland\u0131rma getirmek istedi\u011finiz zaman bize nas\u0131l ula\u015fabilece\u011finize ve gizlili\u011finizi g\u00fcvenceye almak i\u00e7in uygulamakta oldu\u011fumuz prosed\u00fcrlere a\u00e7\u0131kl\u0131k getirmektedir.\n\n\n\nKimli\u011finizi belli eden hi\u00e7bir bilgiyi a\u00e7\u0131\u011fa \u00e7\u0131karmadan Web Sitesini ziyaret edebilirsiniz.\n\n\n\nTopluca Hizmetlerimiz olarak adland\u0131r\u0131lan, \u00f6deme alma\/g\u00f6nderme hizmetlerimizi ve Web Sitemizi kullanman\u0131z veya Web Sitemiz yoluyla ya da Web Sitemiz ile ba\u011flant\u0131l\u0131 yollarla bize bilgilerinizi g\u00f6ndermeniz, size ait ki\u015fisel bilgilerin taraf\u0131m\u0131zca bu gizlilik politikas\u0131na uygun \u015fekilde toplanmas\u0131na, kullan\u0131lmas\u0131na ve if\u015fa edilmesine r\u0131za g\u00f6sterdi\u011finiz anlam\u0131na gelir. Bu gizlilik politikas\u0131n\u0131n ko\u015fullar\u0131n\u0131 kabul etmiyorsan\u0131z, \u00f6deme alma\/g\u00f6nderme hizmetlerimizi veya Web Sitemizi kullanmamal\u0131 ya da Web Sitemiz yoluyla veya Web Sitemiz ile ba\u011flant\u0131l\u0131 yollarla bize bilgilerinizi g\u00f6ndermemelisiniz.\n\n\n\nBu gizlilik politikas\u0131, Hizmetlerimizin Sizin taraf\u0131n\u0131zdan kullan\u0131m\u0131n\u0131 d\u00fczenleyen Ko\u015fullar ve H\u00fck\u00fcmler belgesini tamamlay\u0131c\u0131 bir belgesidir. Bu Ko\u015fullar ve H\u00fck\u00fcmler belgesinde tan\u0131mlanan ifadeler, bu gizlilik politikas\u0131nda ayn\u0131 anlam\u0131 ta\u015f\u0131maktad\u0131r.\n\n<h3>Toplad\u0131\u011f\u0131m\u0131z bilgiler ve bu bilgilerin kullan\u0131m\u0131<\/h3>\n\nSizinle ili\u015fkili olan ve kimli\u011finizi tan\u0131mlayan; ad\u0131n\u0131z, posta adresiniz, e-posta adresiniz, telefon numaran\u0131z, kredi kart\u0131, bankamatik kart\u0131 veya haz\u0131r kart numaralar\u0131n\u0131z ve bu kartlar\u0131n son kullanma tarihleri ve \u00f6deme alma\/g\u00f6nderme i\u015fleminiz s\u0131ras\u0131nda ve sonras\u0131nda toplad\u0131\u011f\u0131m\u0131z ve Hizmetlerimizi genel kullan\u0131m\u0131n\u0131za ili\u015fkin bilgiler dahil olmak ancak bunlarla s\u0131n\u0131rl\u0131 olmamak \u00fczere ki\u015fisel bilgilerinizi, sadece Size verdi\u011fimiz hizmetleri daha iyi hale getirmek \u00fczere gerekti\u011fi \u00f6l\u00e7\u00fcde kullanaca\u011f\u0131z, saklayaca\u011f\u0131z veya i\u015flemlerden ge\u00e7irece\u011fiz. Bu bilgileri a\u015fa\u011f\u0131daki ama\u00e7larla i\u015flemlerden ge\u00e7irece\u011fiz:\n\n<ul>\n\n\t<li>\t\u0130\u015flemlerinizi daha iyi bir \u015fekilde ger\u00e7ekle\u015ftirmenizi sa\u011flamak;<\/li>\n\n\t<li>Sorular\u0131n\u0131z\u0131 cevaplamak ve isteklerinizi yerine getirmek;<\/li>\n\n\t<li>Hizmetlerimizi sunmak ve ki\u015fiye \u00f6zel hale getirmek;<\/li>\n\n\t<li>\u00d6deme alma\/g\u00f6nderme i\u015fleminizi yerine getirmek;<\/li>\n\n\t<li>\tRisk ve doland\u0131r\u0131c\u0131l\u0131k analizi yapmak ve ki\u015fisel\/finansal verilerinizi g\u00fcvenceye almak;<\/li>\n\n\t<li>\tSize sundu\u011fumuz hizmetleri iyile\u015ftirmek i\u00e7in kendi i\u015fimizin analizini yapmak. Bu t\u00fcr bilgileri ve istatistikleri toplamam\u0131z\u0131n bir ba\u015fka nedeni Hizmetlerimizin kullan\u0131m\u0131n\u0131 izlemek ve buradan elde etti\u011fimiz bilgileri; i\u015flemlere ait ki\u015fisel bilgileri hari\u00e7 tutarak, \u00e7ok dikkatli bir \u015fekilde se\u00e7ti\u011fimiz \u00fc\u00e7\u00fcnc\u00fc taraflarla payla\u015fabiliriz.<\/li>\n\n<\/ul>\n\nBu t\u00fcr bilgileri ve istatistikleri toplamam\u0131z\u0131n bir ba\u015fka nedeni Hizmetlerimizin kullan\u0131m\u0131n\u0131 izlemek ve buradan elde etti\u011fimiz bilgileri; i\u015flemlere ait ki\u015fisel bilgileri hari\u00e7 tutarak, \u00e7ok dikkatli bir \u015fekilde se\u00e7ti\u011fimiz \u00fc\u00e7\u00fcnc\u00fc taraflarla payla\u015fabiliriz.\n\n\n\nHizmetlerimizi kullan\u0131m\u0131n\u0131z s\u0131ras\u0131nda \u015fu iki hususun fark\u0131nda olman\u0131z \u00f6nemlidir: (i) \u00d6deme g\u00f6ndermek\/almak i\u00e7in do\u011frudan Bize ve Hizmetlerimizi kullanan T\u00fcccar\u0131n Web Sitesine ki\u015fisel bilgilerinizi vereceksiniz ve (ii) bu Web Sitesi, Avrupa Ekonomik Alan\u0131 d\u0131\u015f\u0131nda mukim olabilir. Sizin, hizmetimiz yoluyla T\u00fcccara \u00f6deme yapman\u0131za yard\u0131mc\u0131 olma s\u00fcrecinde do\u011frudan T\u00fcccara sa\u011flad\u0131\u011f\u0131n\u0131z ve Bizim ile payla\u015f\u0131lmayan veriler konusunda hi\u00e7bir sorumluluk kabul etmeyiz. Bu konuda, T\u00fcccara ait gizlilik politikas\u0131n\u0131 inceleyerek bir karar vermelisiniz.\n\n\n\nHizmetlerimizi kullanmay\u0131 durdurman\u0131z halinde, ki\u015fisel bilgilerinizi (zaman zaman g\u00fcncellenen) bu Gizlilik Politikas\u0131na uygun \u015fekilde ve yasalar taraf\u0131ndan izin verilen kapsamda kullanmaya ve if\u015fa etmeye devam edebiliriz.\n\n<h3>Bilgi g\u00fcvenli\u011fi<\/h3>\n\n\u0130nternet g\u00fcvenli bir ortam de\u011fildir. Bununla beraber, bu gizlilik politikas\u0131nda belirtti\u011fimiz \u00e7e\u015fitli g\u00fcvenlik prosed\u00fcrlerini uygulamaya koymu\u015f durumday\u0131z. E-postalar ve web postalar\u0131 gibi \u0130nternet \u00fczerinden ger\u00e7ekle\u015ftirilen ileti\u015fimlerin \u015fifrelenmedikleri takdirde g\u00fcvenli olmad\u0131\u011f\u0131n\u0131 l\u00fctfen unutmay\u0131n. \u0130leti\u015fimleriniz, teslim edilmeden \u00f6nce bir\u00e7ok \u00fclkeden ge\u00e7ebilir. \u0130nternetin do\u011fas\u0131 budur. Bizim kontrol\u00fcm\u00fcz d\u0131\u015f\u0131nda ger\u00e7ekle\u015fen herhangi bir yetki d\u0131\u015f\u0131 eri\u015fim veya ki\u015fisel bilgi kayb\u0131 konusunda sorumluluk kabul etmeyiz. Yetki d\u0131\u015f\u0131 eri\u015fimin, uygunsuz kullan\u0131m\u0131n veya bilgi if\u015fas\u0131n\u0131n, yetki d\u0131\u015f\u0131 de\u011fi\u015fiklik yapman\u0131n, yasa d\u0131\u015f\u0131 zarar vermenin veya kazara kay\u0131plar\u0131n \u00f6n\u00fcne ge\u00e7mek \u00fczere, bizim kontrol\u00fcm\u00fcz alt\u0131nda olan ki\u015fisel verilerinizin (ilgili verinin tipine ve miktar\u0131na g\u00f6re) korunmas\u0131n\u0131 sa\u011flayacak uygun politikalara, kurallara ve teknik \u00f6nlemlere sahip oldu\u011fumuzu d\u00fc\u015f\u00fcn\u00fcyoruz. Ki\u015fisel bilgilerinize eri\u015fimi olan ve bu bilgilerin i\u015flenme s\u00fcre\u00e7lerine dahil olan \u00e7al\u0131\u015fanlar\u0131m\u0131z\u0131n ve veri i\u015fleyicilerimizin tamam\u0131, ziyaret\u00e7ilerimizin bilgilerinin gizlili\u011fine sayg\u0131 g\u00f6stermekle y\u00fck\u00fcml\u00fcd\u00fcr. Bilgilerinizin, yasalarca gerekli olmad\u0131\u011f\u0131 veya d\u00fczenleyici organlar ya da emniyet kurumlar\u0131 taraf\u0131ndan talep edilmedi\u011fi m\u00fcddet\u00e7e, resmi kurulu\u015flara veya yetkililere if\u015fa edilmeyece\u011fini garanti ederiz.\n\n<h3><strong>Bilgilerinize Kimler Eri\u015fecek?<\/strong><\/h3>\n\nBilgileriniz, bu Gizlilik Politikas\u0131nda d\u00fczenlendi\u011fi \u015fekilde, i\u015flemden ge\u00e7irmeleri i\u00e7in a\u015fa\u011f\u0131daki muhataplara if\u015fa edilebilir:\n\n<ul>\n\n\t<li>Sipari\u015finiz etti\u011finiz \u00fcr\u00fcnler ve hizmetlerin sa\u011flay\u0131c\u0131lar\u0131;<\/li>\n\n\t<li>Hizmetlerimiz kullan\u0131larak yap\u0131lan \u00f6deme noktalar\u0131;<\/li>\n\n\t<li>\u00c7al\u0131\u015fanlar\u0131m\u0131z;<\/li>\n\n\t<li>\u0130\u015ftiraklerimiz;<\/li>\n\n\t<li>Grup \u015firketlerimiz ve onlar\u0131n \u00e7al\u0131\u015fanlar\u0131;<\/li>\n\n\t<li>\u0130\u015flerimizi devralacak varislerimiz;<\/li>\n\n\t<li>Bize hizmet sa\u011flama s\u00fcre\u00e7lerinde ki\u015fisel bilgilerinize eri\u015febilecek \u00fc\u00e7\u00fcnc\u00fc taraf dan\u0131\u015fmanlar, alt y\u00fckleniciler veya (BT destek hizmetleri dahil ancak bunlarla s\u0131n\u0131rl\u0131 olmamak \u00fczere) di\u011fer hizmet sa\u011flay\u0131c\u0131lar\u0131;<\/li>\n\n\t<li>\tResmi kurumlar ve emniyet kurumlar\u0131 ve di\u011fer hukuki ve d\u00fczenleyici makamlardan gelen taleplerin gereklerini yerine getirenler; ve<\/li>\n\n\t<li>Ticari ama\u00e7lar\u0131m\u0131z\u0131n herhangi bir biriyle ili\u015fkili olarak bizimle denetleme, asistanl\u0131k veya dan\u0131\u015fmanl\u0131k konusunda birlikte \u00e7al\u0131\u015fan, faaliyet g\u00f6sterdi\u011fimiz b\u00f6lgenin resmi dairelerdeki denet\u00e7iler veya alt y\u00fckleniciler veya di\u011fer dan\u0131\u015fmanlar.<\/li>\n\n<\/ul>\n\n<h3>Bilgilerinizle ili\u015fkili haklar\u0131n\u0131z<\/h3>\n\nBizimle yaz\u0131l\u0131 ileti\u015fim kurarak, Hizmetlerimiz hakk\u0131nda ve bu Hizmetlerin sunulmas\u0131 s\u0131ras\u0131nda toplad\u0131\u011f\u0131m\u0131z Size ait verilerin t\u00fcr\u00fc konusunda istedi\u011finiz zaman bilgi almak isteyebilirsiniz.\n\n\n\nL\u00fctfen bize posta g\u00f6ndermek \u00fczere a\u015fa\u011f\u0131daki adresi kullan\u0131n:\n\n\n\nINSonline Limited\n\nc\/o 29 Howard Street\n\nNorth Shields\n\nTyne and Wear\n\nNE30 1AR\n\n\n\nUnited Kingdom\n\n\n\n\u00a0\n\n\n\nVeya a\u015fa\u011f\u0131daki adresi kullanarak e-posta g\u00f6nderin: <a href=\"mailto:accounts@genesissupport247.com\">accounts@genesissupport247.com<\/a>\n\n\n\nL\u00fctfen ad\u0131n\u0131z\u0131 ve adresinizi belirtin. Sizden ayr\u0131ca, kay\u0131tlar\u0131m\u0131zda tutmam\u0131z gerekti\u011fine inand\u0131\u011f\u0131n\u0131z bilgilerinizle ilgili k\u0131sa bir yaz\u0131l\u0131 bilgilendirme yapman\u0131z\u0131 da isteyebiliriz. Sizin hakk\u0131n\u0131zda tuttu\u011fumuz herhangi bir ki\u015fisel bilgiyi size sa\u011flamadan \u00f6nce kimli\u011finizi kan\u0131tlaman\u0131z\u0131 isteyece\u011fiz. Size bu bilgileri sa\u011flamam\u0131z kapsam\u0131nda idari maliyetin kar\u015f\u0131l\u0131\u011f\u0131 olarak Sizden 25,00 \u00a3 tahsil edece\u011fiz.\n\n<h3>\u00c7erezler<\/h3>\n\nBir web sitesinden bilgisayar\u0131n\u0131z\u0131n sabit diskine aktar\u0131lan bilgi par\u00e7ac\u0131klar\u0131 \u00e7erezler olarak bilinir. \u00c7erezler, Web Sitemizin sizin sitemizde gezinme davran\u0131\u015flar\u0131na dair bilgi toplamas\u0131n\u0131 sa\u011flayarak, Web Sitemizi Sizin i\u00e7in daha kullan\u0131\u015fl\u0131 hale getirmemize yard\u0131m eder. Bir\u00e7ok b\u00fcy\u00fck sitede \u00e7erezler kullan\u0131l\u0131r: Asl\u0131nda ki\u015fiselle\u015ftirilmi\u015f hizmetler sunmak i\u00e7in \u0130nternetin her noktas\u0131nda yayg\u0131n olarak \u00e7erezler kullan\u0131l\u0131r. Bir\u00e7ok taray\u0131c\u0131, \u00e7erezler otomatik olarak kabul edilecek \u015fekilde kurulmu\u015ftur. Web Sitemizi her kullan\u0131\u015f\u0131n\u0131zda \u00e7ereze eri\u015filir. Bu \u015fekilde Sizin Web Sitemizde kulland\u0131\u011f\u0131n\u0131z \u00f6zellikleri, g\u00f6r\u00fcnt\u00fcledi\u011finiz sayfalar\u0131 ve i\u00e7erikleri takip ederek deneyiminizin ki\u015fiselle\u015ftirilmesine yard\u0131mc\u0131 olabiliriz. Taray\u0131c\u0131n\u0131zda \u00e7erez deste\u011fini devre d\u0131\u015f\u0131 b\u0131rakabilirsiniz ancak bu durumda, bir \u00e7erezle birlikte d\u00fczg\u00fcn \u00e7al\u0131\u015fabilecek baz\u0131 \u00f6zellikleri kaybedebilirsiniz.  \u00c7erezlerin toplad\u0131\u011f\u0131 bilgileri kullanarak, sizi ki\u015fi olarak a\u00e7\u0131\u011fa \u00e7\u0131karmadan \u00e7e\u015fitli istatistikler elde edebiliriz.\n\n<h3>R\u0131zan\u0131z\/kabul\u00fcn\u00fcz<\/h3>\n\nHerhangi bir ki\u015fisel bilginizi bize g\u00f6ndererek ve\/veya Hizmetlerimizi kullanarak, bu gizlilik politikas\u0131nda belirtilen bilgilerin kullan\u0131lmas\u0131na r\u0131za g\u00f6stermi\u015f olursunuz. Bu Gizlilik Politikas\u0131na ekleme veya Politikada de\u011fi\u015fiklik yapma hakk\u0131m\u0131z\u0131 sakl\u0131 tutar\u0131z. Ekleme veya de\u011fi\u015fiklik yapt\u0131\u011f\u0131m\u0131z takdirde de\u011fi\u015fiklikler bu sayfada yay\u0131nlanacakt\u0131r. Bize her bilgi g\u00f6nderdi\u011finizde veya Hizmetlerimizi tekrar kulland\u0131\u011f\u0131n\u0131zda Gizlilik Politikas\u0131n\u0131 g\u00f6zden ge\u00e7irmek sizin sorumlulu\u011funuzdur. Web Sitesini ve Hizmetleri kullanman\u0131z, yap\u0131lan herhangi bir de\u011fi\u015fikli\u011fi kabul etti\u011finiz anlam\u0131na gelecektir. \u0130nternet altyap\u0131s\u0131n\u0131n k\u00fcresel niteli\u011finden dolay\u0131, ki\u015fisel bilgilerinizin Avrupa Ekonomik Alan\u0131 (EEA) d\u0131\u015f\u0131nda mukim \u015firketlere aktar\u0131lmas\u0131 gerekebilir. EEA d\u0131\u015f\u0131ndaki \u00fclkelerde verileriniz ve bunlar\u0131n kullan\u0131m\u0131na dair bu Politika ile d\u00fczenlenene benzer \u015fekilde koruma sa\u011flanmayabilir. Bununla beraber, bilgilerinizin g\u00fcvenli\u011finin sa\u011flanmas\u0131 i\u00e7in yukar\u0131da ana hatlar\u0131yla belirtti\u011fimiz \u00f6nlemleri uygulamaya ge\u00e7irmi\u015f bulunuyoruz.\n\n<h3>Di\u011fer web sitelerine g\u00f6nderilen ki\u015fisel bilgilerin kullan\u0131m\u0131<\/h3>\n\n\u00dc\u00e7\u00fcnc\u00fc taraf bir web sitesine, bizim Web Sitemizde yer alan ba\u011flant\u0131lar\u0131 kullanarak eri\u015fmi\u015f olsan\u0131z bile, di\u011fer web sitelerinin gizlilik politikalar\u0131 ve uygulamalar\u0131 hakk\u0131nda bizim hi\u00e7bir sorumlulu\u011fumuz olmayacakt\u0131r. Ziyaret etti\u011finiz her web sitesinin gizlilik politikas\u0131n\u0131 kontrol etmenizi ve politikayla ilgili kayg\u0131lar\u0131n\u0131z veya sorular\u0131n\u0131z olmas\u0131 halinde ilgili web sitesinin sahibi veya operat\u00f6r\u00fcne ula\u015fman\u0131z\u0131 \u00f6neririz.\n\n<h3>Ek bilgiler<\/h3>\n\nVerilerin korunmas\u0131 ve gizlilik konusunda daha fazla bilgi almak veya ki\u015fisel bilgilerinizle ilgili bir istekte bulunmak i\u00e7in bize yaz\u0131n:\n\n\n\nINSonline Limited\n\nc\/o 29 Howard Street\n\nNorth Shields\n\nTyne and Wear\n\nNE30 1AR\n\n\n\nUnited Kingdom\n\n\n\nBize e-posta g\u00f6nderin:\n\n\n\n<a href=\"mailto:accounts@genesissupport247.com\">accounts@genesissupport247.com<\/a>\n\n\n\nVeya bizi telefonla aray\u0131n:\n\n\n\nABD \u00dccretsiz Hat 7\/24 M\u00fc\u015fteri destek numaras\u0131: <a href=\"tel:+18555664408\">+1 8555 664 408<\/a>\n\nBirle\u015fik Krall\u0131k \u00dccretsiz Hat 7\/24 M\u00fc\u015fteri destek numaras\u0131: <a href=\"tel:08000887686\">0800 088 7686<\/a>\n","protected":false},"excerpt":{"rendered":"<p>INS Online Limited, Genesis \u00f6deme ge\u00e7idinin ve ayn\u0131 zamanda Genesissupport247.com internet sitesinin sahibi ve i\u015fleticisidir. INS Online Limited (\u201cINS\u201d, \u201cbiz\u201d ve \u201cbize\u201d), gizlili\u011finizin korunmaya s\u0131k\u0131 s\u0131k\u0131ya ba\u011fl\u0131d\u0131r. Bu bildirim, genesissupport247.com internet sitesi (\u201cWeb Sitesi\u201d) i\u00e7in ge\u00e7erli olan ve ayr\u0131 bir b\u00f6l\u00fcm (\u201cKo\u015fullar\u201d) halinde verilen Ko\u015fullar ve H\u00fck\u00fcmler ile birlikte okunmal\u0131d\u0131r. Bu gizlilik politikas\u0131, bu belgede [&hellip;]<\/p>\n","protected":false},"author":1,"featured_media":0,"parent":0,"menu_order":0,"comment_status":"open","ping_status":"open","template":"","meta":{"footnotes":""},"class_list":["post-244","page","type-page","status-publish","hentry"],"_links":{"self":[{"href":"https:\/\/www.genesissupport247.com\/tr\/wp-json\/wp\/v2\/pages\/244","targetHints":{"allow":["GET"]}}],"collection":[{"href":"https:\/\/www.genesissupport247.com\/tr\/wp-json\/wp\/v2\/pages"}],"about":[{"href":"https:\/\/www.genesissupport247.com\/tr\/wp-json\/wp\/v2\/types\/page"}],"author":[{"embeddable":true,"href":"https:\/\/www.genesissupport247.com\/tr\/wp-json\/wp\/v2\/users\/1"}],"replies":[{"embeddable":true,"href":"https:\/\/www.genesissupport247.com\/tr\/wp-json\/wp\/v2\/comments?post=244"}],"version-history":[{"count":4,"href":"https:\/\/www.genesissupport247.com\/tr\/wp-json\/wp\/v2\/pages\/244\/revisions"}],"predecessor-version":[{"id":666,"href":"https:\/\/www.genesissupport247.com\/tr\/wp-json\/wp\/v2\/pages\/244\/revisions\/666"}],"wp:attachment":[{"href":"https:\/\/www.genesissupport247.com\/tr\/wp-json\/wp\/v2\/media?parent=244"}],"curies":[{"name":"wp","href":"https:\/\/api.w.org\/{rel}","templated":true}]}}