{"id":212,"date":"2015-08-13T09:11:30","date_gmt":"2015-08-13T09:11:30","guid":{"rendered":"http:\/\/genesissupport247.com\/tr\/terms-conditions\/"},"modified":"2018-01-03T06:19:16","modified_gmt":"2018-01-03T06:19:16","slug":"terms-conditions","status":"publish","type":"page","link":"https:\/\/www.genesissupport247.com\/tr\/terms-conditions\/","title":{"rendered":"Ko\u015fullar ve H\u00fck\u00fcmler"},"content":{"rendered":"<h4>BU WEB S\u0130TES\u0130N\u0130 KULLANMADAN \u00d6NCE L\u00dcTFEN BU KO\u015eULLARI D\u0130KKATLE OKUYUN<\/h4>\n\n<h3>G\u0130R\u0130\u015e<\/h3>\n\n<a href=\"https:\/\/www.genesissupport247.com\">genesissupport247.com<\/a> adresindeki Web Sitesi\u2019nin (a\u015fa\u011f\u0131da tan\u0131mland\u0131\u011f\u0131 haliyle \u201c\u015eirketin Sitesi\u201d) sahibi INSonline Limited (\u201c\u015eirket\u201d) \u015firketidir. \u015eirket, kendilerine ait, i\u015fler durumda web siteleri ve\/veya fiziksel POS \u00f6deme sistemleri bulunan t\u00fcccarlara (\u201cT\u00fcccar\u201d) \u00f6deme alma\/g\u00f6nderme hizmetleri (\u201cHizmetler\u201d) sunmaktad\u0131r. Bu t\u00fcccarlardan mal veya hizmet sat\u0131n al\u0131rken ve \u015eirket\u2019in \u00f6deme alma\/g\u00f6nderme hizmetlerini kullan\u0131rken, bu Ko\u015fullar ve H\u00fck\u00fcmler\u2019e ve ayn\u0131 zamanda al\u0131\u015fveri\u015f yapt\u0131\u011f\u0131n\u0131z t\u00fcccar\u0131n ko\u015fullar\u0131 ve h\u00fck\u00fcmlerine ba\u011fl\u0131 kalmay\u0131 kabul edersiniz. Bu Ko\u015fullar ve H\u00fck\u00fcmler ile, T\u00fcccar\u2019\u0131n ko\u015fullar\u0131 ve h\u00fck\u00fcmleri aras\u0131nda bir uyu\u015fmazl\u0131k olmas\u0131 halinde, bu Ko\u015fullar ve H\u00fck\u00fcmler\u2019in \u00f6nceli\u011fi olacakt\u0131r.\n\n\n\nSat\u0131n ald\u0131\u011f\u0131n\u0131z mallar\u0131n ve hizmetlerin kalitesinin tek sorumlusu T\u00fcccar\u2019d\u0131r.\n\n\n\nBu s\u00f6zle\u015fmede, \u015eirket taraf\u0131ndan herhangi bir zamanda de\u011fi\u015fiklik yap\u0131labilir. De\u011fi\u015fiklikler, \u00f6nceden haber verilmeksizin, \u015eirket\u2019in Site\u2019sinde yay\u0131nland\u0131\u011f\u0131 andan itibaren ge\u00e7erli olacakt\u0131r.\n\n<h3>Tan\u0131mlar<\/h3>\n\nBu Ko\u015fullar ve H\u00fck\u00fcmler\u2019de, a\u015fa\u011f\u0131daki ifadeler, ba\u011flamlar\u0131 izin verdi\u011fi \u00f6l\u00e7\u00fcde, a\u015fa\u011f\u0131daki anlamlara sahip olacakt\u0131r:\n\n\n\n<strong>&#8220;Yer \u0130mi Koyma&#8221;<\/strong>\n\nTaray\u0131c\u0131n\u0131zda ge\u00e7ici bir dosyaya bir URL yerle\u015ftirme i\u015flemine verilen add\u0131r. Yer imi koyarak, ileride bu sayfaya ula\u015fmak i\u00e7in ba\u015fka sayfalara u\u011framak zorunda kalmadan, do\u011frudan bu sayfaya eri\u015febilirsiniz.\n\n\n\n<strong>&#8220;\u015eirket\u2019in Sitesi&#8221;\n\n<\/strong><a href=\"https:\/\/www.genesissupport247.com\">genesissupport247.com<\/a> adresinde bulunan web sitesini belirtir.\n\n\n\n<strong>&#8220;T\u00fcccar\u2019\u0131n Sitesi&#8221;\n\n<\/strong>T\u00fcccar\u0131n web sitesini belirtir.\n\n\n\n<strong>&#8220;Siz&#8221;\n\n<\/strong>Bizim Hizmetlerimizi kullanarak T\u00fcccar\u2019\u0131n Site\u2019si arac\u0131l\u0131\u011f\u0131yla ula\u015f\u0131lan mallar\u0131 ve hizmetleri sat\u0131n alan ki\u015fiyi belirtir.\n\n<h3>Hizmetler<\/h3>\n\n\u015eirket, T\u00fcccar\u2019\u0131n Sitesi\u2019nden yapt\u0131\u011f\u0131n\u0131z t\u00fcm mal ve hizmet al\u0131\u015fveri\u015flerinde kulland\u0131\u011f\u0131n\u0131z Hizmetleri ile ili\u015fkili t\u00fcm sorular\u0131n\u0131za dair destek sa\u011flayacakt\u0131r.\n\n<h3>Fatura Belgeleri<\/h3>\n\nYap\u0131lan t\u00fcm \u00fccretlendirmeler i\u00e7in kredi kart\u0131n\u0131zda, banka ekstresinde veya telefon faturan\u0131zda, genelde k\u0131saltma halinde, T\u00fcccar\u2019\u0131n Sitesi, kimi zaman \u015eirket\u2019in Sitesi ve de \u015eirket\u2019in M\u00fc\u015fteri Hizmetleri yard\u0131m masas\u0131na istedi\u011finiz zaman eri\u015fmeniz i\u00e7in m\u00fc\u015fteri hizmeti telefon numaras\u0131 g\u00f6r\u00fcnecektir. \u015eirket, size g\u00f6nderilen belgelere kredi kart\u0131 kurulu\u015flar\u0131na ait mevzuat dahil olmak \u00fczere ilgili mevzuatla ilgili ba\u015fka bilgiler de dahil edebilir.\n\n<h3>Mal ve Hizmetlere Dair Y\u00fck\u00fcml\u00fcl\u00fck<\/h3>\n\n\u015eirket\u2019in T\u00fcccar taraf\u0131ndan sunulan herhangi bir mal veya hizmet \u00fczerinde denetimi yoktur; sadece Size ve T\u00fcccar\u2019a sa\u011flad\u0131\u011f\u0131 Hizmetler \u00fczerinde denetim sahibidir.\n\n\n\nHemen \u00f6nceki paragrafa ra\u011fmen \u015eirket, tamamen kendi takdirine ba\u011fl\u0131 olmak \u00fczere, kendi Hizmetleri arac\u0131l\u0131\u011f\u0131yla T\u00fcccar\u2019\u0131n Sitesinden sat\u0131n ald\u0131\u011f\u0131n\u0131z ancak teslim edilmeyen ya da ar\u0131zal\u0131 veya sat\u0131lamaz nitelikte g\u00f6rd\u00fc\u011f\u00fc mallar\u0131n ve hizmetlerin bedelini tazmin edebilir.\n\n\n\nBu Ko\u015fullar ve H\u00fck\u00fcmler\u2019de yer alan hi\u00e7bir ifade, bizim ihmalimiz veya yanl\u0131\u015f davran\u0131\u015f\u0131m\u0131z sonucu ortaya \u00e7\u0131kan \u00f6l\u00fcm veya ki\u015fisel yaralanma durumunda sorumluluklar\u0131m\u0131z\u0131n s\u0131n\u0131rland\u0131r\u0131lmas\u0131 olarak yorumlanamaz. \u015eirket\u2019in Sitesinde veya ba\u015fka bir yerde olsun, bizim veya herhangi bir \u00e7al\u0131\u015fan\u0131m\u0131z\u0131n, acentemizin veya alt y\u00fcklenicilerimizin ihmali sonucu olsun, tavsiye veya bilgi verilmemesi ya da yanl\u0131\u015f tavsiye veya bilgi verilmesi sonucunda ortaya \u00e7\u0131kan hasar, kay\u0131p veya masraflar i\u00e7in hi\u00e7bir y\u00fck\u00fcml\u00fcl\u00fc\u011f\u00fcm\u00fcz olmayacakt\u0131r.\n\n\n\n\u015eirket\u2019in Hizmetleri\u2019ne ili\u015fkin, bu hizmet kullan\u0131m ko\u015fullar alt\u0131nda d\u00fczenlenen y\u00fck\u00fcml\u00fcl\u00fckleri, yasalar taraf\u0131ndan zorunlu olanlar hari\u00e7 olmak \u00fczere, \u00f6rt\u00fck veya a\u00e7\u0131k, nizami veya ba\u015fka \u015fekilde olsun, di\u011fer t\u00fcm garantiler, durumlar, ko\u015fullar ve y\u00fck\u00fcml\u00fcl\u00fckler yerine ve hari\u00e7 olmak \u00fczere ge\u00e7erli olacakt\u0131r.\n\n\n\n\u015eirket\u2019in Hizmetleri\u2019ndeki kusurlar veya bunlar\u0131n kullan\u0131lamamas\u0131 durumunda veya bu t\u00fcr kusur veya ar\u0131zalanmalar sonucu ortaya \u00e7\u0131kan hasar veya kay\u0131plar s\u00f6z konusu oldu\u011funda s\u00f6zle\u015fmeden, haks\u0131z fiilden veya ba\u015fka bir nedenden dolay\u0131 olsun, bu hizmet kullan\u0131m ko\u015fullar\u0131nda belirtilenler haricinde bir y\u00fck\u00fcml\u00fcl\u00fc\u011f\u00fc olmayacakt\u0131r.\n\n\n\nBizim taraf\u0131m\u0131zdan ortaya konulan hi\u00e7bir s\u00f6zle\u015fme ihlali veya haks\u0131z fiil (ihmal ve yasal y\u00fck\u00fcml\u00fcl\u00fcklerin ihlali dahil) veya bizim, \u00e7al\u0131\u015fanlar\u0131m\u0131z\u0131n, acentelerimizin veya alt y\u00fcklenicilerimizin hi\u00e7bir hatas\u0131, her ne nedenle olu\u015fursa olu\u015fsun herhangi bir gelir kayb\u0131 veya do\u011frudan veya dolayl\u0131 kay\u0131p veya hasar i\u00e7in y\u00fck\u00fcml\u00fc olaca\u011f\u0131m\u0131z anlam\u0131na gelmeyecektir.\n\n\n\nS\u00f6zle\u015fmeden, haks\u0131z fiilden veya ba\u015fka bir nedenden dolay\u0131 olsun Hizmetlerimiz\u2019deki herhangi bir kusur veya aksama kar\u015f\u0131s\u0131ndaki y\u00fck\u00fcml\u00fcl\u00fc\u011f\u00fcm\u00fcz veya Siz\u2019e bu s\u00f6zle\u015fme kapsam\u0131nda bor\u00e7lu oldu\u011fumuz herhangi bir g\u00f6rev, Hizmetler\u2019in tedarik etme miktar\u0131n\u0131n geri \u00f6deme toplam\u0131yla s\u0131n\u0131rland\u0131r\u0131lacakt\u0131r.\n\n<h3>Elektronik Fatura<\/h3>\n\nHizmetlerimiz\u2019i kullanan T\u00fcccar\u2019dan her mal veya hizmet sat\u0131n ald\u0131\u011f\u0131n\u0131zda, e-posta adresinize bir elektronik fatura g\u00f6nderilecektir. E-posta ile g\u00f6nderilen bu verileri ve bilgileri istedi\u011finiz zaman tekrar talep edebilirsiniz. \u015eirket\u2019e ula\u015fmak i\u00e7in l\u00fctfen bu belgenin en alt k\u0131sm\u0131nda yer alan ileti\u015fim bilgilerini kullan\u0131n.\n\n<h3>Sipari\u015flerin \u0130ptali<\/h3>\n\nMe\u015fru bir gerek\u00e7e veya a\u00e7\u0131k\u00e7a kabul edilebilecek bir neden olmaks\u0131z\u0131n T\u00fcccar\u2019dan sipari\u015f iptali veya geri \u00f6deme istemeniz halinde \u015eirket, kendi mutlak takdirine ba\u011fl\u0131 olmak \u00fczere, \u015fimdi ve gelecekte Hizmet sunan ve sunacak olan T\u00fcccar veya ba\u015fka bir T\u00fcccar arac\u0131l\u0131\u011f\u0131yla Sizin Hizmetler\u2019e eri\u015fiminizi engelleyebilir.\n\n<h3>Geri \u00f6demeler<\/h3>\n\n\u015eirket\u2019in size geri \u00f6deme yapmas\u0131 halinde, geri \u00f6demeyi sadece as\u0131l i\u015flemi yapmak i\u00e7in kulland\u0131\u011f\u0131n\u0131z \u00f6deme y\u00f6ntemi ile alabileceksiniz. \u015eirket nakit, \u00e7ekle veya ba\u015fka bir kredi kart\u0131na veya \u00f6deme mekanizmas\u0131yla \u00f6deme yapmaz.\n\n<h3>Yer \u0130mi Koyma<\/h3>\n\n\u015eirket\u2019in Sitesi\u2019nde bir sayfaya yer imi koyamazs\u0131n\u0131z, bunun amac\u0131 Sizi \u015eirket\u2019in hizmet kullan\u0131m ko\u015fullar\u0131na y\u00f6nlendirmektir. Hizmet kullan\u0131m ko\u015fullar\u0131n\u0131 okumaya mecbur olmamakla birlikte, bunlar\u0131 okuman\u0131z bu ko\u015fullar\u0131 kabul etti\u011finiz anlam\u0131na gelecektir.\n\n<h3>Kullan\u0131m Yetkisi<\/h3>\n\n\u015eirket\u2019i, T\u00fcccar\u2019\u0131 veya ba\u015fka bir ki\u015fiyi yanl\u0131\u015f y\u00f6nlendirmeye \u00e7al\u0131\u015fmak amac\u0131yla do\u011fru olmayan veya g\u00fcvenilmeyen ileti\u015fim bilgileri sa\u011flamak suretiyle ba\u015fka bir ki\u015fiyi taklit edemez, sahte bir ad veya kullanma yetkiniz olmayan bir ad\u0131 kullanamaz, sahte bir kimlik, k\u00f6ken veya e-posta adresi olu\u015fturamazs\u0131n\u0131z. \u015eirket\u2019in Hizmetleri\u2019ni bu hizmet kullan\u0131m ko\u015fullar\u0131yla veya yasalarca yasaklanan bir ama\u00e7 veya yolla kullanamazs\u0131n\u0131z. Sizin bu taahh\u00fctnameyi do\u011frudan veya dolayl\u0131 olarak herhangi bir \u015fekilde ihlal etmeniz sonucu \u015eirket\u2019in, g\u00f6revlilerinin veya \u00e7al\u0131\u015fanlar\u0131n\u0131n herhangi bir kayb\u0131 veya ma\u011fduriyeti s\u00f6z konusu oldu\u011funda \u015eirket\u2019i, g\u00f6revlilerini veya \u00e7al\u0131\u015fanlar\u0131n\u0131 tazmin etmeyi kabul edersiniz. \u015eirket\u2019in Hizmetleri\u2019ni kullanmakla ilgili t\u00fcm riskin size ait oldu\u011funu kabul edersiniz. \u015eirket, \u015eirket\u2019in Sitesi\u2019nde yer veya herhangi bir ama\u00e7la verilen bilgilerin uygunlu\u011fu, g\u00fcvenilirli\u011fi, zaman\u0131nda verilmesi ve\/veya do\u011frulu\u011fu hakk\u0131nda herhangi t\u00fcrde bir temsilde bulunmaz veya garanti vermez. \u015eirket, kalite memnuniyeti, kullan\u0131labilirlik, ihlal durumunun olu\u015fmamas\u0131, b\u00fct\u00fcnl\u00fck ve belirli bir amaca uygunluk garantileri dahil olmak ancak bunlarla s\u0131n\u0131rl\u0131 olmamak \u00fczere bu bilgilere ili\u015fkin her t\u00fcrl\u00fc garantiyi ve ko\u015fulu a\u00e7\u0131k bir \u015fekilde reddeder.\n\n\n\nT\u00fcccar\u2019\u0131n Site\u2019sinde reklamlar yer alabilir. \u015eirket, bu reklamlardan sorumlu olmad\u0131\u011f\u0131 gibi bunlar\u0131n i\u00e7eri\u011fini teyit etmez ve bu reklamlardaki herhangi bir hata veya yanl\u0131\u015fl\u0131k konusunda hi\u00e7bir sorumluluk kabul etmez.\n\n\n\n\u015eirket\u2019in, bir vir\u00fcs veya g\u00fcvenlik ihlali sonucu meydana gelen herhangi t\u00fcrde bir kay\u0131p veya hasar durumunda sorumlulu\u011fu olmayacakt\u0131r. \u015eirket, \u015eirket\u2019in Hizmetleri\u2019nin bilgisayar sisteminiz, yaz\u0131l\u0131mlar\u0131n\u0131z veya donan\u0131m\u0131n\u0131z ile uyumlulu\u011fu konusunda herhangi bir garanti vermez.\n\n\n\n\u015eirket, \u015eirket\u2019in Sitesi\u2019nin kullan\u0131m\u0131ndan veya performans\u0131ndan, Hizmetler\u2019in tedarik edilmemesinden veya aksamas\u0131ndan, \u015eirket\u2019in Site\u2019sinde yer alan herhangi bir bilgiden veya \u015eirket\u2019in Site\u2019sinin ba\u015fka bir \u015fekilde kullan\u0131m\u0131 sonucu meydana gelen ancak sadece bunlarla s\u0131n\u0131rl\u0131 olmayan, ister s\u00f6zle\u015fmeden, ister haks\u0131z fiilden isterse ba\u015fka bir zeminden kaynaklans\u0131n, kullan\u0131m kayb\u0131 dahil olu\u015fan hi\u00e7bir hasardan sorumlu olmayacakt\u0131r.\n\n\n\n\u015eirket\u2019in Site\u2019sinin veya Hizmetler\u2019inin herhangi bir k\u0131sm\u0131ndan veya bu hizmet kullan\u0131m ko\u015fullar\u0131n\u0131n herhangi bir maddesinden memnun de\u011filseniz, bu ko\u015fullarda \u00f6zel olarak belirtilmedi\u011fi m\u00fcddet\u00e7e, yapabilece\u011finiz tek \u015fey \u015eirket\u2019in Site\u2019sini veya Hizmetleri\u2019ni kullanmay\u0131 durdurmak olacakt\u0131r.\n\n\n\nBu hizmet kullan\u0131m ko\u015fullar\u0131nda yer alan maddelere ra\u011fmen \u015eirket, kendi ihmali sonucu ortaya \u00e7\u0131kan \u00f6l\u00fcm veya yaralanma durumunda y\u00fck\u00fcml\u00fcl\u00fcklerini reddetmez. Bu s\u00f6zle\u015fmenin herhangi bir ko\u015fulunu ihlal etmeniz halinde \u015eirket, \u015eirket\u2019in Hizmetleri\u2019ni kullan\u0131m\u0131n\u0131z\u0131 sonland\u0131rma hakk\u0131n\u0131 sakl\u0131 tutar.\n\n<h3>Genel<\/h3>\n\nT\u00fcccar\u2019dan mal veya hizmet sat\u0131n almak \u00fczere \u015eirket\u2019in Site\u2019sine ve\/veya Hizmetleri\u2019ne eri\u015fmek i\u00e7in ba\u011fl\u0131 oldu\u011funuz t\u00fcm yarg\u0131lama makamlar\u0131n\u0131n kanunlar\u0131na tabi oldu\u011funuzu ve bunlara uygun davranaca\u011f\u0131n\u0131z\u0131 garanti edersiniz. Bilhassa yerel yasalara uygun davranmaktan sorumlusunuz. \u015eirket, \u015eirket\u2019in Site\u2019sine yapt\u0131\u011f\u0131n\u0131z ziyaretleri izleme ve takip etme hakk\u0131n\u0131 sakl\u0131 tutar. \u015eirket\u2019in bu hizmet kullan\u0131m ko\u015fullar\u0131n\u0131 y\u00fcr\u00fcrl\u00fc\u011fe koymada ba\u015far\u0131s\u0131z olmas\u0131 veya gecikmesi, ilgili ko\u015fuldan veya bu ko\u015fullar\u0131n di\u011fer maddelerinden feragat edildi\u011fi anlam\u0131na gelmeyecektir. Bu hizmet kullan\u0131m ko\u015fullar\u0131n\u0131n hi\u00e7bir maddesi, herhangi bir \u00fc\u00e7\u00fcnc\u00fc taraf\u00e7a \u0130ngiliz S\u00f6zle\u015fmeleri (\u00dc\u00e7\u00fcnc\u00fc Taraflar\u0131n Haklar\u0131) Yasas\u0131 1999 (veya herhangi bir yarg\u0131 merciindeki e\u015fde\u011feri) alt\u0131nda y\u00fcr\u00fcrl\u00fc\u011fe konulamaz.\n\n\n\nBu feragatnameler ve istisnalar\u0131n herhangi bir maddesinin yasa d\u0131\u015f\u0131, h\u00fck\u00fcms\u00fcz veya herhangi bir nedenle y\u00fcr\u00fcrl\u00fc\u011fe konulamaz bulunmas\u0131 halinde, ilgili madde b\u00f6l\u00fcnebilir kabul edilecek ve di\u011fer maddelerin ge\u00e7erlili\u011fini ve y\u00fcr\u00fcrl\u00fc\u011fe konulabilirli\u011fini etkilemeyecektir. Bu hizmet kullan\u0131m ko\u015fullar\u0131 Sizin ile \u015eirket aras\u0131nda, sizin \u015eirket\u2019in Site\u2019sini kullan\u0131m\u0131n\u0131z\u0131 ve\/veya \u015eirket\u2019in size Hizmetlerini tedarik etmesini d\u00fczenleyen anla\u015fman\u0131n tamam\u0131n\u0131 olu\u015fturur ve \u00f6ncesinde yap\u0131lm\u0131\u015f olan herhangi bir s\u00f6zle\u015fmeyi veya temsili h\u00fck\u00fcms\u00fcz k\u0131lar.\n\n\n\nBu hizmet kullan\u0131m ko\u015fullar\u0131n\u0131n a\u00e7\u0131k maddeleri t\u00fcz\u00fckle, i\u00e7tihat hukukuyla, g\u00fcmr\u00fck ve ticari kullan\u0131m yasalar\u0131, a\u00e7\u0131kta kalan noktalar\u0131 yorumlayan yasalar veya di\u011fer t\u00fcm yasalar\u0131n kapsam\u0131nda olan t\u00fcm garantileri, ko\u015fullar\u0131, h\u00fck\u00fcmleri, taahh\u00fctleri ve y\u00fck\u00fcml\u00fcl\u00fckleri i\u00e7erir ve bunlar\u0131n t\u00fcm\u00fcn\u00fc yasalarca izin verilen en geni\u015f kapsamda hari\u00e7 tutar.\n\n\n\nBizlerden birinin bu hizmet kullan\u0131m ko\u015fullar\u0131 uyar\u0131nca veya bunlarla ili\u015fkili olarak sa\u011flayaca\u011f\u0131m\u0131z t\u00fcm bildirimler, bunlar\u0131n sizin Hizmetler\u2019i kullan\u0131rken sa\u011flad\u0131\u011f\u0131n\u0131z e-posta adresinize veya bizim a\u015fa\u011f\u0131daki e-posta adresimize iletildi\u011fi andan itibaren yeterli g\u00f6r\u00fclecektir: <a href=\"mailto:accounts@genesissupport247.com\">accounts@genesissupport247.com<\/a>\n\n\n\nBu Ko\u015fullar ve H\u00fck\u00fcmler \u0130ngiliz yasalar\u0131na tabidir. \u0130ngiliz mahkemelerinin m\u00fcnhas\u0131r olmayan yarg\u0131 hakk\u0131 ve yetkisine ibraz edersiniz.\n\n<h3>TEL\u0130F HAKKI VE T\u0130CAR\u0130 MARKA B\u0130LD\u0130R\u0130MLER\u0130<\/h3>\n\n\u015eirket\u2019in sitesinin ve burada kullan\u0131lan ticari markalar\u0131n i\u00e7eri\u011finin tamam\u0131:\n\nTelif haklar\u0131yla korunmaktad\u0131r ve \u015eirket\u2019in m\u00fclkiyetindedir.\n\n<h3>A\u015fa\u011f\u0131daki ileti\u015fim bilgilerini kullanarak bize ula\u015fabilirsiniz:<\/h3>\n\nABD \u00dccretsiz Hat 7\/24 M\u00fc\u015fteri destek numaras\u0131: +1 8555 664 408\n\nBirle\u015fik Krall\u0131k \u00dccretsiz Hat 7\/24 M\u00fc\u015fteri destek numaras\u0131: 0800 088 7686\n\nE-posta: <a href=\"mailto:accounts@genesissupport247.com\">accounts@genesissupport247.com<\/a>\n\n<h4>Bize a\u015fa\u011f\u0131daki adresi kullanarak posta g\u00f6nderebilirsiniz:<\/h4>\n\nINSonline Limited\n\n\n\nPALOMA COURT\n\nStasikratous 16\n\n7th floor, Suite 701\n\n1065 Nicosia\n\n\n\nCyprus\n","protected":false},"excerpt":{"rendered":"<p>BU WEB S\u0130TES\u0130N\u0130 KULLANMADAN \u00d6NCE L\u00dcTFEN BU KO\u015eULLARI D\u0130KKATLE OKUYUN G\u0130R\u0130\u015e genesissupport247.com adresindeki Web Sitesi\u2019nin (a\u015fa\u011f\u0131da tan\u0131mland\u0131\u011f\u0131 haliyle \u201c\u015eirketin Sitesi\u201d) sahibi INSonline Limited (\u201c\u015eirket\u201d) \u015firketidir. \u015eirket, kendilerine ait, i\u015fler durumda web siteleri ve\/veya fiziksel POS \u00f6deme sistemleri bulunan t\u00fcccarlara (\u201cT\u00fcccar\u201d) \u00f6deme alma\/g\u00f6nderme hizmetleri (\u201cHizmetler\u201d) sunmaktad\u0131r. Bu t\u00fcccarlardan mal veya hizmet sat\u0131n al\u0131rken ve \u015eirket\u2019in \u00f6deme [&hellip;]<\/p>\n","protected":false},"author":1,"featured_media":0,"parent":0,"menu_order":0,"comment_status":"open","ping_status":"open","template":"","meta":{"footnotes":""},"class_list":["post-212","page","type-page","status-publish","hentry"],"_links":{"self":[{"href":"https:\/\/www.genesissupport247.com\/tr\/wp-json\/wp\/v2\/pages\/212","targetHints":{"allow":["GET"]}}],"collection":[{"href":"https:\/\/www.genesissupport247.com\/tr\/wp-json\/wp\/v2\/pages"}],"about":[{"href":"https:\/\/www.genesissupport247.com\/tr\/wp-json\/wp\/v2\/types\/page"}],"author":[{"embeddable":true,"href":"https:\/\/www.genesissupport247.com\/tr\/wp-json\/wp\/v2\/users\/1"}],"replies":[{"embeddable":true,"href":"https:\/\/www.genesissupport247.com\/tr\/wp-json\/wp\/v2\/comments?post=212"}],"version-history":[{"count":4,"href":"https:\/\/www.genesissupport247.com\/tr\/wp-json\/wp\/v2\/pages\/212\/revisions"}],"predecessor-version":[{"id":662,"href":"https:\/\/www.genesissupport247.com\/tr\/wp-json\/wp\/v2\/pages\/212\/revisions\/662"}],"wp:attachment":[{"href":"https:\/\/www.genesissupport247.com\/tr\/wp-json\/wp\/v2\/media?parent=212"}],"curies":[{"name":"wp","href":"https:\/\/api.w.org\/{rel}","templated":true}]}}