{"id":258,"date":"2015-07-10T07:43:34","date_gmt":"2015-07-10T07:43:34","guid":{"rendered":"http:\/\/genesissupport247.com\/pt-br\/sample-page-2\/"},"modified":"2018-01-10T06:58:43","modified_gmt":"2018-01-10T06:58:43","slug":"sample-page-2","status":"publish","type":"page","link":"https:\/\/www.genesissupport247.com\/pt-br\/","title":{"rendered":"A GenesisSupport24\/7 fornece suporte a nossos clientes de e-commerce"},"content":{"rendered":"Se voc\u00ea comprou produtos f\u00edsicos ou digitais ou uma assinatura no site do comerciante, visite o site onde voc\u00ea fez essa compra ou assinatura primeiro para obter informa\u00e7\u00f5es de contato apropriadas. Se voc\u00ea precisa de mais assist\u00eancia, fique \u00e1 vontade para entrar em contato conosco usando as informa\u00e7\u00f5es abaixo.\n","protected":false},"excerpt":{"rendered":"<p>Se voc\u00ea comprou produtos f\u00edsicos ou digitais ou uma assinatura no site do comerciante, visite o site onde voc\u00ea fez essa compra ou assinatura primeiro para obter informa\u00e7\u00f5es de contato apropriadas. Se voc\u00ea precisa de mais assist\u00eancia, fique \u00e1 vontade para entrar em contato conosco usando as informa\u00e7\u00f5es abaixo.<\/p>\n","protected":false},"author":1,"featured_media":816,"parent":0,"menu_order":0,"comment_status":"closed","ping_status":"closed","template":"","meta":{"footnotes":""},"class_list":["post-258","page","type-page","status-publish","has-post-thumbnail","hentry"],"_links":{"self":[{"href":"https:\/\/www.genesissupport247.com\/pt-br\/wp-json\/wp\/v2\/pages\/258","targetHints":{"allow":["GET"]}}],"collection":[{"href":"https:\/\/www.genesissupport247.com\/pt-br\/wp-json\/wp\/v2\/pages"}],"about":[{"href":"https:\/\/www.genesissupport247.com\/pt-br\/wp-json\/wp\/v2\/types\/page"}],"author":[{"embeddable":true,"href":"https:\/\/www.genesissupport247.com\/pt-br\/wp-json\/wp\/v2\/users\/1"}],"replies":[{"embeddable":true,"href":"https:\/\/www.genesissupport247.com\/pt-br\/wp-json\/wp\/v2\/comments?post=258"}],"version-history":[{"count":1,"href":"https:\/\/www.genesissupport247.com\/pt-br\/wp-json\/wp\/v2\/pages\/258\/revisions"}],"predecessor-version":[{"id":706,"href":"https:\/\/www.genesissupport247.com\/pt-br\/wp-json\/wp\/v2\/pages\/258\/revisions\/706"}],"wp:featuredmedia":[{"embeddable":true,"href":"https:\/\/www.genesissupport247.com\/pt-br\/wp-json\/wp\/v2\/media\/816"}],"wp:attachment":[{"href":"https:\/\/www.genesissupport247.com\/pt-br\/wp-json\/wp\/v2\/media?parent=258"}],"curies":[{"name":"wp","href":"https:\/\/api.w.org\/{rel}","templated":true}]}}