{"id":243,"date":"2015-07-14T06:03:48","date_gmt":"2015-07-14T06:03:48","guid":{"rendered":"http:\/\/genesissupport247.com\/pt-br\/privacy-policy\/"},"modified":"2018-01-03T06:19:06","modified_gmt":"2018-01-03T06:19:06","slug":"privacy-policy","status":"publish","type":"page","link":"https:\/\/www.genesissupport247.com\/pt-br\/privacy-policy\/","title":{"rendered":"Pol\u00edtica de Privacidade"},"content":{"rendered":"A INS online Limited \u00e9 propriet\u00e1ria e opera o portal de pagamento Genesis e tamb\u00e9m o site Genesissupport247.com. A INS online Limited (&#8220;INS&#8221; e &#8220;n\u00f3s&#8221;) est\u00e1 comprometida em proteger a sua privacidade.\n\n\n\nEste comunicado deve ser lido junto com os nossos Termos e Condi\u00e7\u00f5es para o <a href=\"https:\/\/www.genesissupport247.com\">genesissupport247.com<\/a> (o &#8220;Site&#8221;) dos quais ele faz parte (os &#8220;Termos&#8221;).\n\n\n\nEsta pol\u00edtica de privacidade, conforme descrita neste documento, explica como usamos as informa\u00e7\u00f5es que coletamos sobre voc\u00ea, como voc\u00ea pode entrar em contato conosco caso prefira limitar o uso dessas informa\u00e7\u00f5es e procedimentos que dispomos em vigor para proteger a sua privacidade.\n\n\n\nVoc\u00ea pode visitar o site sem revelar quaisquer informa\u00e7\u00f5es pessoalmente identific\u00e1veis sobre si mesmo. \n\n\n\nAo utilizar os nossos servi\u00e7os de processamento de pagamentos e o site, ou enviando-nos informa\u00e7\u00f5es atrav\u00e9s de ou em conex\u00e3o com o site, conhecidos coletivamente como os nossos Servi\u00e7os, voc\u00ea aceita a nossa coleta, uso e divulga\u00e7\u00e3o de suas informa\u00e7\u00f5es pessoais, de acordo com esta pol\u00edtica de privacidade. Se n\u00e3o concordar com esta Pol\u00edtica de Privacidade, voc\u00ea n\u00e3o deve usar os nossos servi\u00e7os de processamento de pagamentos ou o site, ou enviar-nos informa\u00e7\u00f5es atrav\u00e9s de ou em conex\u00e3o com o site.\n\n\n\nEsta Pol\u00edtica de Privacidade \u00e9 suplementar aos Termos e Condi\u00e7\u00f5es que geralmente regem o uso dos nossos servi\u00e7os.  As cita\u00e7\u00f5es definidas nesses Termos e Condi\u00e7\u00f5es correspondem aos mesmos significados presentes nesta Pol\u00edtica de Privacidade.\n\n<h3>As informa\u00e7\u00f5es que coletamos e como as usamos. <\/h3>\n\nUsaremos, armazenaremos ou processaremos quaisquer informa\u00e7\u00f5es pessoais que relaciona e identifica voc\u00ea, incluindo, mas n\u00e3o limitadas a seu nome, endere\u00e7o postal, endere\u00e7o de e-mail, n\u00fameros de telefone, oss se n\u00fameros dos cart\u00f5es pr\u00e9-pago, de cr\u00e9dito ou de d\u00e9bito e as datas de validade e quaisquer outras informa\u00e7\u00f5es coletadas por n\u00f3s durante e ap\u00f3s o processamento do seu pagamento, e, em geral, o uso de nossos servi\u00e7os na medida do razoavelmente necess\u00e1rio para fornecer tais servi\u00e7os a voc\u00ea. N\u00f3s processamos essas informa\u00e7\u00f5es com a finalidade de:\n\n<ul>\n\n\t<li>facilitar o cumprimento da sua transa\u00e7\u00e3o;<\/li>\n\n\t<li>lidar com suas d\u00favidas e seus pedidos;<\/li>\n\n\t<li>fornecer e personalizar os nossos servi\u00e7os;<\/li>\n\n\t<li>processar o seu pagamento;<\/li>\n\n\t<li>fins de an\u00e1lise de risco e de fraude para proteger os seus dados pessoais e financeiros;<\/li>\n\n\t<li>nossos pr\u00f3prios servi\u00e7os de an\u00e1lise de neg\u00f3cios a fim de melhorar os nossos servi\u00e7os para para voc\u00ea. Tamb\u00e9m coletamos essas informa\u00e7\u00f5es e estat\u00edsticas para fins de uso de monitoramento dos nossos servi\u00e7os, e podemos fornecer essas informa\u00e7\u00f5es a terceiros selecionados cuidadosamente em forma de resumo sem compartilhar quaisquer dados detalhados de transa\u00e7\u00f5es individuais.<\/li>\n\n<\/ul>\n\nTamb\u00e9m reunimos informa\u00e7\u00f5es e estat\u00edsticas para fins de monitorar o uso dos nossos servi\u00e7os, e podemos fornecer essas informa\u00e7\u00f5es a terceiros selecionados cuidadosamente em forma de resumo sem compartilhar quaisquer dados detalhados de transa\u00e7\u00f5es individuais.\n\n\n\n\u00c9 importante que voc\u00ea perceba que ao usar nossos Servi\u00e7os (i), voc\u00ea fornecer\u00e1 informa\u00e7\u00f5es pessoais, quer para n\u00f3s diretamente ou para sites de comerciantes que utilizam os nossos servi\u00e7os para processar os seus pagamentos para eles, e que (ii) tais sites podem ser residentes fora do Espa\u00e7o Econ\u00f4mico Europeu. N\u00e3o aceitamos qualquer responsabilidade pelos dados fornecidos por voc\u00ea diretamente para o comerciante que n\u00e3o s\u00e3o compartilhados conosco por eles no nosso processo de facilitar o seu pagamento a eles. A este respeito, \u00e9 necess\u00e1rio verificar a pr\u00f3pria pol\u00edtica de privacidade do comerciante.\n\n\n\nSe voc\u00ea parar de utilizar os nossos servi\u00e7os, poderemos continuar a usar e divulgar as suas informa\u00e7\u00f5es pessoais de acordo com esta Pol\u00edtica de Privacidade (alterada ao longo do tempos) e conforme permitida por lei.\n\n<h3>Seguran\u00e7a das informa\u00e7\u00f5es<\/h3>\n\nA Internet n\u00e3o \u00e9 um meio seguro. No entanto, temos que colocar v\u00e1rios procedimentos de seguran\u00e7a em vigor conforme estabelecidos nesta pol\u00edtica. Esteja ciente de que as comunica\u00e7\u00f5es atrav\u00e9s da Internet, como e-mails e webmail, n\u00e3o s\u00e3o seguras, a menos que tenham sido criptografadas. As suas comunica\u00e7\u00f5es podem ser enviadas para v\u00e1rios pa\u00edses antes de serem entregues. Esta \u00e9 a natureza da Internet. N\u00e3o podemos aceitar a responsabilidade por qualquer acesso n\u00e3o autorizado ou perda de informa\u00e7\u00f5es pessoais que est\u00e3o al\u00e9m do nosso controle. Acreditamos que temos pol\u00edticas adequadas, regras e medidas t\u00e9cnicas para proteger os dados pessoais que temos sob nosso controle (sobre o tipo e a quantidade desses dados) contra acesso n\u00e3o autorizado, uso indevido ou divulga\u00e7\u00e3o, modifica\u00e7\u00e3o n\u00e3o autorizada, destrui\u00e7\u00e3o ilegal ou perda acidental. Todos os nossos funcion\u00e1rios e processadores de dados que t\u00eam acesso e com os quais est\u00e3o associados com o processamento de suas informa\u00e7\u00f5es pessoais s\u00e3o obrigados a respeitar a confidencialidade das informa\u00e7\u00f5es de nossos visitantes. Garantimos que as suas informa\u00e7\u00f5es n\u00e3o ser\u00e3o divulgadas a institui\u00e7\u00f5es ou autoridades governamentais, exceto se exigida por lei ou quando solicitadas por \u00f3rg\u00e3os reguladores ou organiza\u00e7\u00f5es que aplicam as leis.\n\n<h3><strong>Quem ter\u00e1 acesso \u00e0s suas informa\u00e7\u00f5es?<\/strong><\/h3>\n\nAs suas informa\u00e7\u00f5es podem, para fins previstos nesta Pol\u00edtica de Privacidade, ser divulgadas para processamento para:\n\n<ul>\n\n\t<li>prestadores de bens e servi\u00e7os que voc\u00ea solicita;<\/li>\n\n\t<li>onde o pagamento \u00e9 feito usando os nossos servi\u00e7os;<\/li>\n\n\t<li>os nossos funcion\u00e1rios;<\/li>\n\n\t<li>os nossos afiliados;<\/li>\n\n\t<li>as empresas do nosso grupo e as dos seus trabalhadores;<\/li>\n\n\t<li>sucessores legais para o nosso neg\u00f3cio;<\/li>\n\n\t<li>consultores externos, contratados ou outros prestadores de servi\u00e7os que podem acessar as suas informa\u00e7\u00f5es pessoais ao prestar servi\u00e7os (incluindo, mas n\u00e3o limitado a servi\u00e7os de suporte de TI) para n\u00f3s;<\/li>\n\n\t<li>\u00f3rg\u00e3os governamentais e ag\u00eancias que aplicam as leis e em resposta a outros pedidos legais e regulamentares; e<\/li>\n\n\t<li>auditores ou contratantes ou outros consultores de auditoria, ajudando ou aconselhamento sobre qualquer um dos nossos fins de neg\u00f3cios, em qualquer jurisdi\u00e7\u00e3o onde operamos.<\/li>\n\n<\/ul>\n\n<h3>Os seus direitos relativos \u00e0s suas informa\u00e7\u00f5es<\/h3>\n\nVoc\u00ea pode nos pedir a qualquer momento para fornecer informa\u00e7\u00f5es sobre os nossos servi\u00e7os e os tipos de dados que coletamos de voc\u00ea durante a presta\u00e7\u00e3o desses servi\u00e7os por escrito para n\u00f3s.\n\n\n\nEscreva para:\n\n\n\nINSonline Limited\n\nc\/o 29 Howard Street\n\nNorth Shields\n\nTyne and Wear\n\nNE30 1AR\n\n\n\nUnited Kingdom\n\n\n\n\u00a0\n\n\n\nOu envie um e-mail para: <a href=\"mailto:accounts@genesissupport247.com\">accounts@genesissupport247.com<\/a>\n\n\n\nDiga o seu nome e endere\u00e7o. Tamb\u00e9m exigemos que voc\u00ea nos forne\u00e7a detalhes gerais por escrito das informa\u00e7\u00f5es, o que voc\u00ea acredita que pode mante Vovc\u00ea em nossos registros. Exigiremos prova de sua identidade antes de lhe fornecer detalhes de todas as informa\u00e7\u00f5es pessoais que possamos ter sobre voc\u00ea. Cobraremos \u00a3 25,00 para cobrir os custos de administra\u00e7\u00e3o envolvidos no fornecimento dos detalhes destas informa\u00e7\u00f5es para voc\u00ea.\n\n<h3>Cookies<\/h3>\n\nAs partes das informa\u00e7\u00f5es transferidas para o disco r\u00edgido do seu computador a partir de um site s\u00e3o conhecidas como cookies. Eles permitem que o nosso site armazene informa\u00e7\u00f5es sobre seus padr\u00f5es de navega\u00e7\u00e3o, tornando o site mais \u00fatil. Muitos dos principais sites usam cookies: na verdade, eles s\u00e3o comumente usados \u200b\u200bem toda a Internet para oferecer servi\u00e7os personalizados. A maioria dos navegadores \u00e9 automaticamente configurado para aceitar cookies. Cada vez que voc\u00ea usar o nosso site, o cookie \u00e9 acessado. Desta forma, podemos controlar os recursos utilizados e as p\u00e1ginas e conte\u00fado que voc\u00ea exibir no site para ajudar a personalizar a sua experi\u00eancia. Voc\u00ea pode desativar o suporte aos cookies em seu navegador, mas esteja ciente de que, ao fazer isso, voc\u00ea pode perder certos recursos que exigem um cookie para funcionar corretamente. Podemos usar as informa\u00e7\u00f5es coletadas pelos cookies para que nos forne\u00e7a v\u00e1rias estat\u00edsticas, sem identificar qualquer indiv\u00edduo.\n\n<h3>O seu consentimento<\/h3>\n\nAo enviar qualquer informa\u00e7\u00e3o pessoal para n\u00f3s e\/ou utilizar os nossos servi\u00e7os, voc\u00ea concorda com a utiliza\u00e7\u00e3o das informa\u00e7\u00f5es, tal como estabelecido na presente pol\u00edtica. Reservamo-nos o direito de alterar ou modificar esta Pol\u00edtica de Privacidade e, se o fizermos, n\u00f3s publicaremos as altera\u00e7\u00f5es nesta p\u00e1gina. \u00c9 sua responsabilidade verificar a pol\u00edtica de privacidade toda vez que voc\u00ea enviar informa\u00e7\u00f5es para n\u00f3s ou utilizar nossos servi\u00e7os novamente. O uso significar\u00e1 que voc\u00ea concorda com tais altera\u00e7\u00f5es. Devido \u00e0 natureza global da infraestrutura da Internet, pode ser necess\u00e1rio transferir as suas informa\u00e7\u00f5es pessoais para empresas localizadas fora do Espa\u00e7o Econ\u00f3mico Europeu. Pa\u00edses fora do EEE n\u00e3o podem ter prote\u00e7\u00f5es similares em vigor sobre os seus dados e sua utiliza\u00e7\u00e3o, tal como estabelecido na presente pol\u00edtica. No entanto, fizemos os passos descritas acima para tentar proteger a seguran\u00e7a de suas informa\u00e7\u00f5es.\n\n<h3>O so das suas informa\u00e7\u00f5es pessoais enviadas para outros sites<\/h3>\n\nN\u00f3s n\u00e3o somos respons\u00e1veis \u200b\u200bpelas pol\u00edticas de privacidade e pr\u00e1ticas de outros sites, mesmo se voc\u00ea acessou o site do terceiros usando links de nosso site. Recomendamos que voc\u00ea verifique a pol\u00edtica de cada site que visita e contatar o propriet\u00e1rio ou o operador de tal site se voc\u00ea tiver d\u00favidas ou perguntas.\n\n<h3>Mais informa\u00e7\u00f5es<\/h3>\n\nPara mais informa\u00e7\u00f5es de n\u00f3s em mat\u00e9ria de protec\u00e7\u00e3o de dados e privacidade ou quaisquer pedidos relativos \u00e0s suas informa\u00e7\u00f5es pessoais, por favor escreva para:\n\n\n\nINSonline Limited\n\nc\/o 29 Howard Street\n\nNorth Shields\n\nTyne and Wear\n\nNE30 1AR\n\n\n\nUnited Kingdom\n\n\n\ne-mail:\n\n\n\n<a href=\"mailto:accounts@genesissupport247.com\">accounts@genesissupport247.com<\/a>\n\n\n\nou ligue para n\u00f3s:\n\n\n\nLiga\u00e7\u00e3o gratuita para os EUA 24\/7 N\u00famero de atendimento ao cliente: <a href=\"tel:+18555664408\">+1 8555 664 408<\/a>\n\nLiga\u00e7\u00e3o gratuita para o Reino Unido 24\/7 N\u00famero de atendimento ao cliente <a href=\"tel:08000887686\">0800 088 7686<\/a>\n","protected":false},"excerpt":{"rendered":"<p>A INS online Limited \u00e9 propriet\u00e1ria e opera o portal de pagamento Genesis e tamb\u00e9m o site Genesissupport247.com. A INS online Limited (&#8220;INS&#8221; e &#8220;n\u00f3s&#8221;) est\u00e1 comprometida em proteger a sua privacidade. Este comunicado deve ser lido junto com os nossos Termos e Condi\u00e7\u00f5es para o genesissupport247.com (o &#8220;Site&#8221;) dos quais ele faz parte (os [&hellip;]<\/p>\n","protected":false},"author":1,"featured_media":0,"parent":0,"menu_order":0,"comment_status":"open","ping_status":"open","template":"","meta":{"footnotes":""},"class_list":["post-243","page","type-page","status-publish","hentry"],"_links":{"self":[{"href":"https:\/\/www.genesissupport247.com\/pt-br\/wp-json\/wp\/v2\/pages\/243","targetHints":{"allow":["GET"]}}],"collection":[{"href":"https:\/\/www.genesissupport247.com\/pt-br\/wp-json\/wp\/v2\/pages"}],"about":[{"href":"https:\/\/www.genesissupport247.com\/pt-br\/wp-json\/wp\/v2\/types\/page"}],"author":[{"embeddable":true,"href":"https:\/\/www.genesissupport247.com\/pt-br\/wp-json\/wp\/v2\/users\/1"}],"replies":[{"embeddable":true,"href":"https:\/\/www.genesissupport247.com\/pt-br\/wp-json\/wp\/v2\/comments?post=243"}],"version-history":[{"count":1,"href":"https:\/\/www.genesissupport247.com\/pt-br\/wp-json\/wp\/v2\/pages\/243\/revisions"}],"predecessor-version":[{"id":660,"href":"https:\/\/www.genesissupport247.com\/pt-br\/wp-json\/wp\/v2\/pages\/243\/revisions\/660"}],"wp:attachment":[{"href":"https:\/\/www.genesissupport247.com\/pt-br\/wp-json\/wp\/v2\/media?parent=243"}],"curies":[{"name":"wp","href":"https:\/\/api.w.org\/{rel}","templated":true}]}}