{"id":211,"date":"2015-08-13T09:11:30","date_gmt":"2015-08-13T09:11:30","guid":{"rendered":"http:\/\/genesissupport247.com\/pt-br\/terms-conditions\/"},"modified":"2018-01-03T06:18:57","modified_gmt":"2018-01-03T06:18:57","slug":"terms-conditions","status":"publish","type":"page","link":"https:\/\/www.genesissupport247.com\/pt-br\/terms-conditions\/","title":{"rendered":"Termos e Condi\u00e7\u00f5es"},"content":{"rendered":"<h4>LEIA ESTES TERMOS COM ATEN\u00c7\u00c3O ANTES DE USAR ESTE SITE.<\/h4>\n\n<h3>INTRODU\u00c7\u00c3O<\/h3>\n\nO site <a href=\"https:\/\/www.genesissupport247.com\">genesissupport247.com<\/a> (\u201cSite da Empresa\u201d, como definido abaixo) \u00e9 de propriedade da INSonline Limited (\u201ca Empresa\u201d). A empresa oferece servi\u00e7os de processamento de pagamentos (&#8220;os Servi\u00e7os&#8221;) para comerciantes (&#8220;o Comerciante&#8221;) que possuem e operam seus pr\u00f3prios sites e\/ou sistemas de processamento de pontos de venda f\u00edsicos. Aor compra de bens ou servi\u00e7os atrav\u00e9s desses comerciantes e utilizar os servi\u00e7os de processamento de pagamentos da empresa, voc\u00ea concorda em estar vinculado a estes Termos e Condi\u00e7\u00f5es, assim como os do comerciante do qual voc\u00ea est\u00e1 comprando. Se houver qualquer conflito entre estes Termos e Condi\u00e7\u00f5es e os do comenrciante, estes Termos e Condi\u00e7\u00f5es prevalecer\u00e3o.\n\n\n\nO comerciante \u00e9 o \u00fanico respons\u00e1vel pela qualidade dos produtos e servi\u00e7os que voc\u00ea est\u00e1 comprando.\n\n\n\nEste contrato est\u00e1 sujeito a altera\u00e7\u00f5es pela empresa a qualquer momento. As altera\u00e7\u00f5es s\u00e3o eficazes uma vez que s\u00e3o publicadas no site da empresa sem aviso pr\u00e9vio\n\n<h3>Defini\u00e7\u00f5es<\/h3>\n\nNestes Termos e Condi\u00e7\u00f5es, as seguintes frases ter\u00e3o os seguintes significados, onde o contexto permitir:\n\n\n\n<strong>&#8220;Adicionar a Favoritos&#8221;<\/strong>\n\nSignifica colocar um URL em um arquivo tempor\u00e1rio no seu navegador para que voc\u00ea possa acessar essa p\u00e1gina em uma data futura diretamente, sem passar por todas as p\u00e1ginas anteriores.\n\n\n\n<strong>&#8220;Site da Empresa&#8221;\n\n<\/strong>Significa o site <a href=\"https:\/\/www.genesissupport247.com\">genesissupport247.com<\/a>.\n\n\n\n<strong>&#8220;Site do Comerciante&#8221;\n\n<\/strong>Significa o site do comerciante\n\n\n\n<strong>&#8220;Voc\u00ea&#8221;\n\n<\/strong>Significa o comprador de bens e servi\u00e7os dispon\u00edveis no site do comerciante, usando os nossos servi\u00e7os.\n\n<h3>Servi\u00e7os<\/h3>\n\nA empresa dar\u00e1 apoio a voc\u00ea em todas as quest\u00f5es relativas aos seus servi\u00e7os para as compras de bens e servi\u00e7os que voc\u00ea fez no site do comerciante.\n\n<h3>Fatura da Conta<\/h3>\n\nO site do comerciante e, ocasionalmente, o site da empresa tamb\u00e9m, aparecer\u00e1 no seu cart\u00e3o de cr\u00e9dito, extrato banc\u00e1rio ou na conta telef\u00f4nica para todas as despesas, geralmente em um formato abreviado e, al\u00e9m de um n\u00famero de telefone de atendimento ao cliente, tornando a central de suporte ao cliente da empresa dispon\u00edvel para voc\u00ea o tempo todo. A Companhia poder\u00e1 incluir outras informa\u00e7\u00f5es em sua fatura para efeitos de quaisquer regulamentos pertinentes, inclusive os de associa\u00e7\u00f5es de cart\u00f5es de cr\u00e9dito.\n\n<h3>Responsabilidade por Bens e Servi\u00e7os<\/h3>\n\nA empresa n\u00e3o tem controle sobre todos os produtos e servi\u00e7os oferecidos pelo comerciante, somente sobre os servi\u00e7os que presta para voc\u00ea e o comerciante.\n\n\n\nN\u00e3o obstante o par\u00e1grafo imediatamente anterior, a empresa poder\u00e1, a seu exclusivo crit\u00e9rio, reembolsar-lhe o custo de bens e servi\u00e7os adquiridos utilizando os seus servi\u00e7os a partir do site do comerciante que acredita que s\u00e3o ou n\u00e3o entregues, que est\u00e3o com defeito na entrega ou n\u00e3o da qualidade comercializ\u00e1vel.\n\n\n\nNada nestes Termos e Condi\u00e7\u00f5es deve ser entendido como limitando a nossa responsabilidade por morte ou danos pessoais resultantes de um ato doloso ou omiss\u00e3o da nossa parte. N\u00f3s n\u00e3o responsabilizaremos por qualquer danos, perda ou despesa resultante da incapacidade de dar conselhos ou informa\u00e7\u00f5es ou dando conselhos ou informa\u00e7\u00f5es incorretos, seja no site da empresa seja em outro lugar, e se ou n\u00e3o devido \u00e0 nossa neglig\u00eancia ou de qualquer um dos nossos funcion\u00e1rios, agentes ou subcontratados.\n\n\n\nA responsabilidade assumida pela empresa, sob estes termos, dever\u00e1 estar no lugar de e para a exclus\u00e3o de todas as outras garantias, condi\u00e7\u00f5es, termos e responsabilidades &#8211; expl\u00edcita ou impl\u00edcita; estatut\u00e1rias ou n\u00e3o &#8211; em rela\u00e7\u00e3o a nossos servi\u00e7os, exceto os que por lei n\u00e3o podem ser exclu\u00eddos.\n\n\n\nExceto conforme previsto nestes termos, n\u00e3o teremos qualquer responsabilidade, seja por contrato, ato il\u00edcito ou de outra forma, em rela\u00e7\u00e3o a defeitos ou indisponibilidade de servi\u00e7os da empresas ou por qualquer preju\u00edzo, dano ou perda resultantes desses defeitos ou falhas.\n\n\n\nEm nenhum caso, seja quebra de contrato da nossa parte seja ato il\u00edcito (incluindo neglig\u00eancia e viola\u00e7\u00e3o de odever estatut\u00e1rio) ou o fracasso de qualquer tipo de nossa parte ou dos nossos funcion\u00e1rios, agentes ou subcontratados, n\u00e3o acarretar\u00e3o em qualquer responsabilidade por perda de receita ou qualquer perda ou dano consequencial ou indireto decorrente de qualquer causa que seja.\n\n\n\nQualquer responsabilidade seja em contrato, falha ou de outra forma de nossa parte em rela\u00e7\u00e3o a qualquer defeito ou indisponibilidade dos servi\u00e7os, ou de qualquer dever em causa a voc\u00ea sob ou em conex\u00e3o com estes termos ser\u00e1 ainda mais limitada, no total, ao reembolso do montante para a presta\u00e7\u00e3o dos servi\u00e7os.\n\n<h3>Recibo Eletr\u00f4nico<\/h3>\n\nVoc\u00ea receber\u00e1 um recibo no seu endere\u00e7o de e-mail toda vez que comprar bens ou servi\u00e7os dispon\u00edveis atrav\u00e9s do comerciante que utiliza nossos servi\u00e7os. Voc\u00ea poder\u00e1 solicitar a qualquer momento os detalhes e informa\u00e7\u00f5es por e-mail novamente. Para entrar em contato com a empresa, consulte as informa\u00e7\u00f5es de contato no final deste documento.\n\n<h3>Cancelamento de Pedidos <\/h3>\n\nSe voc\u00ea solicitar o cancelamento ou solicitar um reembolso do comenrciante sem um bom motivo ou raz\u00e3o aparente, a empresa poder\u00e1, a seu exclusivo crit\u00e9rio, bloquear o acesso aos servi\u00e7os para voc\u00ea atrav\u00e9s do comerciante ou qualquer outro comerciante que forne\u00e7a os servi\u00e7os agora ou futuramente.\n\n<h3>Reembolsos <\/h3>\n\nSe a empresa emite um reembolso, o reembolso ser\u00e1 creditado apenas para o m\u00e9todo de pagamento utilizado na transa\u00e7\u00e3o original. A empresa n\u00e3o emitir\u00e1 reembolsos em dinheiro, cheque ou para outro cart\u00e3o de cr\u00e9dito ou mecanismo de pagamento.\n\n<h3>Adicionar a Favoritos <\/h3>\n\nVoc\u00ea n\u00e3o deve adicionar a Favoritos qualquer p\u00e1gina do site da empresa, de modo a permitir-lhe ignorar os termos da empresa. Sem preju\u00edzo de sua obriga\u00e7\u00e3o de n\u00e3o faz\u00ea-lo, se o fizer, isso consistir\u00e1 na sua concord\u00e2ncia com tais termos.\n\n<h3>Autoriza\u00e7\u00e3o de Utiliza\u00e7\u00e3o<\/h3>\n\nVoc\u00ea n\u00e3o deve se passar por outra pessoa, usar um nome falso ou um nome que voc\u00ea n\u00e3o est\u00e1 autorizado a usar, criar uma identidade, origem ou \u00a0endere\u00e7o de e-mail falso para tentar enganar a empresa, o comerciante ou outras pessoas, fornecendo informa\u00e7\u00f5e de contato imprecisas ou pouco confi\u00e1veis. Voc\u00ea n\u00e3o dever\u00e1 usar os servi\u00e7os da empresa para qualquer finalidade ou nenhuma forma que seja proibida por estes termos ou de outra forma ilegal. Voc\u00ea concorda em indenizar a empresa, seus diretores, funcion\u00e1rios e licenciadores em rela\u00e7\u00e3o a qualquer perda que ela ou eles podem sofrer, como resultado, direta ou indiretamente, qualquer tipo de viola\u00e7\u00e3o por voc\u00ea desta obriga\u00e7\u00e3o. Voc\u00ea reconhece que usa os servi\u00e7os da empresa inteiramente por sua conta e risco. A empresa n\u00e3o faz representa\u00e7\u00f5es ou garantias de qualquer esp\u00e9cie sobre a adequa\u00e7\u00e3o, confiabilidade, pontualidade e\/ou precis\u00e3o das informa\u00e7\u00f5es contidas no site da empresa para qualquer finalidade. A empresa expressamente se isenta de todas as garantias e condi\u00e7\u00f5es no que diz respeito a estas informa\u00e7\u00f5es, incluindo, sem limita\u00e7\u00e3o, garantias de qualidade satisfat\u00f3ria, disponibilidade, n\u00e3o-viola\u00e7\u00e3o, integralidade e adequa\u00e7\u00e3o a um prop\u00f3sito particular.\n\n\n\nO site do comerciante pode conter an\u00fancios. A empresa n\u00e3o \u00e9 respons\u00e1vel e n\u00e3o endossa o conte\u00fado destes an\u00fancios, e n\u00e3o aceita qualquer responsabilidade por quaisquer erros ou imprecis\u00f5es neles.\n\n\n\nA empresa n\u00e3o se responsabiliza por quaisquer perdass ou dano que ocorrem como resultado de algum v\u00edrus ou viola\u00e7\u00e3o da seguran\u00e7a. A empresa n\u00e3o d\u00e1 garantias quanto \u00e0 compatibilidade dos servi\u00e7os da empresa com os seus sistemas de computador, software ou hardware.\n\n\n\nA empresa n\u00e3o se responsabiliza por quaisquer danos, incluindo, sem limita\u00e7\u00e3o, danos por perda de uso, decorrentes do uso ou desempenho do site da empresa, fornecimento ou falha para fornecer servi\u00e7os, ou para qualquer informa\u00e7\u00e3o obtida por meio do site da empresa, ou resultantes da utiliza\u00e7\u00e3o do site da empresa, seja com base em contrato, ato il\u00edcito, ou de outra forma, sem limita\u00e7\u00e3o.\n\n\n\nSe voc\u00ea estiver insatisfeito com qualquer parte do site ou dos servi\u00e7os da empresa, ou com qualquer um destes termos de uso, a \u00fanica solu\u00e7\u00e3o, exceto quando especificamente previsto nestes termos, \u00e9 parar de usar o site e\/ou os servi\u00e7os da empresa.\n\n\n\nN\u00e3o obstante qualquer disposi\u00e7\u00e3o nestes termo, a empresa n\u00e3o assume responsabilidade por morte ou ferimentos causados \u200b\u200bpor sua pr\u00f3pria neglig\u00eancia. Reservamo-nos o direito de cancelar o seu uso de servi\u00e7os da empresa, se voc\u00ea violar os termos deste contrato.\n\n<h3>Geral<\/h3>\n\nVoc\u00ea garante que t\u00eam direito de aceitar as leis de qualquer jurisdi\u00e7\u00e3o \u00e0 qual voc\u00ea est\u00e1 sujeito para acessar o site da empresa e\/ou utilizar os seus servi\u00e7os de compra de bens e servi\u00e7os do comerciante. Voc\u00ea \u00e9 exclusivamente respons\u00e1vel pelo cumprimento das leis locais. A Empresa reserva-se o direito de monitorar e rastrear suas visitas ao site da empresa. A falha ou atraso da empresa em exigir o cumprimento dessas condi\u00e7\u00f5es n\u00e3o deve ser uma ren\u00fancia a essa ou a qualquer outra disposi\u00e7\u00e3o destes termos. Nenhum destes termos constitui t\u00edtulo executivo ao abrigo dos Contratos Ingleses (Direitos de Terceiros) de 1999 (ou seu equivalente em qualquer jurisdi\u00e7\u00e3o) por terceiros.\n\n\n\nSe quaisquer disposi\u00e7\u00f5es destas ren\u00fancias e exclus\u00f5es serem ilegais, nulas ou, por qualquer raz\u00e3o, inaplic\u00e1veis, ent\u00e3o essa disposi\u00e7\u00e3o ser\u00e1 considerada separ\u00e1vel e n\u00e3o afetar\u00e1 a validade e aplicabilidade das disposi\u00e7\u00f5es restantes. Estes termos constituem o contrato integral entre voc\u00ea e a empresa como para o seu uso do site e\/ou presta\u00e7\u00e3o de servi\u00e7os da empresa para voc\u00ea e substituem qualquer contrato ou representa\u00e7\u00e3o anterior relevante. \n\n\n\nAs disposi\u00e7\u00f5es expl\u00edcitas destes termos s\u00e3o, em vez de todas as garantias, condi\u00e7\u00f5es, termos, compromissos e obriga\u00e7\u00f5es implicados por estatuto, lei comum, costume, uso comercial, curso de negocia\u00e7\u00e3o ou outros, todos os quais est\u00e3o exclu\u00eddos na m\u00e1xima extens\u00e3o permitida por lei.\n\n\n\nTodas e quaisquer notifica\u00e7\u00f5es a serem dadas por qualquer um de n\u00f3s para o outro, nos termos do ou em conex\u00e3o com estes termos, preenchem os requisitos suficientemente, dadas quando enviadas para o endere\u00e7o de e-mail que voc\u00ea forneceu para n\u00f3s no momento de usar o servi\u00e7os, ou para n\u00f3s no seguinte endere\u00e7o de e-mail: <a href=\"mailto:accounts@genesissupport247.com\">accounts@genesissupport247.com<\/a>\n\n\n\nA lei inglesa rege estes Termos e Condi\u00e7\u00f5es. Voc\u00ea submete \u00e0 jurisdi\u00e7\u00e3o n\u00e3o exclusiva dos tribunais ingleses.\n\n<h3>AVISOS SOBRE DIREITOS AUTORAIS E MARCA REGISTRADA<\/h3>\n\nTodo o conte\u00fado do site da empresa e quaisquer marcas comerciais utilizadas s\u00e3o:\n\nDireitos autorais e de propriedade da empresa.\n\n<h3>Voc\u00ea pode entrar em contato conosco atrav\u00e9s de:<\/h3>\n\nLiga\u00e7\u00e3o gratuita para os EUA 24\/7 N\u00famero de atendimento ao cliente: +1 8555 664 408\n\nLiga\u00e7\u00e3o gratuita para o Reino Unido 24\/7 N\u00famero de atendimento ao cliente 0800 088 7686\n\nE-mail: <a href=\"mailto:accounts@genesissupport247.com\">accounts@genesissupport247.com<\/a>\n\n<h4>Escreva para:<\/h4>\n\nINSonline Limited\n\n\n\nPALOMA COURT\n\nStasikratous 16\n\n7th floor, Suite 701\n\n1065 Nicosia\n\n\n\nCyprus\n","protected":false},"excerpt":{"rendered":"<p>LEIA ESTES TERMOS COM ATEN\u00c7\u00c3O ANTES DE USAR ESTE SITE. INTRODU\u00c7\u00c3O O site genesissupport247.com (\u201cSite da Empresa\u201d, como definido abaixo) \u00e9 de propriedade da INSonline Limited (\u201ca Empresa\u201d). A empresa oferece servi\u00e7os de processamento de pagamentos (&#8220;os Servi\u00e7os&#8221;) para comerciantes (&#8220;o Comerciante&#8221;) que possuem e operam seus pr\u00f3prios sites e\/ou sistemas de processamento de pontos [&hellip;]<\/p>\n","protected":false},"author":1,"featured_media":0,"parent":0,"menu_order":0,"comment_status":"open","ping_status":"open","template":"","meta":{"footnotes":""},"class_list":["post-211","page","type-page","status-publish","hentry"],"_links":{"self":[{"href":"https:\/\/www.genesissupport247.com\/pt-br\/wp-json\/wp\/v2\/pages\/211","targetHints":{"allow":["GET"]}}],"collection":[{"href":"https:\/\/www.genesissupport247.com\/pt-br\/wp-json\/wp\/v2\/pages"}],"about":[{"href":"https:\/\/www.genesissupport247.com\/pt-br\/wp-json\/wp\/v2\/types\/page"}],"author":[{"embeddable":true,"href":"https:\/\/www.genesissupport247.com\/pt-br\/wp-json\/wp\/v2\/users\/1"}],"replies":[{"embeddable":true,"href":"https:\/\/www.genesissupport247.com\/pt-br\/wp-json\/wp\/v2\/comments?post=211"}],"version-history":[{"count":1,"href":"https:\/\/www.genesissupport247.com\/pt-br\/wp-json\/wp\/v2\/pages\/211\/revisions"}],"predecessor-version":[{"id":658,"href":"https:\/\/www.genesissupport247.com\/pt-br\/wp-json\/wp\/v2\/pages\/211\/revisions\/658"}],"wp:attachment":[{"href":"https:\/\/www.genesissupport247.com\/pt-br\/wp-json\/wp\/v2\/media?parent=211"}],"curies":[{"name":"wp","href":"https:\/\/api.w.org\/{rel}","templated":true}]}}