{"id":257,"date":"2015-07-10T07:43:34","date_gmt":"2015-07-10T07:43:34","guid":{"rendered":"http:\/\/genesissupport247.com\/pl\/sample-page-2\/"},"modified":"2018-01-10T06:58:51","modified_gmt":"2018-01-10T06:58:51","slug":"index-home-page","status":"publish","type":"page","link":"https:\/\/www.genesissupport247.com\/pl\/","title":{"rendered":"Ca\u0142odobowa obs\u0142uga Genesis Support jest oferowana naszym klientom korzystaj\u0105cym z handlu elektronicznego"},"content":{"rendered":"Je\u015bli dobra materialne lub tre\u015bci i us\u0142ugi cyfrowe, lub abonament zosta\u0142y zakupione na stronie internetowej sprzedawcy, zalecamy najpierw odwiedzi\u0107 stron\u0119, na kt\u00f3rej dokonano zakupu, aby uzyska\u0107 na niej w\u0142a\u015bciwe dane kontaktowe. Je\u015bli pomoc z naszej strony oka\u017ce si\u0119 konieczna, prosimy o kontakt przy u\u017cyciu poni\u017cszych danych kontaktowych.\n","protected":false},"excerpt":{"rendered":"<p>Je\u015bli dobra materialne lub tre\u015bci i us\u0142ugi cyfrowe, lub abonament zosta\u0142y zakupione na stronie internetowej sprzedawcy, zalecamy najpierw odwiedzi\u0107 stron\u0119, na kt\u00f3rej dokonano zakupu, aby uzyska\u0107 na niej w\u0142a\u015bciwe dane kontaktowe. Je\u015bli pomoc z naszej strony oka\u017ce si\u0119 konieczna, prosimy o kontakt przy u\u017cyciu poni\u017cszych danych kontaktowych.<\/p>\n","protected":false},"author":1,"featured_media":815,"parent":0,"menu_order":0,"comment_status":"closed","ping_status":"closed","template":"","meta":{"footnotes":""},"class_list":["post-257","page","type-page","status-publish","has-post-thumbnail","hentry"],"_links":{"self":[{"href":"https:\/\/www.genesissupport247.com\/pl\/wp-json\/wp\/v2\/pages\/257","targetHints":{"allow":["GET"]}}],"collection":[{"href":"https:\/\/www.genesissupport247.com\/pl\/wp-json\/wp\/v2\/pages"}],"about":[{"href":"https:\/\/www.genesissupport247.com\/pl\/wp-json\/wp\/v2\/types\/page"}],"author":[{"embeddable":true,"href":"https:\/\/www.genesissupport247.com\/pl\/wp-json\/wp\/v2\/users\/1"}],"replies":[{"embeddable":true,"href":"https:\/\/www.genesissupport247.com\/pl\/wp-json\/wp\/v2\/comments?post=257"}],"version-history":[{"count":7,"href":"https:\/\/www.genesissupport247.com\/pl\/wp-json\/wp\/v2\/pages\/257\/revisions"}],"predecessor-version":[{"id":707,"href":"https:\/\/www.genesissupport247.com\/pl\/wp-json\/wp\/v2\/pages\/257\/revisions\/707"}],"wp:featuredmedia":[{"embeddable":true,"href":"https:\/\/www.genesissupport247.com\/pl\/wp-json\/wp\/v2\/media\/815"}],"wp:attachment":[{"href":"https:\/\/www.genesissupport247.com\/pl\/wp-json\/wp\/v2\/media?parent=257"}],"curies":[{"name":"wp","href":"https:\/\/api.w.org\/{rel}","templated":true}]}}