{"id":242,"date":"2015-07-14T06:03:48","date_gmt":"2015-07-14T06:03:48","guid":{"rendered":"http:\/\/genesissupport247.com\/pl\/privacy-policy\/"},"modified":"2018-01-03T06:19:24","modified_gmt":"2018-01-03T06:19:24","slug":"privacy-policy","status":"publish","type":"page","link":"https:\/\/www.genesissupport247.com\/pl\/privacy-policy\/","title":{"rendered":"Polityka prywatno\u015bci"},"content":{"rendered":"INSonline Limited jest w\u0142a\u015bcicielem bramki p\u0142atniczej Genesis i strony internetowej Genesissupport247.com, jak r\u00f3wnie\u017c ich operatorem. INSonline Limited (zwane dalej \u201eINS\u201d, \u201emy\u201d i \u201enas\u201d) zobowi\u0105zuje si\u0119 do ochrony prywatno\u015bci U\u017cytkownika.\n\n\n\nDokument ten nale\u017cy czyta\u0107 wraz z naszymi Warunkami korzystania z serwisu <a href=\"https:\/\/www.genesissupport247.com\">genesissupport247.com<\/a> (zwanym dalej \u201eStron\u0105 internetow\u0105\u201d), kt\u00f3rych jest cz\u0119\u015bci\u0105 (zwanymi dalej \u201eWarunkami\u201d).\n\n\n\nNiniejsza Polityka prywatno\u015bci, zgodnie z opisem w dokumencie, zawiera spos\u00f3b wykorzystywania danych zbieranych na temat U\u017cytkownika, mo\u017cliwo\u015bci kontaktu z nami w przypadku gdy U\u017cytkownik chce ograniczy\u0107 wykorzystanie powy\u017cszych danych oraz procedury stosowane do ochrony prywatno\u015bci U\u017cytkownika.\n\n\n\nU\u017cytkownik mo\u017ce odwiedzi\u0107 Stron\u0119 internetow\u0105 nie ujawniaj\u0105c o sobie \u017cadnych danych, kt\u00f3re pozwoli\u0142yby na identyfikacj\u0119.\n\n\n\nKorzystaj\u0105c z naszych us\u0142ug przetwarzania p\u0142atno\u015bci i Strony internetowej lub wysy\u0142aj\u0105c nam dane przez Stron\u0119 internetow\u0105 lub w jej zwi\u0105zku (wszystkie te dzia\u0142ania zwane dalej \u201eUs\u0142ugami\u201d), U\u017cytkownik wyra\u017ca zgod\u0119 na gromadzenie, wykorzystanie i ujawnienie swoich danych osobowych zgodnie z niniejsz\u0105 Polityk\u0105 prywatno\u015bci. Je\u015bli U\u017cytkownik nie wyra\u017ca zgody na niniejsz\u0105 polityk\u0119 prywatno\u015bci, nie mo\u017ce u\u017cywa\u0107 naszych us\u0142ug przetwarzania p\u0142atno\u015bci lub Strony internetowej, lub przesy\u0142a\u0107 nam danych za pomoc\u0105 Strony internetowej lub w zwi\u0105zku z ni\u0105.\n\n\n\nNiniejsza Polityka prywatno\u015bci jest za\u0142\u0105cznikiem do Warunk\u00f3w korzystania, kt\u00f3re maj\u0105 zastosowanie do korzystania z naszych Us\u0142ug. Terminy zdefiniowane w powy\u017cszych Warunkach korzystania posiadaj\u0105 te same znaczenia w niniejszej Polityce prywatno\u015bci.\n\n<h3>Dane, kt\u00f3re gromadzimy i ich spos\u00f3b wykorzystania<\/h3>\n\nB\u0119dziemy wykorzystywa\u0107, przechowywa\u0107 lub w inny spos\u00f3b przetwarza\u0107 ka\u017cde dane osobowe, kt\u00f3re wi\u0105\u017c\u0105 si\u0119 z U\u017cytkownikiem i go identyfikuj\u0105, w tym mi\u0119dzy innymi imi\u0119 i nazwisko, adres pocztowy, adres e-mail, numery telefon\u00f3w, numery kart kredytowych, debetowych lub przedp\u0142aconych oraz ich daty wa\u017cno\u015bci, jak r\u00f3wnie\u017c ka\u017cde inne dane zebrane przez nas podczas przetwarzania p\u0142atno\u015bci i po tym przetwarzaniu oraz og\u00f3lnie podczas korzystania z naszych Us\u0142ug w stopniu koniecznym na uzasadnionych podstawach do \u015bwiadczenia takich us\u0142ug U\u017cytkownikowi. Przetwarzamy niniejsze dane w celu:\n\n<ul>\n\n\t<li>u\u0142atwienia sfinalizowania transakcji;<\/li>\n\n\t<li>odpowiedzi na zapytania i polecenia;<\/li>\n\n\t<li>\u015bwiadczenia naszych us\u0142ug i ich personalizacji;<\/li>\n\n\t<li>przetwarzania p\u0142atno\u015bci;<\/li>\n\n\t<li>analizy ryzyka i mo\u017cliwo\u015bci oszustwa oraz ochrony danych osobowych i finansowych;<\/li>\n\n\t<li>przeprowadzania w\u0142asnych analiz biznesowych w celu poprawy \u015bwiadczonych us\u0142ug. Dane te i statystyki zbieramy r\u00f3wnie\u017c w celu monitorowania wykorzystania naszych Us\u0142ug i mo\u017cemy udost\u0119pnia\u0107 te dane uwa\u017cnie wybranym osobom trzecim w formie podsumowania bez udost\u0119pniania jakichkolwiek szczeg\u00f3\u0142owych danych zawieraj\u0105cych indywidualne transakcje.<\/li>\n\n<\/ul>\n\nDane te i statystyki zbieramy r\u00f3wnie\u017c w celu monitorowania wykorzystania naszych Us\u0142ug i mo\u017cemy udost\u0119pnia\u0107 te dane uwa\u017cnie wybranym osobom trzecim w formie podsumowania bez udost\u0119pniania jakichkolwiek szczeg\u00f3\u0142owych danych zawieraj\u0105cych indywidualne transakcje.\n\n\n\nU\u017cytkownik powinien zdawa\u0107 sobie spraw\u0119, \u017ce podczas korzystania z naszych Us\u0142ug: a) b\u0119dzie przekazywa\u0142 dane osobowe bezpo\u015brednio nam lub Stronom internetowym Handlowca, kt\u00f3re wykorzystuj\u0105 nasze Us\u0142ugi w celu przetworzenia p\u0142atno\u015bci otrzymanej od U\u017cytkownika oraz \u017ce b) taka Strona internetowa mo\u017ce znajdowa\u0107 si\u0119 poza Europejskim Obszarem Gospodarczym. Nie bierzemy \u017cadnej odpowiedzialno\u015bci za dane przekazane przez U\u017cytkownika bezpo\u015brednio Handlowcowi, kt\u00f3re nie zosta\u0142y nam udost\u0119pnione przez niego w procesie wspomagania przekazanej p\u0142atno\u015bci. W tej kwestii U\u017cytkownik musi w pe\u0142ni zaznajomi\u0107 si\u0119 z polityk\u0105 prywatno\u015bci Handlowca.\n\n\n\nJe\u017celi U\u017cytkownik przestanie korzysta\u0107 z naszych Us\u0142ug, mo\u017cemy nadal u\u017cywa\u0107 i ujawnia\u0107 jego dane osobowe zgodnie z niniejsz\u0105 Polityk\u0105 prywatno\u015bci (aktualizowan\u0105 na bie\u017c\u0105co) oraz zgodnie z przepisami prawa.\n\n<h3>Bezpiecze\u0144stwo danych<\/h3>\n\nInternet nie jest bezpiecznym medium. Mimo to stosujemy r\u00f3\u017cne procedury bezpiecze\u0144stwa, kt\u00f3re zosta\u0142y przedstawione w niniejszej Polityce. Nale\u017cy jednak mie\u0107 \u015bwiadomo\u015b\u0107, \u017ce komunikacja internetowa, np. wiadomo\u015bci e-mail i poczta elektroniczna, nie jest bezpieczna, je\u015bli nie zosta\u0142a zaszyfrowana. Przed dostarczeniem wiadomo\u015bci przes\u0142ane przez U\u017cytkownika mog\u0105 trafi\u0107 do wielu kraj\u00f3w. Taka jest natura internetu. Nie odpowiadamy za jakikolwiek nieautoryzowany dost\u0119p lub utrat\u0119 danych osobowych, kt\u00f3re s\u0105 poza nasz\u0105 kontrol\u0105. Uwa\u017camy, \u017ce posiadamy w\u0142a\u015bciw\u0105 polityk\u0119, zasady i \u015brodki techniczne potrzebne do ochrony kontrolowanych przez nas danych osobowych (je\u015bli chodzi o typ i ilo\u015b\u0107 danych) przed nieautoryzowanym dost\u0119pem, niew\u0142a\u015bciwym u\u017cyciem lub ujawnieniem, nieautoryzowan\u0105 modyfikacj\u0105, nielegalnym zniszczeniem lub przypadkow\u0105 utrat\u0105. Wszyscy nasi pracownicy i osoby przetwarzaj\u0105ce dane, kt\u00f3rzy maj\u0105 dost\u0119p do przetwarzania danych osobowych U\u017cytkownika i s\u0105 powi\u0105zane z tym przetwarzaniem, maj\u0105 obowi\u0105zek poszanowania poufno\u015bci danych u\u017cytkownik\u00f3w. Staramy si\u0119 zadba\u0107 o nieujawnianie danych U\u017cytkownika instytucjom lub organom rz\u0105dowym opr\u00f3cz sytuacji, w kt\u00f3rych wymaga tego prawo lub kiedy zostaniemy o to poproszeni przez organa nadzoruj\u0105ce lub organa \u015bcigania.\n\n<h3><strong>Kto b\u0119dzie mia\u0142 dost\u0119p do danych u\u017cytkownika?<\/strong><\/h3>\n\nW celach wyszczeg\u00f3lnionych w niniejszej Polityce prywatno\u015bci dane U\u017cytkownika mog\u0105 zosta\u0107 ujawnione do przetwarzania przez:\n\n<ul>\n\n\t<li>dostawc\u00f3w towar\u00f3w i us\u0142ug, kt\u00f3re zam\u00f3wi\u0142 U\u017cytkownik;<\/li>\n\n\t<li>gdy p\u0142atno\u015bci dokonano za pomoc\u0105 naszych Us\u0142ug;<\/li>\n\n\t<li>naszych pracownik\u00f3w;<\/li>\n\n\t<li>nasze sp\u00f3\u0142ki zale\u017cne;<\/li>\n\n\t<li>firmy i pracownik\u00f3w nale\u017c\u0105cych do naszej grupy;<\/li>\n\n\t<li>nast\u0119pc\u00f3w prawnych naszej sp\u00f3\u0142ki;<\/li>\n\n\t<li>konsultant\u00f3w zewn\u0119trznych, wykonawc\u00f3w i innych us\u0142ugodawc\u00f3w, kt\u00f3rzy mog\u0105 mie\u0107 dost\u0119p do danych osobowych podczas \u015bwiadczenia us\u0142ug dla nas (w tym mi\u0119dzy innymi informatycznej pomocy technicznej);<\/li>\n\n\t<li>organa rz\u0105dowe i organa \u015bcigania oraz w odpowiedzi na inne polecenia organ\u00f3w prawnych lub nadzoruj\u0105cych;<\/li>\n\n\t<li>audytor\u00f3w, wykonawc\u00f3w lub innych doradc\u00f3w, kt\u00f3rzy przeprowadzaj\u0105 audyt, pomagaj\u0105 lub udzielaj\u0105 porad w jednym z naszych cel\u00f3w biznesowych w ka\u017cdym pa\u0144stwie, w kt\u00f3rym prowadzimy dzia\u0142alno\u015b\u0107.<\/li>\n\n<\/ul>\n\n<h3>Prawa dotycz\u0105ce danych U\u017cytkownika<\/h3>\n\nU\u017cytkownik mo\u017ce w ka\u017cdej chwili poprosi\u0107 w formie pisemnej o przekazanie informacji o naszych Us\u0142ugach i typach danych, kt\u00f3re zosta\u0142y zgromadzone od niego podczas \u015bwiadczenia powy\u017cszych Us\u0142ug.\n\n\n\nW tym celu U\u017cytkownik powinien napisa\u0107 na adres:\n\n\n\nINSonline Limited\n\nc\/o 29 Howard Street\n\nNorth Shields\n\nTyne and Wear\n\nNE30 1AR\n\n\n\nWielka Brytania\n\n\n\n\u00a0\n\n\n\nlub wys\u0142a\u0107 e-mail na adres: <a href=\"mailto:accounts@genesissupport247.com\">accounts@genesissupport247.com<\/a>\n\n\n\nProsimy poda\u0107 imi\u0119 i nazwisko oraz adres. Prosimy tak\u017ce o podanie na pi\u015bmie szczeg\u00f3\u0142\u00f3w danych dotycz\u0105cych U\u017cytkownika, kt\u00f3re wed\u0142ug niego przechowujemy. Przed podaniem szczeg\u00f3\u0142\u00f3w jakichkolwiek danych osobowych U\u017cytkownika, kt\u00f3re mo\u017cemy przechowywa\u0107, poprosimy U\u017cytkownika o przedstawienie dowodu to\u017csamo\u015bci. Za podanie szczeg\u00f3\u0142\u00f3w powy\u017cszych danych obci\u0105\u017cymy U\u017cytkownika kosztami administracyjnymi w wysoko\u015bci 25,00 GBP.\n\n<h3>Ciasteczka<\/h3>\n\nInformacje ze strony internetowej, kt\u00f3re s\u0105 zapisywane na dysku twardym komputera U\u017cytkownika nazywamy ciasteczkami. Pozwalaj\u0105 one naszej Stronie internetowej przechowywa\u0107 informacje na temat typowych zachowa\u0144 przegl\u0105dania stron, dostosowuj\u0105c Stron\u0119 internetow\u0105 do potrzeb U\u017cytkownika. Wiele du\u017cych stron u\u017cywa ciasteczek: s\u0105 one typowo wykorzystywane w internecie w celu \u015bwiadczenia spersonalizowanych us\u0142ug. Wi\u0119kszo\u015b\u0107 przegl\u0105darek automatycznie akceptuje ciasteczka. Za ka\u017cdym razem gdy U\u017cytkownik korzysta z naszej Strony internetowej uzyskujemy dost\u0119p do ciasteczka. W ten spos\u00f3b, aby spersonalizowa\u0107 \u015bwiadczone us\u0142ugi, mo\u017cemy \u015bledzi\u0107 funkcje u\u017cywane przez U\u017cytkownika oraz strony i tre\u015b\u0107, kt\u00f3r\u0105 U\u017cytkownik wy\u015bwietla na Stronie internetowej. W przegl\u0105darce mo\u017cna wy\u0142\u0105czy\u0107 obs\u0142ug\u0119 ciasteczek, ale taka decyzja mo\u017ce spowodowa\u0107 utrat\u0119 niekt\u00f3rych funkcji, kt\u00f3re potrzebuj\u0105 ciasteczek do prawid\u0142owego dzia\u0142ania. Dane zebrane przez ciasteczka mo\u017cemy wykorzystywa\u0107 do r\u00f3\u017cnych statystyk bez identyfikacji konkretnych u\u017cytkownik\u00f3w.\n\n<h3>Zgoda<\/h3>\n\nPrzekazuj\u0105c nam jakiekolwiek dane osobowe lub u\u017cywaj\u0105c naszych Us\u0142ug, U\u017cytkownik wyra\u017ca zgod\u0119 na wykorzystywanie swoich danych zgodnie z niniejsz\u0105 Polityk\u0105. Zastrzegamy sobie prawo do uzupe\u0142niania i modyfikacji niniejszej Polityki prywatno\u015bci, a wszelkie zmiany b\u0119d\u0105 publikowane na niniejszej stronie. Obowi\u0105zkiem U\u017cytkownika jest sprawdzenie Polityki prywatno\u015bci za ka\u017cdym razem, gdy prze\u015ble nam dane lub skorzysta z naszych Us\u0142ug. Skorzystanie oznacza wyra\u017cenie zgody na wszelkie zmiany. Z powodu globalnej natury infrastruktury internetowej mo\u017ce by\u0107 konieczne przekazanie danych osobowych firmom, kt\u00f3re znajduj\u0105 si\u0119 poza Europejskim Obszarem Gospodarczym. Pa\u0144stwa poza EOG mog\u0105 nie stosowa\u0107 podobnej ochrony danych U\u017cytkownika i nie wykorzystywa\u0107 ich tak, jak opisano to w niniejszej Polityce. Podj\u0119li\u015bmy jednak wymienione powy\u017cej kroki, kt\u00f3re maj\u0105 na celu pr\u00f3b\u0119 ochrony danych U\u017cytkownika.\n\n<h3>Wykorzystanie danych osobowych wys\u0142anych innym stronom internetowym<\/h3>\n\nNie odpowiadamy za polityk\u0119 prywatno\u015bci i dzia\u0142ania innych stron internetowych, nawet je\u015bli U\u017cytkownik uzyska\u0142 dost\u0119p do zewn\u0119trznej strony internetowej, korzystaj\u0105c z \u0142\u0105cza zamieszczonego na naszej Stronie internetowej. Zalecamy sprawdzenie polityki ka\u017cdej strony internetowej, kt\u00f3r\u0105 odwiedza U\u017cytkownik i kontakt z w\u0142a\u015bcicielem lub operatorem takiej strony w przypadku w\u0105tpliwo\u015bci lub pyta\u0144. Zalecamy sprawdzenie polityki ka\u017cdej strony internetowej, kt\u00f3r\u0105 odwiedza U\u017cytkownik i kontakt z w\u0142a\u015bcicielem lub operatorem takiej strony w przypadku w\u0105tpliwo\u015bci lub pyta\u0144.\n\n<h3>Wi\u0119cej informacji<\/h3>\n\nAby uzyska\u0107 od nas wi\u0119cej informacji na temat ochrony danych i prywatno\u015bci lub w przypadku pr\u00f3\u015bb dotycz\u0105cych danych osobowych, nale\u017cy pisa\u0107 na adres:\n\n\n\nINSonline Limited\n\nc\/o 29 Howard Street\n\nNorth Shields\n\nTyne and Wear\n\nNE30 1AR\n\n\n\nWielka Brytania\n\n\n\nwys\u0142a\u0107 email na adres:\n\n\n\n<a href=\"mailto:accounts@genesissupport247.com\">accounts@genesissupport247.com<\/a>\n\n\n\nlub zadzwoni\u0107 na numer:\n\n\n\nDarmowe po\u0142\u0105czenie w USA 24\/7 Numer obs\u0142ugi klienta: <a href=\"tel:+18555664408\">+1 8555 664 408<\/a>\n\nDarmowe po\u0142\u0105czenie w Wielkiej Brytanii 24\/7 Numer obs\u0142ugi klienta: <a href=\"tel:08000887686\">0800 088 7686<\/a>\n","protected":false},"excerpt":{"rendered":"<p>INSonline Limited jest w\u0142a\u015bcicielem bramki p\u0142atniczej Genesis i strony internetowej Genesissupport247.com, jak r\u00f3wnie\u017c ich operatorem. INSonline Limited (zwane dalej \u201eINS\u201d, \u201emy\u201d i \u201enas\u201d) zobowi\u0105zuje si\u0119 do ochrony prywatno\u015bci U\u017cytkownika. Dokument ten nale\u017cy czyta\u0107 wraz z naszymi Warunkami korzystania z serwisu genesissupport247.com (zwanym dalej \u201eStron\u0105 internetow\u0105\u201d), kt\u00f3rych jest cz\u0119\u015bci\u0105 (zwanymi dalej \u201eWarunkami\u201d). Niniejsza Polityka prywatno\u015bci, zgodnie [&hellip;]<\/p>\n","protected":false},"author":1,"featured_media":0,"parent":0,"menu_order":0,"comment_status":"open","ping_status":"open","template":"","meta":{"footnotes":""},"class_list":["post-242","page","type-page","status-publish","hentry"],"_links":{"self":[{"href":"https:\/\/www.genesissupport247.com\/pl\/wp-json\/wp\/v2\/pages\/242","targetHints":{"allow":["GET"]}}],"collection":[{"href":"https:\/\/www.genesissupport247.com\/pl\/wp-json\/wp\/v2\/pages"}],"about":[{"href":"https:\/\/www.genesissupport247.com\/pl\/wp-json\/wp\/v2\/types\/page"}],"author":[{"embeddable":true,"href":"https:\/\/www.genesissupport247.com\/pl\/wp-json\/wp\/v2\/users\/1"}],"replies":[{"embeddable":true,"href":"https:\/\/www.genesissupport247.com\/pl\/wp-json\/wp\/v2\/comments?post=242"}],"version-history":[{"count":4,"href":"https:\/\/www.genesissupport247.com\/pl\/wp-json\/wp\/v2\/pages\/242\/revisions"}],"predecessor-version":[{"id":667,"href":"https:\/\/www.genesissupport247.com\/pl\/wp-json\/wp\/v2\/pages\/242\/revisions\/667"}],"wp:attachment":[{"href":"https:\/\/www.genesissupport247.com\/pl\/wp-json\/wp\/v2\/media?parent=242"}],"curies":[{"name":"wp","href":"https:\/\/api.w.org\/{rel}","templated":true}]}}