{"id":210,"date":"2015-08-13T09:11:30","date_gmt":"2015-08-13T09:11:30","guid":{"rendered":"http:\/\/genesissupport247.com\/pl\/terms-conditions\/"},"modified":"2018-01-03T06:19:18","modified_gmt":"2018-01-03T06:19:18","slug":"terms-conditions","status":"publish","type":"page","link":"https:\/\/www.genesissupport247.com\/pl\/terms-conditions\/","title":{"rendered":"Warunki korzystania"},"content":{"rendered":"<h4>PRZED SKORZYSTANIEM ZE STRONY PROSIMY ZAZNAJOMI\u0106 SI\u0118 Z WARUNKAMI KORZYSTANIA<\/h4>\n\n<h3>WPROWADZENIE<\/h3>\n\nStrona internetowa <a href=\"https:\/\/www.genesissupport247.com\">genesissupport247.com<\/a> (\u201eStrona Firmy\u201d zgodnie z poni\u017csz\u0105 definicj\u0105) nale\u017cy do INSonline Limited (zwanej dalej \u201eFirm\u0105\u201d). Firma \u015bwiadczy us\u0142ugi p\u0142atnicze (zwane dalej \u201eUs\u0142ugami&#8221;) dla handlowc\u00f3w (zwanych dalej \u201eHandlowcem\u201d), kt\u00f3rzy s\u0105 w\u0142a\u015bcicielami i operatorami w\u0142asnych stron internetowych i\/lub fizycznych system\u00f3w przetwarzania POS. Kupuj\u0105c towary lub us\u0142ugi od powy\u017cszych handlowc\u00f3w i korzystaj\u0105c z us\u0142ug przetwarzania p\u0142atno\u015bci Firmy, U\u017cytkownik wyra\u017ca zgod\u0119 na stosowanie si\u0119 do Warunk\u00f3w korzystania, jak r\u00f3wnie\u017c na stosowanie si\u0119 do Warunk\u00f3w Handlowca, od kt\u00f3rego dokonuje zakupu. Je\u017celi niniejsze Warunki korzystania s\u0105 w sprzeczno\u015bci z Warunkami Handlowca, niniejsze Warunki korzystania maj\u0105 pierwsze\u0144stwo.\n\n\n\nHandlowiec jest jedynie odpowiedzialny za jako\u015b\u0107 towar\u00f3w i us\u0142ug nabywanych przez U\u017cytkownika.\n\n\n\nNiniejsza umowa podlega zmianie przez Firm\u0119 w dowolnym momencie. Zmiany obowi\u0105zuj\u0105 od chwili ich opublikowania na Stronie Firmy bez wcze\u015bniejszego powiadomienia.\n\n<h3>Definicje<\/h3>\n\nW niniejszych Warunkach korzystania nast\u0119puj\u0105ce terminy maj\u0105 nast\u0119puj\u0105ce znaczenia, je\u017celi pozwala na to kontekst:\n\n\n\n<strong>\u201eDodawanie zak\u0142adek&#8221;<\/strong>\n\nOznacza dzia\u0142anie maj\u0105ce na celu umieszczenie adresu URL w tymczasowym pliku w przegl\u0105darce U\u017cytkownika, aby m\u00f3g\u0142 bezpo\u015brednio wr\u00f3ci\u0107 do tej strony w p\u00f3\u017aniejszym terminie bez przechodzenia przez strony, kt\u00f3re mog\u0142y by\u0107 przegl\u0105dane przez niego wcze\u015bniej.\n\n\n\n<strong>\u201eStrona Firmy&#8221;\n\n<\/strong>Oznacza stron\u0119 internetow\u0105 pod adresem <a href=\"https:\/\/www.genesissupport247.com\">genesissupport247.com<\/a>.\n\n\n\n<strong>\u201eStrona Handlowca&#8221;\n\n<\/strong>Oznacza stron\u0119 internetow\u0105 Handlowca.\n\n\n\n<strong>\u201eU\u017cytkownik&#8221;\n\n<\/strong>Oznacza kupuj\u0105cego towary i us\u0142ugi dost\u0119pne na Stronie Handlowca za pomoc\u0105 naszych Us\u0142ug.\n\n<h3>Us\u0142ugi<\/h3>\n\nFirma b\u0119dzie zapewnia\u0107 wsparcie U\u017cytkownikowi w kwestii wszelkich pyta\u0144 na temat Us\u0142ug Firmy dotycz\u0105cych zakup\u00f3w towar\u00f3w i us\u0142ug, kt\u00f3rych dokona\u0142 na Stronie Handlowca.\n\n<h3>Rachunki<\/h3>\n\nDane Strony Handlowca oraz sporadycznie Strona Firmy b\u0119d\u0105 wymieniane w rachunku karty kredytowej, wyci\u0105gu z konta bankowego lub rachunku telefonicznym w zwi\u0105zku z wszelkimi op\u0142atami, najcz\u0119\u015bciej w formie skr\u00f3conej i wraz z numerem telefonicznym obs\u0142ugi klienta, kt\u00f3ry umo\u017cliwia kontakt z obs\u0142ug\u0105 klienta Firmy w ka\u017cdej chwili. Firma mo\u017ce poda\u0107 inne informacje na rachunkach U\u017cytkownika, aby zastosowa\u0107 si\u0119 do odno\u015bnych przepis\u00f3w, w tym m.in. firm kart kredytowych.\n\n<h3>Odpowiedzialno\u015b\u0107 za towary i us\u0142ugi<\/h3>\n\nFirma nie ma kontroli nad jakimikolwiek towarami i us\u0142ugami oferowanymi przez Handlowca, jedynie nad Us\u0142ugami \u015bwiadczonymi przez ni\u0105 U\u017cytkownikowi i Handlowcowi.\n\n\n\nBez wzgl\u0119du na powy\u017cszy punkt Firma mo\u017ce wed\u0142ug w\u0142asnego uznania zwr\u00f3ci\u0107 koszt towar\u00f3w i us\u0142ug zakupionych przy u\u017cyciu jej Us\u0142ug ze Strony Handlowca, kt\u00f3re uwa\u017ca za niedor\u0119czone, wadliwe podczas dostawy lub kt\u00f3re nie maj\u0105 warto\u015bci handlowej.\n\n\n\n\u017badnego zapisu niniejszych Warunk\u00f3w korzystania nie nale\u017cy interpretowa\u0107 jako ograniczaj\u0105cego nasz\u0105 odpowiedzialno\u015b\u0107 za zgon lub uszczerbek na zdrowiu wynik\u0142y z czynu bezprawnego lub zaniechania z naszej strony. Nie odpowiadamy za szkody, strat\u0119 lub koszty wynik\u0142e z zaniechania udzielenia porady lub informacji, lub podania nieprawid\u0142owej porady lub informacji, na Stronie firmy lub w innym miejscu, niezale\u017cnie od tego, czy wynika to z naszego zaniedbania czy nie, lub zaniedbania ka\u017cdego z naszych pracownik\u00f3w, agent\u00f3w lub podwykonawc\u00f3w.\n\n\n\nOdpowiedzialno\u015b\u0107, kt\u00f3r\u0105 bierze na siebie Firma zgodnie z niniejszymi warunkami zast\u0119puje wszelkie pozosta\u0142e \u2013 wyra\u017ane lub dorozumiane; prawne lub inne \u2013 gwarancje, warunki i odpowiedzialno\u015b\u0107 oraz wy\u0142\u0105cza je w odniesieniu do naszych Us\u0142ug, opr\u00f3cz wszelkich tych, kt\u00f3rych zgodnie z prawem nie mo\u017cna wy\u0142\u0105czy\u0107.\n\n\n\nOpr\u00f3cz sytuacji przewidzianych w niniejszych warunkach nie odpowiadamy z tytu\u0142u odpowiedzialno\u015bci umownej, deliktowej lub innej, odno\u015bnie do wad lub niedost\u0119pno\u015bci Us\u0142ug Firmy za wszelkie obra\u017cenia, szkody i utrat\u0119 wynik\u0142e z tych wad lub zaniedba\u0144.\n\n\n\nW \u017cadnym wypadku wszelkie naruszenie umowy z naszej strony lub czyn niedozwolony (w tym zaniedbanie i niewykonanie obowi\u0105zk\u00f3w wynik\u0142ych z posiadanej funkcji) lub jakiekolwiek zaniechanie z naszej strony lub ze strony naszych pracownik\u00f3w, agent\u00f3w lub podwykonawc\u00f3w nie b\u0119dzie skutkowa\u0107 odpowiedzialno\u015bci\u0105 za utrat\u0119 przychod\u00f3w lub wszelk\u0105 strat\u0119 nast\u0119pcz\u0105 lub po\u015bredni\u0105, lub szkod\u0119 wynik\u0142\u0105 z jakiegokolwiek powodu.\n\n\n\nWszelka odpowiedzialno\u015b\u0107 umowna, deliktowa lub inna z naszej strony odno\u015bnie do wszelkiej wady lub niedost\u0119pno\u015bci naszych Us\u0142ug, lub obowi\u0105zku w stosunku do U\u017cytkownika zgodnie z niniejszymi warunkami lub w zwi\u0105zku z nimi jest \u0142\u0105cznie ograniczona w zale\u017cno\u015bci od op\u0142acenia koszt\u00f3w \u015bwiadczenia Us\u0142ug.\n\n<h3>Pokwitowanie elektroniczne<\/h3>\n\nU\u017cytkownik otrzyma na adres e-mail pokwitowanie elektroniczne za ka\u017cdym razem, gdy korzystaj\u0105c z naszych Us\u0142ug, zakupi towary lub us\u0142ugi dost\u0119pne od Handlowca. U\u017cytkownik mo\u017ce w ka\u017cdej chwili poprosi\u0107 o ponowne przes\u0142anie tych szczeg\u00f3\u0142owych informacji. Aby skontaktowa\u0107 si\u0119 z Firm\u0105, nale\u017cy skorzysta\u0107 z danych kontaktowych na ko\u0144cu tego dokumentu.\n\n<h3>Anulowanie zam\u00f3wie\u0144<\/h3>\n\nJe\u017celi U\u017cytkownik poprosi o anulowanie lub zwrot koszt\u00f3w od Handlowca bez odpowiedniej przyczyny lub domniemanej odpowiedniej przyczyny, Firma mo\u017ce wed\u0142ug w\u0142asnego uznania zablokowa\u0107 dost\u0119p do swoich Us\u0142ug dla U\u017cytkownika u Handlowca lub ka\u017cdego innego Handlowca, dla kt\u00f3rego \u015bwiadczy Us\u0142ugi obecnie lub w przysz\u0142o\u015bci.\n\n<h3>Zwroty koszt\u00f3w<\/h3>\n\nJe\u017celi Firma dokona zwrotu koszt\u00f3w, ten zwrot koszt\u00f3w zostanie przeprowadzony jedynie za pomoc\u0105 tego samego sposobu p\u0142atno\u015bci co oryginalna transakcja. Firma dokona zwrotu koszt\u00f3w w formie got\u00f3wki, czeku lub za pomoc\u0105 innej karty kredytowej lub p\u0142atno\u015bci.\n\n<h3>Dodawanie zak\u0142adek<\/h3>\n\nU\u017cytkownik nie doda do zak\u0142adek Strony Firmy w celu omini\u0119cia Warunk\u00f3w korzystania Firmy. Bez uszczerbku dla zobowi\u0105zania U\u017cytkownika w tej kwestii, je\u017celi U\u017cytkownik to uczyni, b\u0119dzie to stanowi\u0107 wyra\u017cenie zgody na wszelkie powy\u017csze warunki.\n\n<h3>Upowa\u017cnienie do wykorzystania<\/h3>\n\nU\u017cytkownik nie b\u0119dzie podawa\u0107 si\u0119 za kogo\u015b innego, wykorzystywa\u0107 fa\u0142szywego nazwiska lub nazwiska, kt\u00f3rego nie ma prawa u\u017cywa\u0107, tworzy\u0107 fa\u0142szywej to\u017csamo\u015bci, pochodzenia lub adresu e-mail w celu wprowadzenia w b\u0142\u0105d Firmy, Handlowca lub innej osoby poprzez podanie niedok\u0142adnych lub niesolidnych danych kontaktowych. U\u017cytkownik nie b\u0119dzie u\u017cywa\u0142 Us\u0142ug Firmy w jakimkolwiek celu lub w jakikolwiek spos\u00f3b, kt\u00f3ry jest zakazany niniejszymi Warunkami lub w inny niezgodny z prawem spos\u00f3b. U\u017cytkownik wyra\u017ca zgod\u0119 na zwolnienie z odpowiedzialno\u015bci Firmy, jej urz\u0119dnik\u00f3w, pracownik\u00f3w i licencjodawc\u00f3w odno\u015bnie do wszelkiej straty, kt\u00f3r\u0105 mo\u017ce ona lub mog\u0105 oni odnie\u015b\u0107 w wyniku, bezpo\u015brednim lub po\u015brednim, naruszenia przez U\u017cytkownika tego zobowi\u0105zania. U\u017cytkownik uznaje, \u017ce korzysta z Us\u0142ug Firmy wy\u0142\u0105cznie na w\u0142asne ryzyko. Firma nie sk\u0142ada \u017cadnych innych o\u015bwiadcze\u0144 ani nie udziela gwarancji dotycz\u0105cych odpowiednio\u015bci, niezawodno\u015bci, czasowo\u015bci i\/lub dok\u0142adno\u015bci informacji zawartych na Stronie Firmy w jakimkolwiek celu. Firma wyra\u017anie zrzeka si\u0119 wszelkich gwarancji i warunk\u00f3w dotycz\u0105cych niniejszych informacji, w tym m.in. gwarancji nale\u017cytej jako\u015bci, dost\u0119pno\u015bci, nienaruszania przepis\u00f3w, kompletno\u015bci i dostosowania do konkretnego celu.\n\n\n\nStrona Handlowca mo\u017ce zawiera\u0107 reklamy. Firma nie odpowiada za tre\u015b\u0107 tych reklam ani ich nie popiera oraz nie bierze \u017cadnej odpowiedzialno\u015bci za wszelkie b\u0142\u0119dy i nieprawid\u0142owo\u015bci w nich zawarte.\n\n\n\nFirma nie odpowiada za wszelk\u0105 strat\u0119 lub szkod\u0119, kt\u00f3ra zaistnieje w wyniku wirusa lub naruszenia bezpiecze\u0144stwa. Firma nie daje gwarancji kompatybilno\u015bci Us\u0142ug Firmy z systemami komputerowymi, oprogramowaniem i sprz\u0119tem U\u017cytkownika.\n\n\n\nFirma nie odpowiada za wszelkie szkody, w tym m.in. szkody wynik\u0142e z utraty u\u017cyteczno\u015bci, wynik\u0142e z u\u017cywania lub dzia\u0142ania Strony Firmy, \u015bwiadczenia Us\u0142ug lub niemo\u017cno\u015bci ich \u015bwiadczenia lub wszelkich informacji zdobytych za po\u015brednictwem Strony Firmy lub w inny spos\u00f3b wynik\u0142ych z wykorzystania Strony Firmy, niezale\u017cnie od tego czy jest to z tytu\u0142u odpowiedzialno\u015bci umownej, deliktowej lub innej bez ogranicze\u0144.\n\n\n\nJe\u017celi U\u017cytkownik jest niezadowolony z jakiejkolwiek cz\u0119\u015bci Strony Firmy lub Us\u0142ug, lub z jakiegokolwiek zapisu Warunk\u00f3w korzystania, jedynym wyj\u015bciem, opr\u00f3cz sytuacji wyra\u017anie przewidzianych w niniejszych Warunkach, jest zaprzestanie korzystania ze Strony Firmy lub Us\u0142ug.\n\n\n\nO ile niniejsze Warunki nie stanowi\u0105 inaczej, Firma nie zrzeka si\u0119 odpowiedzialno\u015bci za zgon lub obra\u017cenia spowodowane jej w\u0142asnym zaniedbaniem. Zastrzegamy sobie prawo przerwania korzystania z Us\u0142ug Firmy przez U\u017cytkownika, je\u017celi naruszy warunki niniejszej umowy.\n\n<h3>Og\u00f3lne<\/h3>\n\nU\u017cytkownik zapewnia, \u017ce ma prawo zgodnie z przepisami prawa dla niego w\u0142a\u015bciwymi, uzyska\u0107 dost\u0119p do Strony Firmy i\/lub wykorzystywa\u0107 jej Us\u0142ugi w celu kupna towar\u00f3w i us\u0142ug od Handlowca. U\u017cytkownik odpowiada w pe\u0142ni za stosowanie si\u0119 do prawa lokalnego. Firma zastrzega sobie prawo monitorowania i \u015bledzenia wizyt U\u017cytkownika na Stronie Firmy. Zaniechanie lub op\u00f3\u017anienie przez Firm\u0119 przestrzegania stosowania si\u0119 do niniejszych Warunk\u00f3w nie b\u0119dzie stanowi\u0107 odst\u0105pienia od ich wykonania lub wykonania jakichkolwiek zapis\u00f3w niniejszych Warunk\u00f3w. \u017baden z warunk\u00f3w nie b\u0119dzie wykonalny zgodnie z przepisami English Contracts (Rights of Third Parties) Act 1999 (Ustawa Prawo Um\u00f3w z 1999 r. (prawa os\u00f3b trzecich)) (lub jej odpowiednika w innej jurysdykcji) wobec ka\u017cdej osoby trzeciej.\n\n\n\nJe\u017celi jakikolwiek zapis wy\u0142\u0105czenia odpowiedzialno\u015bci lub innego wy\u0142\u0105czenia jest niezgodny z prawem, niewa\u017cny lub z jakiegokolwiek powodu niewykonalny, wtedy taki zapis b\u0119dzie uwa\u017cany za rozdzielny i nie b\u0119dzie wp\u0142ywa\u0142 na wa\u017cno\u015b\u0107 lub wykonalno\u015b\u0107 pozosta\u0142ych zapis\u00f3w. Niniejsze warunki stanowi\u0105 ca\u0142kowit\u0105 umow\u0119 pomi\u0119dzy U\u017cytkownikiem i Firm\u0105 odno\u015bnie do wykorzystania Strony Firmy lub \u015bwiadczenia Us\u0142ug Firmy U\u017cytkownikowi i zast\u0119puj\u0105 wszelkie odno\u015bne wcze\u015bniejsze umowy lub zobowi\u0105zania.\n\n\n\nWyra\u017ane zapisy niniejszych warunk\u00f3w zamiast wszelkich gwarancji, warunk\u00f3w, zobowi\u0105za\u0144 i obowi\u0105zk\u00f3w wynikaj\u0105 z ustaw, prawa zwyczajowego, zwyczaju, zwyczaj\u00f3w handlowych, przebiegu transakcji handlowej lub innych i wszystkie z powy\u017cszych s\u0105 w pe\u0142ni wykluczone zgodnie z prawem.\n\n\n\nWszelkie powiadomienia przekazane przez jedn\u0105 ze stron drugiej zgodnie z niniejszymi warunkami lub w zwi\u0105zku z nimi b\u0119d\u0105 uwa\u017cane za w\u0142a\u015bciwie przekazane, je\u017celi zostan\u0105 wys\u0142ane na adres e-mail podany nam przez U\u017cytkownika w momencie korzystania z Us\u0142ug lub podany nam poprzez wys\u0142anie informacji na nast\u0119puj\u0105cy adres e-mail: <a href=\"mailto:accounts@genesissupport247.com\">accounts@genesissupport247.com<\/a>\n\n\n\nWarunki korzystania podlegaj\u0105 wyk\u0142adni prawa angielskiego. U\u017cytkownik poddaje si\u0119 niewy\u0142\u0105cznej jurysdykcji s\u0105d\u00f3w angielskich.\n\n<h3>PRAWO AUTORSKIE I ZNAKI TOWAROWE<\/h3>\n\nCa\u0142a tre\u015b\u0107 strony Firmy oraz wykorzystywane znaki towarowe s\u0105:\n\nzastrze\u017cone i nale\u017c\u0105 do Firmy.\n\n<h3>Mo\u017cna skontaktowa\u0107 si\u0119 z nami, korzystaj\u0105c z poni\u017cszych danych kontaktowych:<\/h3>\n\nDarmowe po\u0142\u0105czenie w USA 24\/7 Numer obs\u0142ugi klienta: +1 8555 664 408\n\nDarmowe po\u0142\u0105czenie w Wielkiej Brytanii 24\/7 Numer obs\u0142ugi klienta: 0800 088 7686\n\nEmail: <a href=\"mailto:accounts@genesissupport247.com\">accounts@genesissupport247.com<\/a>\n\n<h4>Adres:<\/h4>\n\nINSonline Limited\n\n\n\nPALOMA COURT\n\nStasikratous 16\n\n7th floor, Suite 701\n\n1065 Nikozja\n\n\n\nCypr\n","protected":false},"excerpt":{"rendered":"<p>PRZED SKORZYSTANIEM ZE STRONY PROSIMY ZAZNAJOMI\u0106 SI\u0118 Z WARUNKAMI KORZYSTANIA WPROWADZENIE Strona internetowa genesissupport247.com (\u201eStrona Firmy\u201d zgodnie z poni\u017csz\u0105 definicj\u0105) nale\u017cy do INSonline Limited (zwanej dalej \u201eFirm\u0105\u201d). Firma \u015bwiadczy us\u0142ugi p\u0142atnicze (zwane dalej \u201eUs\u0142ugami&#8221;) dla handlowc\u00f3w (zwanych dalej \u201eHandlowcem\u201d), kt\u00f3rzy s\u0105 w\u0142a\u015bcicielami i operatorami w\u0142asnych stron internetowych i\/lub fizycznych system\u00f3w przetwarzania POS. Kupuj\u0105c towary lub [&hellip;]<\/p>\n","protected":false},"author":1,"featured_media":0,"parent":0,"menu_order":0,"comment_status":"open","ping_status":"open","template":"","meta":{"footnotes":""},"class_list":["post-210","page","type-page","status-publish","hentry"],"_links":{"self":[{"href":"https:\/\/www.genesissupport247.com\/pl\/wp-json\/wp\/v2\/pages\/210","targetHints":{"allow":["GET"]}}],"collection":[{"href":"https:\/\/www.genesissupport247.com\/pl\/wp-json\/wp\/v2\/pages"}],"about":[{"href":"https:\/\/www.genesissupport247.com\/pl\/wp-json\/wp\/v2\/types\/page"}],"author":[{"embeddable":true,"href":"https:\/\/www.genesissupport247.com\/pl\/wp-json\/wp\/v2\/users\/1"}],"replies":[{"embeddable":true,"href":"https:\/\/www.genesissupport247.com\/pl\/wp-json\/wp\/v2\/comments?post=210"}],"version-history":[{"count":4,"href":"https:\/\/www.genesissupport247.com\/pl\/wp-json\/wp\/v2\/pages\/210\/revisions"}],"predecessor-version":[{"id":663,"href":"https:\/\/www.genesissupport247.com\/pl\/wp-json\/wp\/v2\/pages\/210\/revisions\/663"}],"wp:attachment":[{"href":"https:\/\/www.genesissupport247.com\/pl\/wp-json\/wp\/v2\/media?parent=210"}],"curies":[{"name":"wp","href":"https:\/\/api.w.org\/{rel}","templated":true}]}}