{"id":235,"date":"2015-07-14T06:03:48","date_gmt":"2015-07-14T06:03:48","guid":{"rendered":"http:\/\/genesissupport247.com\/it\/privacy-policy\/"},"modified":"2015-11-12T16:36:08","modified_gmt":"2015-11-12T16:36:08","slug":"privacy-policy","status":"publish","type":"page","link":"https:\/\/www.genesissupport247.com\/it\/privacy-policy\/","title":{"rendered":"Informativa sulla privacy"},"content":{"rendered":"INS Online Limited possiede e gestisce il gateway di pagamento di Genesis, nonch\u00e9 il sito web Genesissupport247.com. INS Online Limited (di seguito \u201cINS\u201d, &#8220;noi&#8221; e &#8220;ci&#8221;) si impegna a tutelare la privacy.\n\n\n\nQuesto avviso deve essere letto unitamente alle nostre Condizioni generali di <a href=\"https:\/\/www.genesissupport247.com\">genesissupport247.com<\/a> (di seguito \u201cSito web\u201d) di cui fa parte (di seguito \u201cCondizioni\u201d).\n\n\n\nQuesta informativa sulla privacy, come descritta nel presente documento, indica l&#8217;utilizzo dei dati raccolti, le modalit\u00e0 di contatto per limitare l&#8217;uso di questi dati e le procedure in atto a tutela della privacy.\n\n\n\n\u00c8 possibile visitare il Sito web senza divulgare alcuna informazione di identificazione personale.\n\n\n\nUtilizzando i nostri servizi di elaborazione del pagamento e del Sito web, o inviandoci informazioni tramite il Sito web o in collegamento a esso, in seguito denominati collettivamente i nostri Servizi, si acconsente alla raccolta, all&#8217;uso e alla divulgazione delle informazioni personali in conformit\u00e0 con la presente informativa sulla privacy. Qualora non si acconsenta alla presente informativa sulla privacy, non si devono utilizzare i nostri servizi di elaborazione dei pagamenti o il Sito web, n\u00e9 inviarci informazioni tramite il Sito web o in collegamento a esso.\n\n\n\nLa presente informativa sulla privacy \u00e8 supplementare alle Condizioni generali che disciplinano l&#8217;uso dei nostri Servizi. Le espressioni definite nelle presenti Condizioni generali hanno il medesimo significato di quelle della presente informativa sulla privacy.\n\n<h3>Informazioni raccolte e modalit\u00e0 d&#8217;uso<\/h3>\n\nUtilizzeremo, archivieremo o elaboreremo in altro modo qualsiasi dato personale relativo all&#8217;utente o che lo identifica, tra cui, ma non in senso limitativo, il nome, l&#8217;indirizzo postale, l&#8217;indirizzo di posta elettronica, i numeri di telefono, i numeri delle carte di credito, di debito o prepagate e le date di scadenza e qualsiasi altro dato raccolto da noi durante e dopo l&#8217;elaborazione del pagamento e, in generale, dall&#8217;uso dei nostri Servizi nella misura ragionevolmente necessaria a fornire tali servizi all&#8217;utente. Elaboriamo questi dati allo scopo di:\n\n<ul>\n\n\t<li>agevolare l&#8217;esecuzione della transazione;<\/li>\n\n\t<li>gestire domande e richieste;<\/li>\n\n\t<li>fornire e personalizzare i nostri servizi;<\/li>\n\n\t<li>elaborare il pagamento;<\/li>\n\n\t<li>eseguire un&#8217;analisi dei rischi e delle frodi e tutelare i dati finanziari e personali;<\/li>\n\n\t<li>assistere i nostri servizi di analisi commerciale per migliorare i nostri servizi. Inoltre raccogliamo questi dati e statistiche allo scopo di monitorare l&#8217;uso dei nostri Servizi e poter fornire tali dati a terzi attentamente selezionati in forma sintetica senza condividere alcun dato dettagliato delle singole transazioni.<\/li>\n\n<\/ul>\n\nInoltre raccogliamo questi dati e statistiche allo scopo di monitorare l&#8217;uso dei nostri Servizi e poter fornire tali dati a terzi attentamente selezionati in forma sintetica senza condividere alcun dato dettagliato delle singole transazioni.\n\n\n\n\u00c8 importante capire che durante l&#8217;uso dei nostri Servizi (i) si forniranno dati personali direttamente a noi o ai Siti web dei negozianti per elaborare i pagamenti dell&#8217;utente e che (ii) tale Sito web pu\u00f2 risiedere al di fuori dello spazio economico europeo. Decliniamo qualsiasi responsabilit\u00e0 per i dati forniti direttamente al negoziante non condivisi con noi nel processo di agevolare il pagamento. A questo proposito si rimanda all&#8217;informativa sulla privacy del negoziante.\n\n\n\nSe si interrompe l&#8217;uso dei nostri Servizi, abbiamo la facolt\u00e0 di continuare a utilizzare e a divulgare i dati personali in conformit\u00e0 con la presente informativa sulla privacy (come modificata saltuariamente) e nei limiti di legge.\n\n<h3>Sicurezza dei dati<\/h3>\n\nInternet non \u00e8 un mezzo sicuro. Tuttavia, abbiamo messo in atto diverse procedure di sicurezza, come descritto nella presente informativa. Tenere presente che le comunicazioni su Internet, quali e-mail e posta elettronica web, non sono sicure, salvo essere crittografate. \u00c8 possibile che i dati vengano instradati in diversi Paesi prima di essere consegnati. Questa \u00e8 la natura di Internet. Decliniamo qualsiasi responsabilit\u00e0 per l&#8217;accesso non autorizzato o perdita di dati personali che esulano dal nostro controllo. Riteniamo di disporre di politiche, norme e misure tecniche appropriate per tutelare i dati personali che sono sotto il nostro controllo (in merito al tipo e alla quantit\u00e0 di tali dati) da accesso non autorizzato, uso improprio o divulgazione, modifica non autorizzata, distruzione illecita o perdita accidentale. Tutti i nostri dipendenti ed elaboratori di dati che hanno accesso all&#8217;elaborazione dei dati personali e associati a essi sono tenuti a rispettare la confidenzialit\u00e0 dei dati dei nostri visitatori. Assicuriamo che i dati non verranno divulgati a enti o istituzioni pubbliche, salvo richiesto dalla legge, da enti normativi o da organizzazioni preposte all&#8217;applicazione della legge.\n\n<h3><strong>Chi avr\u00e0 accesso ai dati?<\/strong><\/h3>\n\nAi fini specificati nella presente informativa sulla privacy, i dati possono essere divulgati per l&#8217;elaborazione a:\n\n<ul>\n\n\t<li>fornitori di beni e servizi ordinati dall&#8217;utente;<\/li>\n\n\t<li>chi riceve il pagamento tramite i nostri Servizi;<\/li>\n\n\t<li>i nostri dipendenti;<\/li>\n\n\t<li>i nostri affiliati;<\/li>\n\n\t<li>le compagnie del nostro gruppo e i loro dipendenti;<\/li>\n\n\t<li>aventi causa della nostra attivit\u00e0;<\/li>\n\n\t<li>consulenti, contraenti e altri provider di servizi terzi che possono accedere ai dati personali quando forniscono servizi (tra cui, ma non in senso limitativo, i servizi di assistenza IT);<\/li>\n\n\t<li>enti governativi e forze dell&#8217;ordine e in risposta ad altre istanze normative e legali; e<\/li>\n\n\t<li>revisori contabili, contraenti o altri consulenti che controllano, assistono o offrono consulenza su uno qualsiasi di nostri scopi commerciali, in qualsiasi giurisdizione in cui operiamo.<\/li>\n\n<\/ul>\n\n<h3>Diritti dell&#8217;utente in relazione ai dati<\/h3>\n\nIn qualsiasi momento \u00e8 possibile chiederci informazioni sui nostri Servizi e sui tipi di dati raccolti durante la fornitura di detti Servizi, scrivendoci.\n\n\n\nScrivere a:\n\n\n\nINSonline Limited\n\nc\/o 29 Howard Street\n\nNorth Shields\n\nTyne and Wear\n\nNE30 1AR\n\n\n\nRegno Unito\n\n\n\n\u00a0\n\n\n\nO inviarci un&#8217;e-mail a: <a href=\"mailto:accounts@genesissupport247.com\">accounts@genesissupport247.com<\/a>\n\n\n\nCitare il proprio nome e indirizzo. Inoltre richiediamo all&#8217;utente di fornirci brevi dettagli scritti dei dati che ritiene potremmo disporre sul suo conto nei nostri archivi. Prima di fornire i dettagli dei dati personali che potremmo detenere, richiederemo un documento comprovante l&#8217;identit\u00e0. Addebiteremo \u00a325,00 a copertura dei costi amministrativi sostenuti nel fornire i dettagli di questi dati.\n\n<h3>Cookie<\/h3>\n\nI dati trasferiti sull&#8217;hard disk del computer da un sito web sono conosciuti come cookie. Consentono al nostro Sito web di archiviare dati sulle configurazioni di navigazione, migliorando l&#8217;utilit\u00e0 del Sito web per l&#8217;utente. Molti dei siti pi\u00f9 importanti utilizzano i cookie: di fatto si utilizzano comunemente in tutto Internet per offrire servizi personalizzati. La maggior parte dei browser \u00e8 impostata automaticamente per accettare i cookie. Ogni volta che si utilizza un Sito web, questo accede al cookie. In questo modo possiamo tracciare le funzioni utilizzate e le pagine e i contenuti visitati sul Sito web per aiutare a personalizzare l&#8217;esperienza dell&#8217;utente. \u00c8 possibile disattivare il supporto dei cookie sul browser, ma si potrebbero perdere alcune funzioni che per funzionare adeguatamente richiedono un cookie. Potremmo utilizzare i dati raccolti dai cookie per fini statistici senza identificare i singoli utenti.\n\n<h3>Consenso<\/h3>\n\nInviandoci qualsiasi dato personale e\/o utilizzando i nostri Servizi, si acconsente all&#8217;uso dei dati come stabilito nella presente informativa. Ci riserviamo il diritto di correggere o modificare la presente informativa sulla privacy. In tal caso, pubblicheremo le modifiche su questa pagina. \u00c8 responsabilit\u00e0 dell&#8217;utente controllare l&#8217;informativa sulla privacy ogni volta che ci invia informazioni o riutilizza i nostri Servizi. L&#8217;utilizzo costituisce l&#8217;accettazione di tutte le modifiche. A causa della natura globale dell&#8217;infrastruttura di Internet, potrebbe essere necessario trasferire i dati personali a societ\u00e0 con sede al di fuori dello spazio economico europeo. I Paesi che esulano dallo SEE potrebbero non aver attuato tutele simili in merito ai dati e al loro utilizzo come stabilito nella presente informativa. Tuttavia, abbiamo adottato le misure indicate precedentemente nel tentativo di tutelare la sicurezza dei dati.\n\n<h3>Utilizzo dei dati personali inviati ad altri siti web<\/h3>\n\nNon rispondiamo delle informative sulla privacy e delle pratiche di altri siti web, anche se si \u00e8 avuto accesso al sito web di terzi dai link del nostro Sito web. Consigliamo di controllare l&#8217;informativa di ciascun sito web visitato e di contattare il proprietario o l&#8217;operatore di tale sito web in caso di dubbi o domande.\n\n<h3>Ulteriori informazioni<\/h3>\n\nPer ulteriori informazioni sulla privacy e tutela dei dati o per qualsiasi richiesta relativa ai dati personali, scrivere a:\n\n\n\nINSonline Limited\n\nc\/o 29 Howard Street\n\nNorth Shields\n\nTyne and Wear\n\nNE30 1AR\n\n\n\nRegno Unito\n\n\n\ninviarci un&#8217;e-mail a:\n\n\n\n<a href=\"mailto:accounts@genesissupport247.com\">accounts@genesissupport247.com<\/a>\n\n\n\no telefonarci:\n\n\n\nNumero gratuito dell&#8217;assistenza clienti 24 ore su 24 per gli Stati Uniti: <a href=\"tel:+18555664408\">+1 8555 664 408<\/a>\n\nNumero gratuito dell&#8217;assistenza clienti 24 ore su 24 per il Regno Unito: <a href=\"tel:08000887686\">0800 088 7686<\/a>\n","protected":false},"excerpt":{"rendered":"<p>INS Online Limited possiede e gestisce il gateway di pagamento di Genesis, nonch\u00e9 il sito web Genesissupport247.com. INS Online Limited (di seguito \u201cINS\u201d, &#8220;noi&#8221; e &#8220;ci&#8221;) si impegna a tutelare la privacy. Questo avviso deve essere letto unitamente alle nostre Condizioni generali di genesissupport247.com (di seguito \u201cSito web\u201d) di cui fa parte (di seguito \u201cCondizioni\u201d). [&hellip;]<\/p>\n","protected":false},"author":1,"featured_media":0,"parent":0,"menu_order":0,"comment_status":"open","ping_status":"open","template":"","meta":{"footnotes":""},"class_list":["post-235","page","type-page","status-publish","hentry"],"_links":{"self":[{"href":"https:\/\/www.genesissupport247.com\/it\/wp-json\/wp\/v2\/pages\/235","targetHints":{"allow":["GET"]}}],"collection":[{"href":"https:\/\/www.genesissupport247.com\/it\/wp-json\/wp\/v2\/pages"}],"about":[{"href":"https:\/\/www.genesissupport247.com\/it\/wp-json\/wp\/v2\/types\/page"}],"author":[{"embeddable":true,"href":"https:\/\/www.genesissupport247.com\/it\/wp-json\/wp\/v2\/users\/1"}],"replies":[{"embeddable":true,"href":"https:\/\/www.genesissupport247.com\/it\/wp-json\/wp\/v2\/comments?post=235"}],"version-history":[{"count":4,"href":"https:\/\/www.genesissupport247.com\/it\/wp-json\/wp\/v2\/pages\/235\/revisions"}],"predecessor-version":[{"id":625,"href":"https:\/\/www.genesissupport247.com\/it\/wp-json\/wp\/v2\/pages\/235\/revisions\/625"}],"wp:attachment":[{"href":"https:\/\/www.genesissupport247.com\/it\/wp-json\/wp\/v2\/media?parent=235"}],"curies":[{"name":"wp","href":"https:\/\/api.w.org\/{rel}","templated":true}]}}