{"id":202,"date":"2015-08-13T09:11:30","date_gmt":"2015-08-13T09:11:30","guid":{"rendered":"http:\/\/genesissupport247.com\/it\/terms-conditions\/"},"modified":"2018-01-03T06:19:37","modified_gmt":"2018-01-03T06:19:37","slug":"terms-conditions","status":"publish","type":"page","link":"https:\/\/www.genesissupport247.com\/it\/terms-conditions\/","title":{"rendered":"Condizioni generali"},"content":{"rendered":"<h4>PRIMA DI UTILIZZARE IL SITO WEB SI PREGA DI LEGGERE ATTENTAMENTE LE PRESENTI CONDIZIONI.<\/h4>\n\n<h3>INTRODUZIONE<\/h3>\n\nIl sito web <a href=\"https:\/\/www.genesissupport247.com\">genesissupport247.com<\/a> (di seguito \u201cSito dell&#8217;azienda\u201d) \u00e8 di propriet\u00e0 di INSonline Limited (\u201cl&#8217;Azienda\u201d). L&#8217;Azienda fornisce servizi di elaborazione dei pagamenti (di seguito \u201ci Servizi\u201d) ai negozianti (di seguito \u201cil Negoziante\u201d) che possiedono e gestiscono i loro siti web e\/o sistemi di elaborazione del POS fisici. Acquistando beni e servizi da questi negozianti e utilizzando i servizi di elaborazione dei pagamenti dell&#8217;Azienda, si accetta di essere vincolati dalle presenti Condizioni generali e da quelle del negoziante da cui si sta acquistando. Qualora si verificasse un conflitto tra le presenti Condizioni generali e quelle del Negoziante, prevarranno le presenti Condizioni generali.\n\n\n\nIl Negoziante \u00e8 il solo responsabile della qualit\u00e0 dei beni e dei servizi acquistati dall&#8217;Utente.\n\n\n\nQuesto accordo \u00e8 soggetto a modifica da parte dell&#8217;Azienda in qualsiasi momento. Le modifiche sono effettive a partire dalla loro pubblicazione sul sito dell&#8217;Azienda, senza ulteriore avviso.\n\n<h3>Definizioni<\/h3>\n\nNelle presenti Condizioni generali le seguenti espressioni hanno i seguenti significati, laddove il contesto lo consente:\n\n\n\n<strong>&#8220;Aggiungere ai preferiti&#8221;<\/strong>\n\nSignifica l&#8217;atto di collocare un URL in un file temporaneo del browser, in modo da poter ritornare direttamente su quella pagina in futuro, senza dover rivisitare tutte le pagine che l&#8217;hanno preceduta.\n\n\n\n<strong>&#8220;Sito dell&#8217;azienda&#8221;\n\n<\/strong>Significa il sito web su <a href=\"https:\/\/www.genesissupport247.com\">genesissupport247.com.<\/a>\n\n\n\n<strong>&#8220;Sito del negoziante&#8221;\n\n<\/strong>Significa il sito web del Negoziante\n\n\n\n<strong>&#8220;Utente&#8221;\n\n<\/strong>Significa un acquirente di beni e servizi disponibili tramite il Sito del negoziante, utilizzando i nostri Servizi.\n\n<h3>Servizi<\/h3>\n\nL&#8217;Azienda fornir\u00e0 assistenza all&#8217;utente su tutte le domande relative ai suoi Servizi per gli acquisti di beni e servizi effettuati sul Sito del negoziante.\n\n<h3>Estratti conto<\/h3>\n\nIl Sito del negoziante, e talvolta anche il Sito dell&#8217;azienda, apparir\u00e0 sulla carta di credito, l&#8217;estratto conto bancario o la bolletta del telefono per tutti gli addebiti effettuati, solitamente in formato abbreviato, oltre a un numero di telefono dell&#8217;assistenza clienti a cui potersi rivolgere in qualsiasi momento qualora si necessitasse di contattare l&#8217;help desk del servizio clienti dell&#8217;Azienda. L&#8217;Azienda pu\u00f2 includere altre informazioni sull&#8217;estratto conto per gli scopi di qualsiasi normativa rilevante, tra cui quelle delle associazioni delle carte di credito.\n\n<h3>Responsabilit\u00e0 dei beni e servizi<\/h3>\n\nL&#8217;Azienda non ha il controllo sui beni e servizi offerti dal Negoziante, ma soltanto sui Servizi che fornisce all&#8217;Utente e al Negoziante.\n\n\n\nIn deroga al paragrafo precedente, l&#8217;Azienda pu\u00f2 a sua unica discrezione rimborsare all&#8217;Utente il costo dei beni e dei servizi acquistati avvalendosi dei suoi Servizi dal Sito del negoziante che ritiene non aver effettuato la consegna, per difetti alla consegna o qualit\u00e0 non commerciabile.\n\n\n\nNessun termine delle presenti Condizioni generali deve essere inteso come una limitazione della nostra responsabilit\u00e0 in caso di decesso o lesione personale derivante da un atto illecito od omissione da parte nostra. Decliniamo qualsiasi responsabilit\u00e0 per danni, perdite o spese derivanti dalla mancanza di avvisi o informazioni o dall&#8217;errato consiglio o informazioni, sul Sito dell&#8217;azienda o altrove, dovuti o meno dalla nostra negligenza o da quella dei nostri dipendenti, agenti o subappaltatori.\n\n\n\nLa responsabilit\u00e0 assunta dall&#8217;Azienda secondo le presenti condizioni sar\u00e0 in luogo e ad esclusione di tutte le altre garanzie, condizioni, termini e responsabilit\u00e0, espresse o implicite, prescritte dalla legge o altro, in rispetto dei nostri Servizi, ad eccezione di quanto non escludibile per legge.\n\n\n\nAd eccezione di quanto stabilito nelle presenti condizioni, decliniamo qualsiasi responsabilit\u00e0, contrattuale, civile o altro, in merito a difetti o mancata disponibilit\u00e0 dei Servizi dell&#8217;azienda o per qualsiasi lesione, danno o perdita derivanti da tali difetti o mancanza.\n\n\n\nIn nessun caso qualsiasi violazione del contratto, torto (tra cui negligenza e violazione degli obblighi di legge) o mancanza di qualsiasi tipo da parte nostra o da quella dei nostri dipendenti, agenti o subappaltatori dar\u00e0 luogo ad alcuna responsabilit\u00e0 per la perdita di ricavi o per qualsiasi perdita o danno indiretto o consequenziale derivante da una causa qualunque.\n\n\n\nQualsiasi responsabilit\u00e0 contrattuale, civile o altro da parte nostra in merito a qualsiasi difetto o alla mancata disponibilit\u00e0 dei Servizi o di qualsiasi obbligo detenuto dall&#8217;Utente o connesso a questi termini verr\u00e0 ulteriormente limitata complessivamente al rimborso dell&#8217;importo della fornitura dei Servizi.\n\n<h3>Ricevuta elettronica<\/h3>\n\nOgni volta che si acquisteranno beni o servizi disponibili dal Negoziante avvalendosi dei nostri Servizi, si ricever\u00e0 una ricevuta via e-mail al proprio indirizzo di posta elettronica. \u00c8 possibile richiedere queste informazioni e dettagli inviati via e-mail in qualsiasi momento. Per contattare l&#8217;Azienda, fare riferimento ai recapiti in calce al presente documento.\n\n<h3>Cancellazione degli ordini<\/h3>\n\nQualora si richieda la cancellazione o un rimborso dal Negoziante senza giustificato motivo o senza apparente giustificato motivo, l&#8217;Azienda pu\u00f2, a sua unica discrezione, bloccare l&#8217;accesso dell&#8217;Utente ai suoi Servizi tramite il Negoziante o qualsiasi altro Negoziante che fornisce i Servizi, ora o in futuro.\n\n<h3>Rimborsi<\/h3>\n\nQualora l&#8217;Azienda emetta un rimborso, questo verr\u00e0 accreditato solamente con la modalit\u00e0 di pagamento utilizzata nella transazione originale. L&#8217;Azienda non emetter\u00e0 rimborsi in contanti, assegno o su un&#8217;altra carta di credito o procedura di pagamento.\n\n<h3>Aggiunta ai preferiti<\/h3>\n\nNon si devono aggiungere ai preferiti le pagine del Sito dell&#8217;azienda al fine di bypassare le condizioni dell&#8217;Azienda. Senza pregiudicare l&#8217;obbligo di non farlo, l&#8217;aggiunta di una pagina ai preferiti costituir\u00e0 l&#8217;accettazione di tali condizioni.\n\n<h3>Autorizzazione all&#8217;uso<\/h3>\n\nNon si deve impersonare un&#8217;altra persona, utilizzare un nome falso o un nome che non si \u00e8 autorizzati a utilizzare, creare un&#8217;identit\u00e0, un&#8217;origine o un indirizzo e-mail falsi per fuorviare l&#8217;Azienda, il Negoziante o altri fornendo recapiti imprecisi o inattendibili. Non si devono utilizzare i Servizi dell&#8217;azienda per scopi o in modi vietati dalle presenti condizioni o illegali in altra maniera. Si accetta di indennizzare l&#8217;Azienda, i suoi incaricati, dipendenti e concessori in licenza in merito a qualsiasi perdita subita da essi derivante, direttamente o indirettamente, da qualsiasi violazione di questo impegno da parte dell&#8217;Utente. Si riconosce che l&#8217;Utente utilizza i Servizi dell&#8217;azienda a suo unico rischio. L&#8217;Azienda non fornisce alcuna dichiarazione n\u00e9 garanzia di alcun tipo sulla sostenibilit\u00e0, l&#8217;affidabilit\u00e0, la tempestivit\u00e0 e\/o la precisione delle informazioni contenute nel Sito dell&#8217;azienda per alcun motivo. L&#8217;Azienda declina espressamente tutte le garanzie e le condizioni in merito a queste informazioni, tra cui, ma non in senso limitativo, a garanzie di qualit\u00e0 soddisfacente, disponibilit\u00e0, assenza di violazione, completezza e idoneit\u00e0 a uno scopo preciso.\n\n\n\nIl Sito del negoziante potrebbe contenere pubblicit\u00e0. L&#8217;Azienda non \u00e8 responsabile n\u00e9 approva il contenuto di queste pubblicit\u00e0 e declina ogni responsabilit\u00e0 in merito a qualsiasi errore o imprecisione di esse.\n\n\n\nL&#8217;Azienda non potr\u00e0 essere ritenuta responsabile di qualsiasi danno o perdita avvenuta come risultato di un qualsiasi virus o violazione della sicurezza. L&#8217;Azienda non offre alcuna garanzia sulla compatibilit\u00e0 dei Servizi dell&#8217;azienda con i sistemi informatici, i software o l&#8217;hardware dell&#8217;Utente.\n\n\n\nL&#8217;Azienda non potr\u00e0 essere ritenuta responsabile di danni, tra cui, ma non in senso limitativo, danni per la perdita d&#8217;uso derivanti dall&#8217;uso o dalle prestazioni del Sito dell&#8217;azienda, la fornitura o la mancata fornitura dei Servizi o qualsiasi informazione ottenuta attraverso il Sito dell&#8217;azienda o in altro modo derivante dall&#8217;uso del Sito dell&#8217;azienda, siano essi basati su contratto, illecito o altro, senza limitazioni.\n\n\n\nQualora l&#8217;Utente sia insoddisfatto di una parte qualsiasi del Sito dell&#8217;azienda o dei Servizi, o con una qualsiasi delle presenti condizioni d&#8217;uso, l&#8217;unico rimedio, salvo quanto specificatamente stabilito nelle presenti condizioni, \u00e8 interrompere l&#8217;uso del Sito dell&#8217;azienda e\/o dei Servizi.\n\n\n\nFermo restando quanto previsto nelle presenti condizioni, l&#8217;Azienda non si assume alcuna responsabilit\u00e0 per decesso o lesioni provocate dalla sua negligenza. Qualora l&#8217;Utente violi le condizioni del presente contratto, ci riserviamo il diritto di interrompere l&#8217;uso dei Servizi dell&#8217;azienda.\n\n<h3>Note generali<\/h3>\n\nSi garantisce di avere il diritto secondo le leggi di qualsiasi giurisdizione a cui si \u00e8 soggetti di accedere al Sito dell&#8217;azienda e\/o di utilizzare i suoi Servizi per acquistare beni e servizi dal Negoziante. L&#8217;Utente \u00e8 l&#8217;unico responsabile della sua conformit\u00e0 alle leggi locali. L&#8217;Azienda si riserva il diritto di monitorare e di tracciare le visite dell&#8217;Utente sul Sito dell&#8217;azienda. La mancata attuazione o il ritardo nel far rispettare la conformit\u00e0 con le presenti condizioni non implica una rinuncia a quella o a qualsiasi altra clausola delle presenti condizioni. Nessuna delle presenti condizioni costituisce titolo esecutivo secondo l&#8217;English Contracts (Rights of Third Parties) Act del 1999 (o decreto equivalente in qualsiasi giurisdizione) da parte di qualsiasi terzo.\n\n\n\nQualora una o pi\u00f9 clausole delle presenti esclusioni di responsabilit\u00e0 risulteranno illegali, nulle o per qualsiasi motivo inapplicabili, dette clausole saranno ritenute separabili e non intaccheranno la validit\u00e0 e l&#8217;applicabilit\u00e0 delle restanti clausole. Le presenti condizioni costituiscono l&#8217;intero accordo tra l&#8217;Utente e l&#8217;Azienda per quanto riguarda l&#8217;uso del Sito dell&#8217;azienda e\/o la fornitura dei Servizi dell&#8217;Azienda all&#8217;Utente e prevale su qualsiasi dichiarazione o accordo precedente rilevante.\n\n\n\nLe clausole espresse delle presenti condizioni sostituiscono tutte le garanzie, le condizioni, i termini, gli impegni e gli obblighi impliciti per statuto, common law, consuetudine, uso commerciale, trattativa o altro, tutti esclusi nella massima misura consentita dalla legge.\n\n\n\nQualsiasi avviso da dare, da una parte all&#8217;altra, in virt\u00f9 delle presenti condizioni o in collegamento ad esse, sar\u00e0 ritenuto sufficiente quando viene inviato all&#8217;Utente all&#8217;indirizzo e-mai fornito al momento dell&#8217;uso dei Servizi, o a noi al seguente indirizzo e-mail: <a href=\"mailto:accounts@genesissupport247.com\">accounts@genesissupport247.com<\/a>\n\n\n\nLa legge inglese disciplina le presenti Condizioni generali. L&#8217;Utente sottost\u00e0 alla giurisdizione non esclusiva dei tribunali inglesi.\n\n<h3>AVVISI SU COPYRIGHT E MARCHI DI FABBRICA<\/h3>\n\nL&#8217;intero contenuto del sito dell&#8217;Azienda e qualsiasi marchio di fabbrica utilizzato sono protetti da\n\ncopyright e sono di propriet\u00e0 dell&#8217;Azienda.\n\n<h3>\u00c8 possibile contattarci utilizzando i seguenti dettagli:<\/h3>\n\nNumero gratuito dell&#8217;assistenza clienti 24 ore su 24 per gli Stati Uniti: +1 8555 664 408\n\nNumero gratuito dell&#8217;assistenza clienti 24 ore su 24 per il Regno Unito: 0800 088 7686\n\nE-mail: <a href=\"mailto:accounts@genesissupport247.com\">accounts@genesissupport247.com<\/a>\n\n<h4>Scrivere a:<\/h4>\n\nINSonline Limited\n\n\n\nPALOMA COURT\n\nStasikratous 16\n\n7th floor, Suite 701\n\n1065 Nicosia\n\n\n\nCipro\n","protected":false},"excerpt":{"rendered":"<p>PRIMA DI UTILIZZARE IL SITO WEB SI PREGA DI LEGGERE ATTENTAMENTE LE PRESENTI CONDIZIONI. INTRODUZIONE Il sito web genesissupport247.com (di seguito \u201cSito dell&#8217;azienda\u201d) \u00e8 di propriet\u00e0 di INSonline Limited (\u201cl&#8217;Azienda\u201d). L&#8217;Azienda fornisce servizi di elaborazione dei pagamenti (di seguito \u201ci Servizi\u201d) ai negozianti (di seguito \u201cil Negoziante\u201d) che possiedono e gestiscono i loro siti web [&hellip;]<\/p>\n","protected":false},"author":1,"featured_media":0,"parent":0,"menu_order":0,"comment_status":"open","ping_status":"open","template":"","meta":{"footnotes":""},"class_list":["post-202","page","type-page","status-publish","hentry"],"_links":{"self":[{"href":"https:\/\/www.genesissupport247.com\/it\/wp-json\/wp\/v2\/pages\/202","targetHints":{"allow":["GET"]}}],"collection":[{"href":"https:\/\/www.genesissupport247.com\/it\/wp-json\/wp\/v2\/pages"}],"about":[{"href":"https:\/\/www.genesissupport247.com\/it\/wp-json\/wp\/v2\/types\/page"}],"author":[{"embeddable":true,"href":"https:\/\/www.genesissupport247.com\/it\/wp-json\/wp\/v2\/users\/1"}],"replies":[{"embeddable":true,"href":"https:\/\/www.genesissupport247.com\/it\/wp-json\/wp\/v2\/comments?post=202"}],"version-history":[{"count":4,"href":"https:\/\/www.genesissupport247.com\/it\/wp-json\/wp\/v2\/pages\/202\/revisions"}],"predecessor-version":[{"id":630,"href":"https:\/\/www.genesissupport247.com\/it\/wp-json\/wp\/v2\/pages\/202\/revisions\/630"}],"wp:attachment":[{"href":"https:\/\/www.genesissupport247.com\/it\/wp-json\/wp\/v2\/media?parent=202"}],"curies":[{"name":"wp","href":"https:\/\/api.w.org\/{rel}","templated":true}]}}