{"id":247,"date":"2015-07-10T07:43:34","date_gmt":"2015-07-10T07:43:34","guid":{"rendered":"http:\/\/genesissupport247.com\/fr\/sample-page-2\/"},"modified":"2025-10-31T08:45:55","modified_gmt":"2025-10-31T08:45:55","slug":"index-home-page","status":"publish","type":"page","link":"https:\/\/www.genesissupport247.com\/fr\/","title":{"rendered":"GenesisSupport24\/7 apporte une assistance \u00e0 nos clients issus du e-commerce"},"content":{"rendered":"Si vous avez achet\u00e9 des marchandises physiques ou num\u00e9riques ou que vous avez adh\u00e9r\u00e9 \u00e0 partir d&#8217;un site Web marchand, veuillez consulter dans un premier temps le site Web o\u00f9 vous avez effectu\u00e9 l&#8217;achat ou dont vous \u00eates adh\u00e9rant pour obtenir les coordonn\u00e9es exactes. Si vous avez besoin d&#8217;aide suppl\u00e9mentaire de notre part, n&#8217;h\u00e9sitez pas \u00e0 nous contacter aux coordonn\u00e9es indiqu\u00e9es ci-dessous.\r\n","protected":false},"excerpt":{"rendered":"<p>Si vous avez achet\u00e9 des marchandises physiques ou num\u00e9riques ou que vous avez adh\u00e9r\u00e9 \u00e0 partir d&#8217;un site Web marchand, veuillez consulter dans un premier temps le site Web o\u00f9 vous avez effectu\u00e9 l&#8217;achat ou dont vous \u00eates adh\u00e9rant pour obtenir les coordonn\u00e9es exactes. Si vous avez besoin d&#8217;aide suppl\u00e9mentaire de notre part, n&#8217;h\u00e9sitez pas [&hellip;]<\/p>\n","protected":false},"author":1,"featured_media":807,"parent":0,"menu_order":0,"comment_status":"closed","ping_status":"closed","template":"","meta":{"footnotes":""},"class_list":["post-247","page","type-page","status-publish","has-post-thumbnail","hentry"],"_links":{"self":[{"href":"https:\/\/www.genesissupport247.com\/fr\/wp-json\/wp\/v2\/pages\/247","targetHints":{"allow":["GET"]}}],"collection":[{"href":"https:\/\/www.genesissupport247.com\/fr\/wp-json\/wp\/v2\/pages"}],"about":[{"href":"https:\/\/www.genesissupport247.com\/fr\/wp-json\/wp\/v2\/types\/page"}],"author":[{"embeddable":true,"href":"https:\/\/www.genesissupport247.com\/fr\/wp-json\/wp\/v2\/users\/1"}],"replies":[{"embeddable":true,"href":"https:\/\/www.genesissupport247.com\/fr\/wp-json\/wp\/v2\/comments?post=247"}],"version-history":[{"count":7,"href":"https:\/\/www.genesissupport247.com\/fr\/wp-json\/wp\/v2\/pages\/247\/revisions"}],"predecessor-version":[{"id":735,"href":"https:\/\/www.genesissupport247.com\/fr\/wp-json\/wp\/v2\/pages\/247\/revisions\/735"}],"wp:featuredmedia":[{"embeddable":true,"href":"https:\/\/www.genesissupport247.com\/fr\/wp-json\/wp\/v2\/media\/807"}],"wp:attachment":[{"href":"https:\/\/www.genesissupport247.com\/fr\/wp-json\/wp\/v2\/media?parent=247"}],"curies":[{"name":"wp","href":"https:\/\/api.w.org\/{rel}","templated":true}]}}