{"id":252,"date":"2015-07-10T07:43:34","date_gmt":"2015-07-10T07:43:34","guid":{"rendered":"http:\/\/genesissupport247.com\/es\/sample-page-2\/"},"modified":"2025-10-31T08:36:55","modified_gmt":"2025-10-31T08:36:55","slug":"index-home-page","status":"publish","type":"page","link":"https:\/\/www.genesissupport247.com\/es\/","title":{"rendered":"GenesisSupport24\/7 ofrece atenci\u00f3n al cliente a nuestros clientes de comercio electr\u00f3nico"},"content":{"rendered":"Si ha adquirido bienes f\u00edsicos o digitales, o una suscripci\u00f3n en el sitio web de un comercio, primero visite el sitio web en el que realiz\u00f3 la compra o suscripci\u00f3n para obtener la informaci\u00f3n de contacto adecuada. Si necesita m\u00e1s ayuda de nuestra parte, si\u00e9ntase libre de ponerse en contacto con nosotros por medio de la siguiente informaci\u00f3n de contacto.\r\n","protected":false},"excerpt":{"rendered":"<p>Si ha adquirido bienes f\u00edsicos o digitales, o una suscripci\u00f3n en el sitio web de un comercio, primero visite el sitio web en el que realiz\u00f3 la compra o suscripci\u00f3n para obtener la informaci\u00f3n de contacto adecuada. Si necesita m\u00e1s ayuda de nuestra parte, si\u00e9ntase libre de ponerse en contacto con nosotros por medio de [&hellip;]<\/p>\n","protected":false},"author":1,"featured_media":812,"parent":0,"menu_order":0,"comment_status":"closed","ping_status":"closed","template":"","meta":{"footnotes":""},"class_list":["post-252","page","type-page","status-publish","has-post-thumbnail","hentry"],"_links":{"self":[{"href":"https:\/\/www.genesissupport247.com\/es\/wp-json\/wp\/v2\/pages\/252","targetHints":{"allow":["GET"]}}],"collection":[{"href":"https:\/\/www.genesissupport247.com\/es\/wp-json\/wp\/v2\/pages"}],"about":[{"href":"https:\/\/www.genesissupport247.com\/es\/wp-json\/wp\/v2\/types\/page"}],"author":[{"embeddable":true,"href":"https:\/\/www.genesissupport247.com\/es\/wp-json\/wp\/v2\/users\/1"}],"replies":[{"embeddable":true,"href":"https:\/\/www.genesissupport247.com\/es\/wp-json\/wp\/v2\/comments?post=252"}],"version-history":[{"count":7,"href":"https:\/\/www.genesissupport247.com\/es\/wp-json\/wp\/v2\/pages\/252\/revisions"}],"predecessor-version":[{"id":688,"href":"https:\/\/www.genesissupport247.com\/es\/wp-json\/wp\/v2\/pages\/252\/revisions\/688"}],"wp:featuredmedia":[{"embeddable":true,"href":"https:\/\/www.genesissupport247.com\/es\/wp-json\/wp\/v2\/media\/812"}],"wp:attachment":[{"href":"https:\/\/www.genesissupport247.com\/es\/wp-json\/wp\/v2\/media?parent=252"}],"curies":[{"name":"wp","href":"https:\/\/api.w.org\/{rel}","templated":true}]}}