{"id":238,"date":"2015-07-14T06:03:48","date_gmt":"2015-07-14T06:03:48","guid":{"rendered":"http:\/\/genesissupport247.com\/es\/privacy-policy\/"},"modified":"2015-11-12T16:36:10","modified_gmt":"2015-11-12T16:36:10","slug":"privacy-policy","status":"publish","type":"page","link":"https:\/\/www.genesissupport247.com\/es\/privacy-policy\/","title":{"rendered":"Pol\u00edtica de privacidad"},"content":{"rendered":"INS Online Limited es propietaria y operadora del portal de pagos Genesis y del sitio web Genesissupport247.com. INS Online Limited (en adelante, \u201cINS\u201d, \u201cnosotros\u201d) se compromete a proteger su privacidad.\n\n\n\nEste aviso se debe leer en conjunto con las Condiciones de servicio de <a href=\"https:\/\/www.genesissupport247.com\">genesissupport247.com<\/a> (en adelante, el \u201cSitio web\u201d) del cual el mismo forma parte (en adelante, las \u201cCondiciones\u201d).\n\n\n\nLa presente pol\u00edtica de privacidad, tal como se la describe en este documento, explica c\u00f3mo usamos la informaci\u00f3n que recogemos sobre Usted, c\u00f3mo se puede poner en contacto con nosotros si prefiere limitar el uso de esa informaci\u00f3n, y los procedimientos que realizamos para asegurar su privacidad.\n\n\n\nPuede visitar el Sitio web sin revelar informaci\u00f3n identificable alguna sobre Usted.\n\n\n\nAl usar nuestro servicio de procesamiento de pagos y el Sitio web, o al enviarnos informaci\u00f3n por medio del Sitio web o enviarnos informaci\u00f3n relacionada con el mismo, (en conjunto, nuestros Servicios), Usted expresa su consentimiento para que recojamos, usemos y revelemos su informaci\u00f3n personal de acuerdo con esta pol\u00edtica de privacidad. Si no est\u00e1 de acuerdo con esta pol\u00edtica de privacidad, no debe usar nuestros servicios de procesamiento de pagos ni el Sitio web, ni enviarnos informaci\u00f3n por medio del Sitio web o relacionada con este.\n\n\n\nEsta pol\u00edtica de privacidad complementa las Condiciones de servicio que rigen en general el uso de nuestros Servicios. Las frases definidas en estas Condiciones de servicio comparten el mismo significado que en esta pol\u00edtica de privacidad. \n\n<h3>La informaci\u00f3n que recogemos y la manera en que la utilizamos<\/h3>\n\nINS usar\u00e1, guardar\u00e1, o bien, procesar\u00e1 toda informaci\u00f3n relacionada con Usted o que le identifique, incluyendo, sin limitarse a ello, su nombre, direcci\u00f3n postal, direcci\u00f3n de correo electr\u00f3nico, n\u00fameros de tel\u00e9fono, n\u00fameros de tarjetas de cr\u00e9dito, d\u00e9bito o prepago y fechas de vencimiento, y cualquier otra informaci\u00f3n recogida por nosotros durante y despu\u00e9s del procesamiento de su pago, y generalmente en el uso de nuestros Servicios en la medida que fuera razonablemente necesario para brindarle dichos servicios. Esta informaci\u00f3n se procesa para los siguientes fines:\n\n<ul>\n\n\t<li>facilitar la realizaci\u00f3n de su transacci\u00f3n;<\/li>\n\n\t<li>atender sus consultas y pedidos;<\/li>\n\n\t<li>brindar y personalizar nuestros servicios;<\/li>\n\n\t<li>procesar su pago;<\/li>\n\n\t<li>realizar an\u00e1lisis de riesgo y fraude y proteger sus datos personales y financieros;<\/li>\n\n\t<li>realizar an\u00e1lisis comerciales propios para mejorar los servicios que prestamos.<\/li>\n\n<\/ul>\n\nTambi\u00e9n recopilamos informaci\u00f3n y estad\u00edsticas con el fin de vigilar el uso de nuestros Servicios, y podr\u00edamos brindar dicha informaci\u00f3n a terceros cuidadosamente seleccionados en forma resumida sin compartir ning\u00fan tipo de datos detallados de transacciones particulares.\n\n\n\nEs importante que sepa que, mientras use nuestros Servicios, (i) Usted proporcionar\u00e1 informaci\u00f3n personal de forma directa a nosotros, o de forma indirecta a Sitios Web de Comerciantes que usan nuestros Servicios para procesar los pagos que Usted realiza a estos; y que (ii) dicho Sitio Web podr\u00eda tener residencia fuera del Espacio Econ\u00f3mico Europeo. La empresa no se hace responsable en absoluto de los datos que Usted le provea al Comerciante directamente y que este no comparta con nosotros al utilizar nuestros servicios para facilitarle su pago al mismo. A este respecto, usted debe conocer y aceptar la pol\u00edtica de privacidad del Comerciante.\n\n\n\nSi Usted dejara de usar nuestros Servicios, INS podr\u00eda seguir utilizando y revelando su informaci\u00f3n personal seg\u00fan la presente Pol\u00edtica de privacidad (tal como se enmiende de tanto en tanto) y seg\u00fan la ley lo permita.\n\n<h3>Seguridad de la informaci\u00f3n<\/h3>\n\nLa Internet no es un medio seguro. Sin embargo, hemos implantado varios procedimientos de seguridad, tal como lo establece esta pol\u00edtica. Tenga en cuenta que las comunicaciones por Internet, como correo electr\u00f3nico o web, no son seguras a menos que est\u00e9n cifradas. Puede que sus comunicaciones pasen por varios pa\u00edses antes de ser entregadas. Esta es la naturaleza de la Internet. No podemos aceptar responsabilidad alguna por cualquier acceso no autorizado o p\u00e9rdida de informaci\u00f3n personal que escape a nuestro control. A nuestro entender, contamos con pol\u00edticas, reglas y medidas t\u00e9cnicas adecuadas para proteger los datos personales que tenemos bajo nuestro control (con respecto al tipo y cantidad de esos datos) contra el acceso no autorizado, uso o revelaci\u00f3n no autorizados, modificaci\u00f3n no autorizada, destrucci\u00f3n ilegal o p\u00e9rdida accidental. Todos nuestros empleados y procesadores de datos que tienen acceso o est\u00e1n relacionados con el procesamiento de su informaci\u00f3n personal est\u00e1n obligados a respetar la confidencialidad de la informaci\u00f3n de nuestros visitantes. Nos aseguramos de que su informaci\u00f3n no sea revelada a instituciones ni autoridades gubernamentales excepto que as\u00ed lo requiera la ley, o los entes reguladores y organizaciones para el cumplimiento de la ley.\n\n<h3><strong>\u00bfQui\u00e9nes tendr\u00e1n acceso a mi informaci\u00f3n?<\/strong><\/h3>\n\nCon los fines establecidos en esta Pol\u00edtica de privacidad, es posible que revelemos su informaci\u00f3n durante el procesamiento ante:\n\n<ul>\n\n\t<li>proveedores de bienes y servicios que Usted solicita;<\/li>\n\n\t<li>lo lugares donde se realice el pago por medio de nuestros Servicios;<\/li>\n\n\t<li>nuestros empleados;<\/li>\n\n\t<li>nuestros afiliados;<\/li>\n\n\t<li>las empresas de nuestro grupo y sus empleados;<\/li>\n\n\t<li>los sucesivos titulares de la empresa;<\/li>\n\n\t<li>terceros consultores, contratistas u otros proveedores de servicios que pudieran acceder a su informaci\u00f3n personal al proporcionarnos servicios (incluyendo, sin limitarse a ello, servicios de asistencia de TI);<\/li>\n\n\t<li>cuerpos gubernamentales y agencias del cumplimiento de la ley, y en respuesta a otras solicitudes legales y administrativas; y<\/li>\n\n\t<li>auditores o contratistas, u otras entidades de control, asistencia o asesor\u00eda para cualquiera de nuestros objetivos comerciales, en cualquier jurisdicci\u00f3n en la que operemos.<\/li>\n\n<\/ul>\n\n<h3>Sus derechos en relaci\u00f3n con su informaci\u00f3n<\/h3>\n\nEn cualquier momento, Usted puede solicitarnos por escrito informaci\u00f3n sobre nuestros Servicios y los tipos de datos suyos que recogemos durante la prestaci\u00f3n de estos Servicios.\n\n\n\nEnv\u00ede la consulta a:\n\n\n\nINSonline Limited\n\nc\/o 29 Howard Street\n\nNorth Shields\n\nTyne and Wear\n\nNE30 1AR\n\n\n\nReino Unido\n\n\n\n\u00a0\n\n\n\nO por email a: <a href=\"mailto:accounts@genesissupport247.com\">accounts@genesissupport247.com<\/a>\n\n\n\nPor favor, mencione su nombre y direcci\u00f3n. Tambi\u00e9n le pedimos que nos proporcione por escrito un detalle breve de la informaci\u00f3n suya que usted cree que podr\u00edamos retener en nuestros registros. Antes de proporcionarle datos de cualquier informaci\u00f3n personal que podamos tener sobre Usted, le solicitaremos prueba de su identidad. Para cubrir los costos administrativos relacionados con la entrega de esta informaci\u00f3n, le cobraremos \u00a3 25,00.\n\n<h3>Cookies<\/h3>\n\nLa informaci\u00f3n que un sitio web transfiere al disco duro de su computadora de denomina cookies. Estas le permiten a nuestro Sitio web almacenar informaci\u00f3n sobre sus patrones de b\u00fasqueda, lo cual hace que el Sitio web le resulte m\u00e1s \u00fatil. Muchos sitios web importantes usan cookies: es decir, estos se utilizan de forma regular en toda la Internet para ofrecer servicios personalizados. La mayor\u00eda de los navegadores est\u00e1n configurados autom\u00e1ticamente para aceptar cookies. Cada vez que usted usa nuestro Sitio web, este utiliza las cookies. De esta manera, podemos hacer un seguimiento de las funciones que usted utiliza y de las p\u00e1ginas y el contenido que Usted ve en el Sitio web para ayudar a personalizar su experiencia. Usted puede desactivar la admisi\u00f3n de cookies en el navegador pero sepa que, al hacerlo, es posible que pierda ciertas prestaciones que requieren que una cookie funcione correctamente. INS podr\u00eda utilizar la informaci\u00f3n que recogen las cookies para hacernos de estad\u00edsticas diversas sin identificar a ning\u00fan individuo.\n\n<h3>Su consentimiento<\/h3>\n\nAl enviarnos informaci\u00f3n personal y\/o usar nuestros Servicios, Usted acepta el uso de la informaci\u00f3n tal como se expresa en esta pol\u00edtica. Nos reservamos el derecho de corregir o modificar esta Pol\u00edtica de privacidad, y si lo hacemos, publicaremos los cambios en esta p\u00e1gina. Es su total responsabilidad consultar la Pol\u00edtica de privacidad cada vez que nos env\u00eda informaci\u00f3n o usa nuevamente nuestros Servicios. El uso implica que Usted acepta todos los cambios. Debido a la naturaleza global de la infraestructura de la Internet, podr\u00eda ser necesario transferir su informaci\u00f3n personal a empresas ubicadas fuera del Espacio Econ\u00f3mico Europeo. Puede que los pa\u00edses que no integran el EEE no cuenten con las mismas medidas de protecci\u00f3n y uso de datos tal como se establece en la presente pol\u00edtica. Sin embargo, hemos tomado las medidas expresadas arriba para evaluar y proteger la seguridad de su informaci\u00f3n.\n\n<h3>El uso de la informaci\u00f3n personal enviada a otros sitios web<\/h3>\n\nINS no se responsabiliza por las pol\u00edticas de privacidad y pr\u00e1cticas de otros sitios web, incluso si Usted accede a sitios web de terceros desde enlaces proporcionados en nuestro sitio web. Le recomendamos que lea la pol\u00edtica de cada sitio web que visite y que se ponga en contacto con el propietario u operador del mismo si tiene alguna duda o pregunta.\n\n<h3>M\u00e1s informaci\u00f3n<\/h3>\n\nPara obtener m\u00e1s informaci\u00f3n sobre c\u00f3mo protegemos los datos y la privacidad, o para realizar cualquier solicitud con respecto a su informaci\u00f3n personal, por favor escriba a:\n\n\n\nINSonline Limited\n\nc\/o 29 Howard Street\n\nNorth Shields\n\nTyne and Wear\n\nNE30 1AR\n\n\n\nReino Unido\n\n\n\nenv\u00ede un email a:\n\n\n\n<a href=\"mailto:accounts@genesissupport247.com\">accounts@genesissupport247.com<\/a>\n\n\n\no ll\u00e1menos\n\n\n\nen EE. UU., a la l\u00ednea gratuita de atenci\u00f3n al cliente las 24 horas, todos los d\u00edas: <a href=\"tel:+18555664408\">+1 8555 664 408<\/a>\n\nen el Reino Unido, a la l\u00ednea gratuita de atenci\u00f3n al cliente las 24 horas, todos los d\u00edas: <a href=\"tel:08000887686\">0800 088 7686<\/a>\n","protected":false},"excerpt":{"rendered":"<p>INS Online Limited es propietaria y operadora del portal de pagos Genesis y del sitio web Genesissupport247.com. INS Online Limited (en adelante, \u201cINS\u201d, \u201cnosotros\u201d) se compromete a proteger su privacidad. Este aviso se debe leer en conjunto con las Condiciones de servicio de genesissupport247.com (en adelante, el \u201cSitio web\u201d) del cual el mismo forma parte [&hellip;]<\/p>\n","protected":false},"author":1,"featured_media":0,"parent":0,"menu_order":0,"comment_status":"open","ping_status":"open","template":"","meta":{"footnotes":""},"class_list":["post-238","page","type-page","status-publish","hentry"],"_links":{"self":[{"href":"https:\/\/www.genesissupport247.com\/es\/wp-json\/wp\/v2\/pages\/238","targetHints":{"allow":["GET"]}}],"collection":[{"href":"https:\/\/www.genesissupport247.com\/es\/wp-json\/wp\/v2\/pages"}],"about":[{"href":"https:\/\/www.genesissupport247.com\/es\/wp-json\/wp\/v2\/types\/page"}],"author":[{"embeddable":true,"href":"https:\/\/www.genesissupport247.com\/es\/wp-json\/wp\/v2\/users\/1"}],"replies":[{"embeddable":true,"href":"https:\/\/www.genesissupport247.com\/es\/wp-json\/wp\/v2\/comments?post=238"}],"version-history":[{"count":4,"href":"https:\/\/www.genesissupport247.com\/es\/wp-json\/wp\/v2\/pages\/238\/revisions"}],"predecessor-version":[{"id":626,"href":"https:\/\/www.genesissupport247.com\/es\/wp-json\/wp\/v2\/pages\/238\/revisions\/626"}],"wp:attachment":[{"href":"https:\/\/www.genesissupport247.com\/es\/wp-json\/wp\/v2\/media?parent=238"}],"curies":[{"name":"wp","href":"https:\/\/api.w.org\/{rel}","templated":true}]}}