{"id":205,"date":"2015-08-13T09:11:30","date_gmt":"2015-08-13T09:11:30","guid":{"rendered":"http:\/\/genesissupport247.com\/es\/terms-conditions\/"},"modified":"2018-01-03T06:19:32","modified_gmt":"2018-01-03T06:19:32","slug":"terms-conditions","status":"publish","type":"page","link":"https:\/\/www.genesissupport247.com\/es\/terms-conditions\/","title":{"rendered":"Condiciones de servicio"},"content":{"rendered":"<h4>LEA DETENIDAMENTE LAS SIGUIENTES CONDICIONES ANTES DE USAR ESTE SITIO WEB.<\/h4>\n\n<h3>INTRODUCCI\u00d3N<\/h3>\n\nEl sitio web <a href=\"https:\/\/www.genesissupport247.com\">genesissupport247.com<\/a> (el \u201cSitio web de la Empresa\u201d, tal como se lo define a continuaci\u00f3n) es propiedad de INSonline Limited (\u201cla Empresa\u201d). La Empresa brinda servicio de procesamiento de pagos (\u201clos Servicios\u201d) a comercios (\u201cel Comercio\u201d) que poseen y operan sus propios sitios web y\/o sistemas de procesamiento de puntos de venta f\u00edsicos. Al adquirir bienes o servicios de estos comercios, y usar los servicios de procesamiento de pago de la Empresa, Usted acepta estar vinculado a estas Condiciones, as\u00ed como tambi\u00e9n a las del Comerciante a quien est\u00e1 realizando la compra. Cuando exista alg\u00fan conflicto entre estas Condiciones de servicio y las del Comerciante, estas Condiciones de servicio prevalecer\u00e1n.\n\n\n\nEl Comerciante es el \u00fanico responsable por la calidad de los bienes y servicios que Usted adquiera.\n\n\n\nEste acuerdo est\u00e1 sujeto a modificaciones por parte de la Empresa en cualquier momento. Las modificaciones rigen una vez que estas se publican en el Sitio web de la Empresa, sin mayor aviso.\n\n<h3>Definiciones<\/h3>\n\nDonde el contexto as\u00ed lo permita en las presentes Condiciones de servicio, las siguientes frases tendr\u00e1n los siguientes significados:\n\n\n\n<strong>&#8220;A\u00f1adir marcador&#8221;<\/strong>\n\nSe referir\u00e1 al acto de colocar una direcci\u00f3n URL en un archivo temporal de su navegador de modo que usted pueda volver a esa p\u00e1gina m\u00e1s adelante y de forma directa, sin atravesar ninguna de las p\u00e1ginas que la preceden.\n\n\n\n<strong>&#8220;Sitio web de la Empresa&#8221;\n\n<\/strong>Se referir\u00e1 al sitio web ubicado en <a href=\"https:\/\/www.genesissupport247.com\">genesissupport247.com<\/a>.\n\n\n\n<strong>&#8220;Sitio web del Comercio&#8221;\n\n<\/strong>Se referir\u00e1 al sitio web del Comercio\n\n\n\n<strong>&#8220;Usted&#8221;\n\n<\/strong>Se referir\u00e1 al comprador de los bienes y servicios disponibles a trav\u00e9s del Sitio web del Comercio, por medio de nuestros Servicios.\n\n<h3>Servicios<\/h3>\n\nLa Empresa le brindar\u00e1 ayuda a Usted en todos los asuntos relacionados con sus Servicios para la compra de bienes y servicios que haya realizado en el Sitio web del Comercio. \n\n<h3>Resumen de cuenta<\/h3>\n\nEl Sitio web del Comercio, y ocasionalmente tambi\u00e9n el Sitio web de la Empresa, aparecer\u00e1 en el resumen de cuenta de su cuenta bancaria o tarjeta de cr\u00e9dito, o en la factura de tel\u00e9fono, por los cobros realizados, generalmente en formato breve y acompa\u00f1ado de un n\u00famero de tel\u00e9fono de atenci\u00f3n al cliente, poniendo a su disposici\u00f3n en todo momento la mesa de ayuda de Atenci\u00f3n al cliente. La Empresa podr\u00eda incluir otra informaci\u00f3n en su resumen con motivo de cualquier norma relevante, incluyendo las normas de las asociaciones de tarjetas de cr\u00e9dito.\n\n<h3>Responsabilidad por bienes y servicios<\/h3>\n\nLa Empresa no tiene control sobre ning\u00fan bien ni servicio ofrecido por el Comercio, solo ejerce control sobre los Servicios que esta le brinda a Usted y al Comercio.\n\n\n\nNo obstante el p\u00e1rrafo que precede inmediatamente a este, la Empresa puede, seg\u00fan su propio criterio, devolverle el costo de los bienes y servicios adquiridos en el Sitio web del Comercio por medio de sus Servicios, si esta considerara que los mismos no fueron entregados, tienen fallas o no son comercializables.\n\n\n\nNinguna parte de estas Condiciones de servicio debe interpretarse limitante de nuestra responsabilidad por la muerte o da\u00f1os corporales que surgieran de un acto il\u00edcito o incumplimiento de nuestra parte. La Empresa no se responsabiliza por los da\u00f1os, p\u00e9rdidas o gastos originados a partir de la falta de asesoramiento o informaci\u00f3n, o por dar mal asesoramiento o informaci\u00f3n, ya sea en el Sitio web de la Empresa o en cualquier parte, tanto si se debe o no a negligencia de nuestra parte o de parte de nuestros empleados, agentes o subcontratistas.\n\n\n\nLa responsabilidad asumida por la Empresa seg\u00fan estas condiciones reemplazar\u00e1n y excluir\u00e1n todas las dem\u00e1s garant\u00edas, condiciones, t\u00e9rminos y responsabilidades \u2014impl\u00edcitos o expl\u00edcitos; estatutarios o no\u2014 en lo concerniente a nuestros Servicios, excepto aquellos que por ley no se pueden excluir.\n\n\n\nA excepci\u00f3n de lo expresado en estas condiciones, la Empresa no se responsabiliza (ya sea en virtud de un contrato, acuerdo extracontractual o de otro modo) por los defectos o falta de disponibilidad de los Servicios de la Empresa, o por cualquier da\u00f1o, perjuicio o p\u00e9rdida que resultare de dichos defectos o faltas.\n\n\n\nEn ning\u00fan caso, el incumplimiento del contrato o acuerdo extracontractual por parte nuestra (incluyendo la negligencia y violaci\u00f3n de las obligaciones establecidas por la ley), o falta de cualquier tipo por parte nuestra o de nuestros empleados, agentes o subcontratistas, representar\u00e1 responsabilidad por la p\u00e9rdida de ingresos o cualquier p\u00e9rdida o da\u00f1o consecuentes o indirectos que surgieren a partir de la causa que fuera.\n\n\n\nToda responsabilidad de nuestra parte (ya sea en virtud de un contrato, acuerdo extracontractual o de otro modo) respecto a cualquier defecto o falta de disponibilidad de los Servicios, o a cualquier obligaci\u00f3n para con Usted relacionadas con estas condiciones, en conjunto se limitar\u00e1 a la devoluci\u00f3n del importe total correspondiente a la prestaci\u00f3n de los servicios.\n\n<h3>Recibo electr\u00f3nico<\/h3>\n\nCada vez que Usted adquiera bienes y servicios disponibles en el Comercio utilizando nuestros Servicios, le enviaremos un recibo a su direcci\u00f3n de correo electr\u00f3nico. En cualquier momento puede solicitar que se le reenv\u00eden tales datos e informaci\u00f3n. Para ponerse en contacto con la Empresa, dir\u00edjase a la p\u00e1gina de informaci\u00f3n de contacto que figura al final de este documento.\n\n<h3>Cancelaci\u00f3n de compras<\/h3>\n\nSi usted solicita una cancelaci\u00f3n o devoluci\u00f3n de dinero al Comercio sin justificaci\u00f3n o sin justificaci\u00f3n aparente, la Empresa se reserva el derecho de bloquearle el acceso a sus Servicios a trav\u00e9s del Comercio o de cualquier otro Comercio al que le provea Servicios ahora o en el futuro.\n\n<h3>Reembolso<\/h3>\n\nSi la Empresa realiza una devoluci\u00f3n, la misma se acreditar\u00e1 \u00fanicamente al medio de pago utilizado en la transacci\u00f3n original. La Empresa no realizar\u00e1 devoluciones en efectivo, cheque ni a otra tarjeta de cr\u00e9dito o mecanismo de pago.\n\n<h3>A\u00f1adir a marcadores<\/h3>\n\nUsted no podr\u00e1 a\u00f1adir a marcadores ninguna p\u00e1gina del Sitio de la Empresa con el fin de permitirle omitir las condiciones de la Empresa. Sin perjuicio de su obligaci\u00f3n de no hacerlo, si as\u00ed lo hiciero, esto implicar\u00eda que usted acepta estas condiciones.\n\n<h3>Autorizaci\u00f3n de uso<\/h3>\n\nUsted no podr\u00e1 hacerse pasar por otra persona, usar un nombre falso o un nombre que no est\u00e9 autorizado a usar, crear una identidad, origen o direcci\u00f3n de correo electr\u00f3nico falsos para tratar de desorientar a la Empresa, Comercio u otros proporcionando datos de contacto inexactos o inciertos. No usar\u00e1 los Servicios de la Empresa para ning\u00fan fin ni de ninguna manera que est\u00e9n prohibidos por estas condiciones o por la ley. Usted acepta indemnizar a la Empresa, sus autoridades, empleados y concedentes en relaci\u00f3n a cualquier p\u00e9rdida que estos pudieran sufrir como resultado, directo o indirecto, de cualquier violaci\u00f3n por parte suya de este acuerdo. Usted acepta y reconoce que usa los Servicios de la Empresa bajo su total riesgo. La empresa no ofrece ninguna declaraci\u00f3n ni garant\u00eda alguna en cuanto a la adecuaci\u00f3n, confiabilidad, puntualidad y\/o exactitud de la informaci\u00f3n contenida en el Sitio web de la Empresa para el fin que fuere. La Empresa expresamente rechaza toda responsabilidad y condici\u00f3n con respecto a esta informaci\u00f3n, incluyendo, sin limitarse a ello, garant\u00eda de calidad satisfactoria, disponibilidad, no contravenci\u00f3n, integridad y adecuaci\u00f3n a un fin en particular.\n\n\n\nEl Sitio web del Comercio podr\u00eda contener anuncios publicitarios. La Empresa no se responsabiliza por estos anuncios publicitarios ni se adhiere al contenido de los mismos; tampoco se responsabiliza por los errores o inexactitudes de los mismos.\n\n\n\nLa Empresa no se responsabiliza por los da\u00f1os o p\u00e9rdidas ocurridos como resultado de virus o cualquier violaci\u00f3n de la seguridad. La empresa no ofrece garant\u00eda alguna de la compatibilidad de los Servicios de la Empresa con sus sistemas inform\u00e1ticos, software o hardware.\n\n\n\nLa empresa no se responsabiliza por ning\u00fan da\u00f1o, incluyendo, sin limitarse a ello, da\u00f1os por p\u00e9rdida funcional, producto del uso o desempe\u00f1o del Sitio web de la Empresa, la prestaci\u00f3n o falta de prestaci\u00f3n de los Servicios, o por cualquier otra informaci\u00f3n obtenida a trav\u00e9s del Sitio web de la Empresa, o bien, que surgieran del uso del Sitio web de la Empresa ya sea en virtud de un contrato, acuerdo extracontractual o de otro modo, sin limitarse a esto.\n\n\n\nSi no est\u00e1 conforme con alg\u00fan aspecto del Sitio web o los Servicios de la Empresa, o algunas de estas condiciones, la \u00fanica soluci\u00f3n, excepto que se especifique en estas condiciones, es interrumpir el uso del Sitio web y los Servicios de la Empresa.\n\n\n\nNo obstante lo expresado en estas condiciones, la Empresa no renuncia a la responsabilidad por muerte o perjuicio causado por negligencia de esta. Si usted viola las condiciones de este acuerdo, nos reservamos el derecho a dar fin al uso de los Servicios de la Empresa por parte suya. \n\n<h3>General<\/h3>\n\nUsted garantiza que se halla facultado por las leyes de la jurisdicci\u00f3n que le corresponde a acceder al Sitio web de la Empresa y\/o usar los Servicios de la misma para la adquisici\u00f3n de bienes y servicios del Comerciante. Usted es el \u00fanico responsable del cumplimiento de las leyes locales. La Empresa se reserva el derecho a monitorear y hacer un seguimiento de sus visitas al Sitio web de la Empresa. La imposibilidad o retraso por parte de la Empresa en el cumplimiento de estas condiciones no implicar\u00e1 una renuncia a esta ni ninguna otra cl\u00e1usula de estas condiciones. Ninguna de estas condiciones se aplicar\u00e1 seg\u00fan la English Contracts (Rights of Third Parties) Act 1999 (ley de contratos y derechos de terceros de 1999, o su equivalente en cualquier jurisdicci\u00f3n) por parte de un tercero.\n\n\n\nSi alguna cl\u00e1usula de estas exenciones y exclusiones fuera ilegal, nula o por alguna raz\u00f3n no aplicable, dicha cl\u00e1usula ser\u00e1 excluida y esto no afectar\u00e1 la validez y el cumplimiento de las cl\u00e1usulas restantes. Estas condiciones constituyen el acuerdo completo entre Usted y la Empresa en cuanto al uso que usted hace del Sitio web de la Empresa y\/o la prestaci\u00f3n de los Servicios por parte de la Empresa a usted, y sustituir\u00e1 cualquier acuerdo o representaci\u00f3n anterior relevante.\n\n\n\nLas cl\u00e1usulas expresadas en estas condiciones sustituyen todas las garant\u00edas, condiciones, t\u00e9rminos, acuerdos y obligaciones implicadas por ley, derecho com\u00fan, costumbres, uso comercial, negociaci\u00f3n u otro, todo lo cual queda excluido en la m\u00e1xima medida permitida por la ley. \n\n\n\nTodo aviso entregado por una de las partes a la otra en relaci\u00f3n con estas condiciones ser\u00e1n consideradas suficientes, dada la fecha de reenv\u00edo a usted a la direcci\u00f3n de correo electr\u00f3nico que nos haya proporcionado al momento de utilizar los Servicios, o a nosotros a la siguiente direcci\u00f3n: <a href=\"mailto:accounts@genesissupport247.com\">accounts@genesissupport247.com<\/a>\n\n\n\nEl Derecho de Inglaterra rige estas Condiciones de servicio. Usted est\u00e1 sujeto a la jurisdicci\u00f3n no exclusiva de los tribunales ingleses.\n\n<h3>DERECHO INTELECTUAL Y MARCA REGISTRADA<\/h3>\n\nEl contenido del Sitio web de la Empresa en su totalidad y las marcas registradas utilizadas son:\n\npropiedad de la Empresa.\n\n<h3>P\u00f3ngase en contacto con nosotros por los siguientes medios.<\/h3>\n\nEn EE. UU., l\u00ednea gratuita de atenci\u00f3n al cliente las 24 horas, todos los d\u00edas: +1 8555 664 408\n\nEn el Reino Unido, l\u00ednea gratuita de atenci\u00f3n al cliente las 24 horas, todos los d\u00edas: 0800 088 7686\n\nEmail: <a href=\"mailto:accounts@genesissupport247.com\">accounts@genesissupport247.com<\/a>\n\n<h4>Escriba a:<\/h4>\n\nINSonline Limited\n\n\n\nPALOMA COURT\n\nStasikratous 16\n\n7th floor, Suite 701\n\n1065 Nicosia\n\n\n\nChipre\n","protected":false},"excerpt":{"rendered":"<p>LEA DETENIDAMENTE LAS SIGUIENTES CONDICIONES ANTES DE USAR ESTE SITIO WEB. INTRODUCCI\u00d3N El sitio web genesissupport247.com (el \u201cSitio web de la Empresa\u201d, tal como se lo define a continuaci\u00f3n) es propiedad de INSonline Limited (\u201cla Empresa\u201d). La Empresa brinda servicio de procesamiento de pagos (\u201clos Servicios\u201d) a comercios (\u201cel Comercio\u201d) que poseen y operan sus [&hellip;]<\/p>\n","protected":false},"author":1,"featured_media":0,"parent":0,"menu_order":0,"comment_status":"open","ping_status":"open","template":"","meta":{"footnotes":""},"class_list":["post-205","page","type-page","status-publish","hentry"],"_links":{"self":[{"href":"https:\/\/www.genesissupport247.com\/es\/wp-json\/wp\/v2\/pages\/205","targetHints":{"allow":["GET"]}}],"collection":[{"href":"https:\/\/www.genesissupport247.com\/es\/wp-json\/wp\/v2\/pages"}],"about":[{"href":"https:\/\/www.genesissupport247.com\/es\/wp-json\/wp\/v2\/types\/page"}],"author":[{"embeddable":true,"href":"https:\/\/www.genesissupport247.com\/es\/wp-json\/wp\/v2\/users\/1"}],"replies":[{"embeddable":true,"href":"https:\/\/www.genesissupport247.com\/es\/wp-json\/wp\/v2\/comments?post=205"}],"version-history":[{"count":4,"href":"https:\/\/www.genesissupport247.com\/es\/wp-json\/wp\/v2\/pages\/205\/revisions"}],"predecessor-version":[{"id":631,"href":"https:\/\/www.genesissupport247.com\/es\/wp-json\/wp\/v2\/pages\/205\/revisions\/631"}],"wp:attachment":[{"href":"https:\/\/www.genesissupport247.com\/es\/wp-json\/wp\/v2\/media?parent=205"}],"curies":[{"name":"wp","href":"https:\/\/api.w.org\/{rel}","templated":true}]}}