{"id":474,"date":"2015-07-14T06:03:48","date_gmt":"2015-07-14T06:03:48","guid":{"rendered":"http:\/\/genesissupport247.com\/de\/privacy-policy-2\/"},"modified":"2021-04-27T10:05:00","modified_gmt":"2021-04-27T10:05:00","slug":"privacy-policy","status":"publish","type":"page","link":"https:\/\/www.genesissupport247.com\/de\/privacy-policy\/","title":{"rendered":"Datenschutzerkl\u00e4rung"},"content":{"rendered":"INS Online Limited besitzt und betreibt das Genesis-Zahlungsportal und die Website Genesissupport247.com. INS Online Limited (nachfolgend als \u201eINS\u201c, \u201ewir\u201c und \u201euns\u201c bezeichnet) verpflichtet sich, Ihre Privatsph\u00e4re zu sch\u00fctzen.\r\n\r\nBitte lesen Sie diese Datenschutzerkl\u00e4rung in Kombination mit den Nutzungsbedingungen von\r\n<a href=\"https:\/\/www.genesissupport247.com\">\r\ngenesissupport247.com<\/a> (nachfolgend als die \u201eWebsite\u201c bezeichnet), da sie ein Teil dieser Nutzungsbedingungen (nachfolgend als die \u201eBedingungen\u201c bezeichnet) ist.\r\n\r\nDiese Datenschutzerkl\u00e4rung, wie sie hier zu lesen ist, erkl\u00e4rt, wie wir die Daten nutzen, die wir von Ihnen erfassen, wie Sie uns kontaktieren k\u00f6nnen, wenn Sie die Nutzung dieser Daten einschr\u00e4nken m\u00f6chten, und welche Verfahren wir einsetzen, um Ihre Privatsph\u00e4re zu wahren.\r\n\r\nSie k\u00f6nnen die Website aufrufen, ohne Daten preiszugeben, die auf Ihre Person zur\u00fcckzuf\u00fchren sind.\r\n\r\nIndem Sie unsere Zahlungsdienste und die Website verwenden oder indem Sie Daten an uns \u00fcber oder in Verbindung mit der Website (zusammenfassend als \u201eunsere Dienste\u201c bezeichnet) \u00fcbermitteln, geben Sie uns automatisch Ihr Einverst\u00e4ndnis, dass wir Ihre personenbezogenen Daten gem\u00e4\u00df dieser Datenschutzerkl\u00e4rung erfassen, verwenden und preisgeben d\u00fcrfen. Sollten Sie nicht mit allen Bestimmungen dieser Datenschutzerkl\u00e4rung einverstanden sein, d\u00fcrfen Sie unsere Zahlungsdienste oder die Website nicht verwenden und auch keine Daten \u00fcber oder in Verbindung mit der Website an uns \u00fcbermitteln.\r\n\r\nDiese Datenschutzerkl\u00e4rung erg\u00e4nzt die Nutzungsbedingungen, die f\u00fcr Ihre Nutzung unserer Dienste im allgemeinen Sinne gelten. Bezeichnungen, die in den Nutzungsbedingungen definiert sind, haben in dieser Datenschutzerkl\u00e4rung dieselbe Bedeutung.\r\n<h3><strong>Welche Daten erfassen wir und wie verwenden wir diese Daten?<\/strong><\/h3>\r\nWir werden personenbezogene Daten verwenden, speichern oder anderweitig verarbeiten, die sich auf Sie beziehen oder sich auf Ihre Person zur\u00fcckf\u00fchren lassen. Zu diesen Daten z\u00e4hlen u. a. Ihr Name, Ihre Postanschrift, Ihre E-Mail-Adresse, Ihre Telefonnummern, die Nummern und Ablaufdaten Ihrer Kreditkarte, EC-Karte und Prepaid-Karte sowie weitere Daten, die wir w\u00e4hrend und nach der Verarbeitung Ihrer Zahlung sowie allgemein bei Ihrer Nutzung unserer Dienste in einem vertretbaren Ausma\u00df erfassen, um Ihnen derlei Dienste anzubieten. Wir verarbeiten diese Daten zu folgenden Zwecken:\r\n<ul>\r\n \t<li>zum Erleichtern Ihrer Transaktion<\/li>\r\n \t<li>zum Bearbeiten von Ihren Anfragen<\/li>\r\n \t<li>zum Bereitstellen und Personalisieren unserer Dienste<\/li>\r\n \t<li>zur Verarbeitung Ihrer Zahlung<\/li>\r\n \t<li>zur Analyse von Risiken und Betrugsversuchen und zum Schutz Ihrer pers\u00f6nlichen Daten und Finanzdaten<\/li>\r\n \t<li>zur Durchf\u00fchrung von Analysen, die f\u00fcr unsere internen Zwecke zur Verbesserung unserer Dienste bestimmt sind<\/li>\r\n<\/ul>\r\nWir erfassen derlei Informationen und statistische Daten auch, um die Nutzung unserer Dienste zu \u00fcberwachen, und wir d\u00fcrfen derlei Informationen in zusammengefasster Form sorgf\u00e4ltig ausgew\u00e4hlten Dritten bereitstellen, ohne individuelle Transaktionsdaten zu teilen.\r\n\r\nIhnen sollte unbedingt bewusst sein, dass Sie im Laufe der Nutzung unserer Dienste (i) personenbezogene Daten entweder direkt an uns oder H\u00e4ndler-Websites \u00fcbermitteln, die unsere Dienste in Anspruch nehmen, um Bezahlungen von Ihnen an die H\u00e4ndler vorzunehmen, und dass (ii) derlei Websites mitunter au\u00dferhalb des Europ\u00e4ischen Wirtschaftsraums betrieben werden. Wir \u00fcbernehmen keine Verantwortung f\u00fcr Daten, die von Ihnen direkt an den H\u00e4ndler \u00fcbertragen werden und von ihnen nicht mit uns geteilt werden, um Ihre Zahlung an sie zu erleichtern. In diesem Fall m\u00fcssen Sie sich mit den Datenschutzbestimmungen des H\u00e4ndlers abfinden.\r\n\r\nWenn Sie unsere Dienste nicht mehr in Anspruch nehmen, k\u00f6nnen wir Ihre personenbezogenen Daten weiterhin gem\u00e4\u00df den Bestimmungen in dieser Datenschutzerkl\u00e4rung (die von Zeit zu Zeit bearbeitet werden k\u00f6nnen) im gesetzlich zul\u00e4ssigen Ma\u00dfe verwenden und preisgeben.\r\n<h3><strong>Informationssicherheit<\/strong><\/h3>\r\nDas Internet ist kein sicheres Medium. Allerdings haben wir diverse Sicherheitsma\u00dfnahmen ergriffen, die hier dargelegt sind. Bitte beachten Sie, dass Kommunikationen \u00fcber das Internet, z. B. E-Mails und Web-Nachrichten, nur sicher sind, wenn sie verschl\u00fcsselt sind. Es kann vorkommen, dass Ihre Kommunikationen durch mehrere L\u00e4nder gehen, bevor sie beim Empf\u00e4nger ankommen. Dies ist im Internet gang und g\u00e4be. F\u00fcr unbefugten Zugriff oder Verlust von personenbezogenen Daten, die au\u00dferhalb unserer Kontrolle liegen, \u00fcbernehmen wir keine Verantwortung. Wir sind im festen Glauben, dass wir geeignete Verfahren, Regeln und technische Ma\u00dfnahmen ergriffen haben, um die pers\u00f6nlichen Daten zu sch\u00fctzen, \u00fcber die wir Kontrolle haben (hinsichtlich der Art und Menge dieser Daten), und zwar in der Form, dass sie vor unbefugtem Zugriff, unsachgem\u00e4\u00dfer Nutzung oder Preisgabe, unbefugter Bearbeitung, rechtswidriger Zerst\u00f6rung oder fahrl\u00e4ssigem Verlust gesch\u00fctzt sind. All unsere Mitarbeiter und Datenprozessoren, die Zugang zur Verarbeitung Ihrer personenbezogenen Daten haben und damit in Verbindung stehen, sind verpflichtet, die Vertraulichkeit der Daten unserer Besucher zu wahren. Wir gew\u00e4hrleisten, dass Ihre Daten nicht an Regierungseinrichtungen oder Regierungsbeh\u00f6rden \u00fcbermittelt werden, sofern dies nicht vom Gesetz her vorgeschrieben ist oder von Aufsichts- oder Strafverfolgungsbeh\u00f6rden gefordert ist.\r\n<h3><strong>Wer hat Zugriff auf Ihre Daten?<\/strong><\/h3>\r\nIhre Daten k\u00f6nnen zu den in dieser Datenschutzerkl\u00e4rung genannten Zwecken preisgegeben werden, um zur Verarbeitung verwendet zu werden bei:\r\n<ul>\r\n \t<li>Lieferanten von Waren und Dienstleistungen, die Sie bestellen<\/li>\r\n \t<li>Bezahlungen \u00fcber unsere Dienste<\/li>\r\n \t<li>unseren Mitarbeitern<\/li>\r\n \t<li>unseren Partnern<\/li>\r\n \t<li>unseren Konzernunternehmen und deren Mitarbeitern<\/li>\r\n \t<li>Rechtsnachfolgern f\u00fcr unser Unternehmen<\/li>\r\n \t<li>Dritten, die als Berater, Auftragnehmer oder andere Dienstleister t\u00e4tig werden und Ihre personenbezogenen Daten abrufen, wenn sie uns ihre Dienste (z. B. IT-Supportleistungen) anbieten<\/li>\r\n \t<li>Regierungs- und Strafverfolgungsbeh\u00f6rden und in Reaktion auf weitere rechtliche und regulatorische Anfragen<\/li>\r\n \t<li>Gutachtern, Auftragnehmern oder anderen Beratern mit Pr\u00fcffunktion, die in unseren Gesch\u00e4ftsbereichen und in einem von uns t\u00e4tigen Gerichtsstand pr\u00fcfend, hilfeleistend oder beratend t\u00e4tig sind<\/li>\r\n<\/ul>\r\n<h3><strong>Ihre Rechte im Zusammenhang mit Ihren Daten<\/strong><\/h3>\r\nSie k\u00f6nnen uns jederzeit in schriftlicher Form darum bitten, Ihnen Informationen zu unseren Diensten und der Art von Daten zukommen zu lassen, die wir von Ihnen w\u00e4hrend der Bereitstellung der Dienste erfassen.\r\n\r\nBitte schreiben Sie an:\r\n\r\nINSonline Limited\r\nc\/o 29 Howard Street\r\nNorth Shields\r\nTyne and Wear\r\nNE30 1AR\r\n\r\nGro\u00dfbritannien\r\n\r\nOder schreiben Sie uns eine E-Mail an:\r\n<a href=\"mailto:accounts@genesissupport247.com\">\r\naccounts@genesissupport247.com<\/a>\r\n\r\nBitte geben Sie Ihren Namen und Ihre Adresse an. Wir m\u00f6chten Sie zudem bitten, uns kurz zu beschreiben, welche Daten wir Ihrer Meinung nach von Ihnen erfasst haben. Bevor wir Ihnen personenbezogene Daten offenlegen, die wir von Ihnen gespeichert haben, ben\u00f6tigen wir einen Identit\u00e4tsnachweis von Ihnen. F\u00fcr diesen Vorgang berechnen wir Ihnen 25 GBP, um die Bearbeitungskosten zu decken, die mit der Bearbeitung Ihrer Anfrage anfallen.\r\n<h3><strong>Cookies<\/strong><\/h3>\r\nCookies sind Datenteile, die von einer Website auf die Festplatte Ihres Computers \u00fcbertragen werden. Sie erm\u00f6glichen es unserer Website, Informationen zu Ihrem Suchverhalten zu speichern, damit Sie die Website effektiver nutzen k\u00f6nnen. Cookies werden von vielen gr\u00f6\u00dferen Websites eingesetzt und sind eine g\u00e4ngige Methode, um personalisierte Dienste im Internet anzubieten. Bei den meisten Browsern sind sie standardm\u00e4\u00dfig aktiviert. Jedes Mal, wenn Sie unsere Website verwenden, wird der Cookie aufgerufen. So k\u00f6nnen wir die von Ihnen verwendeten Funktionen sowie aufgerufenen Webseiten und Website-Inhalte verfolgen und das Website-Erlebnis an Ihre Bed\u00fcrfnisse anpassen. Sie k\u00f6nnen Cookies in Ihrem Browser deaktivieren. Beachten Sie jedoch, dass Ihnen hierbei einige Funktionen verloren gehen k\u00f6nnten, f\u00fcr die Cookies erforderlich sind. Wir d\u00fcrfen die Informationen von Cookies auf anonyme Weise f\u00fcr interne statistische Zwecke verwenden.\r\n<h3><strong>Ihr Einverst\u00e4ndnis<\/strong><\/h3>\r\nWenn Sie personenbezogene Daten an uns und\/oder \u00fcber Ihre Nutzung unserer Dienste \u00fcbermitteln, erkl\u00e4ren Sie sich mit der Datennutzung gem\u00e4\u00df dieser Datenschutzerkl\u00e4rung einverstanden. Wir behalten uns das Recht vor, diese Datenschutzerkl\u00e4rung zu bearbeiten oder zu erg\u00e4nzen. Sollte dies der Fall sein, werden wir die \u00c4nderungen auf dieser Seite ver\u00f6ffentlichen. Es liegt in Ihrer Verantwortung, diese Datenschutzerkl\u00e4rung zu pr\u00fcfen, wenn Sie Daten an uns \u00fcbermitteln oder unsere Dienste erneut verwenden. Mit Ihrer Nutzung erkl\u00e4ren Sie sich automatisch mit jeglichen \u00c4nderungen einverstanden. Aufgrund des globalen Charakters der Internetwelt kann es mitunter erforderlich sein, personenbezogene Daten an Unternehmen zu \u00fcbermitteln, die sich au\u00dferhalb des Europ\u00e4ischen Wirtschaftsraums befinden. L\u00e4nder au\u00dferhalb des EWRs haben mitunter keine vergleichbaren Methoden, um Ihre Daten zu sch\u00fctzen, und verwenden Ihre Daten wom\u00f6glich anders, als hier angegeben. Wir befolgen jedoch die obigen Schritte, um Ihre Daten zu sch\u00fctzen.\r\n<h3><strong>Nutzung personenbezogener Daten, die an andere Websites \u00fcbermittelt wurden<\/strong><\/h3>\r\nWir sind nicht f\u00fcr die Datenschutzbestimmungen und Datenschutzmethoden von anderen Websites verantwortlich. Dies gilt auch dann, wenn Sie die Website eines Dritten \u00fcber Links von unserer Website aufrufen. Wir empfehlen Ihnen, die Bestimmungen der jeweiligen Website zu lesen und bei Fragen oder Bedenken den Betreiber und Eigent\u00fcmer der Website zu kontaktieren.\r\n<h3><strong>Weitere Informationen<\/strong><\/h3>\r\nWenn Sie von uns weitere Informationen zum Datenschutz oder zur Privatsph\u00e4re haben m\u00f6chten oder Fragen zu den personenbezogenen Daten haben, die wir von Ihnen erfasst haben, schreiben Sie uns bitte an:\r\n\r\nINSonline Limited\r\nc\/o 29 Howard Street\r\nNorth Shields\r\nTyne and Wear\r\nNE30 1AR\r\n\r\nGro\u00dfbritannien\r\n\r\nSchreiben Sie uns eine E-Mail an:\r\n\r\n<a href=\"mailto:accounts@genesissupport247.com\">\r\naccounts@genesissupport247.com<\/a>\r\n\r\nOder rufen Sie uns an unter:\r\n\r\nGeb\u00fchrenfreie Kundendienstnummer in den USA:\r\n<a href=\"tel:+18555664408\">\r\n+1 8555 664 408<\/a>\r\nGeb\u00fchrenfreie Kundendienstnummer in GB:\r\n<a href=\"tel:08000887686\">\r\n+44 800 088 7686<\/a>","protected":false},"excerpt":{"rendered":"<p>INS Online Limited besitzt und betreibt das Genesis-Zahlungsportal und die Website Genesissupport247.com. INS Online Limited (nachfolgend als \u201eINS\u201c, \u201ewir\u201c und \u201euns\u201c bezeichnet) verpflichtet sich, Ihre Privatsph\u00e4re zu sch\u00fctzen. Bitte lesen Sie diese Datenschutzerkl\u00e4rung in Kombination mit den Nutzungsbedingungen von genesissupport247.com (nachfolgend als die \u201eWebsite\u201c bezeichnet), da sie ein Teil dieser Nutzungsbedingungen (nachfolgend als die \u201eBedingungen\u201c [&hellip;]<\/p>\n","protected":false},"author":1,"featured_media":0,"parent":0,"menu_order":0,"comment_status":"open","ping_status":"open","template":"","meta":{"footnotes":""},"class_list":["post-474","page","type-page","status-publish","hentry"],"_links":{"self":[{"href":"https:\/\/www.genesissupport247.com\/de\/wp-json\/wp\/v2\/pages\/474","targetHints":{"allow":["GET"]}}],"collection":[{"href":"https:\/\/www.genesissupport247.com\/de\/wp-json\/wp\/v2\/pages"}],"about":[{"href":"https:\/\/www.genesissupport247.com\/de\/wp-json\/wp\/v2\/types\/page"}],"author":[{"embeddable":true,"href":"https:\/\/www.genesissupport247.com\/de\/wp-json\/wp\/v2\/users\/1"}],"replies":[{"embeddable":true,"href":"https:\/\/www.genesissupport247.com\/de\/wp-json\/wp\/v2\/comments?post=474"}],"version-history":[{"count":3,"href":"https:\/\/www.genesissupport247.com\/de\/wp-json\/wp\/v2\/pages\/474\/revisions"}],"predecessor-version":[{"id":756,"href":"https:\/\/www.genesissupport247.com\/de\/wp-json\/wp\/v2\/pages\/474\/revisions\/756"}],"wp:attachment":[{"href":"https:\/\/www.genesissupport247.com\/de\/wp-json\/wp\/v2\/media?parent=474"}],"curies":[{"name":"wp","href":"https:\/\/api.w.org\/{rel}","templated":true}]}}