{"id":248,"date":"2015-07-10T07:43:34","date_gmt":"2015-07-10T07:43:34","guid":{"rendered":"http:\/\/genesissupport247.com\/de\/sample-page-2\/"},"modified":"2025-10-31T08:45:19","modified_gmt":"2025-10-31T08:45:19","slug":"index-home-page","status":"publish","type":"page","link":"https:\/\/www.genesissupport247.com\/de\/","title":{"rendered":"GenesisSupport24\/7 ist der Kundendienst f\u00fcr unsere Online-Kunden"},"content":{"rendered":"Wenn Sie physische oder digitale Produkte oder ein Abonnement von einer H\u00e4ndler-Website erworben haben, gehen Sie bitte erst zu der Website, auf der Sie den Kauf vorgenommen haben, damit die Kontaktdaten korrekt sind. Sollten Sie weitere Hilfe von uns ben\u00f6tigen, k\u00f6nnen Sie uns jederzeit gern \u00fcber das nachstehende Kontaktformular anschreiben.\r\n","protected":false},"excerpt":{"rendered":"<p>Wenn Sie physische oder digitale Produkte oder ein Abonnement von einer H\u00e4ndler-Website erworben haben, gehen Sie bitte erst zu der Website, auf der Sie den Kauf vorgenommen haben, damit die Kontaktdaten korrekt sind. Sollten Sie weitere Hilfe von uns ben\u00f6tigen, k\u00f6nnen Sie uns jederzeit gern \u00fcber das nachstehende Kontaktformular anschreiben.<\/p>\n","protected":false},"author":1,"featured_media":808,"parent":0,"menu_order":0,"comment_status":"closed","ping_status":"closed","template":"","meta":{"footnotes":""},"class_list":["post-248","page","type-page","status-publish","has-post-thumbnail","hentry"],"_links":{"self":[{"href":"https:\/\/www.genesissupport247.com\/de\/wp-json\/wp\/v2\/pages\/248","targetHints":{"allow":["GET"]}}],"collection":[{"href":"https:\/\/www.genesissupport247.com\/de\/wp-json\/wp\/v2\/pages"}],"about":[{"href":"https:\/\/www.genesissupport247.com\/de\/wp-json\/wp\/v2\/types\/page"}],"author":[{"embeddable":true,"href":"https:\/\/www.genesissupport247.com\/de\/wp-json\/wp\/v2\/users\/1"}],"replies":[{"embeddable":true,"href":"https:\/\/www.genesissupport247.com\/de\/wp-json\/wp\/v2\/comments?post=248"}],"version-history":[{"count":7,"href":"https:\/\/www.genesissupport247.com\/de\/wp-json\/wp\/v2\/pages\/248\/revisions"}],"predecessor-version":[{"id":690,"href":"https:\/\/www.genesissupport247.com\/de\/wp-json\/wp\/v2\/pages\/248\/revisions\/690"}],"wp:featuredmedia":[{"embeddable":true,"href":"https:\/\/www.genesissupport247.com\/de\/wp-json\/wp\/v2\/media\/808"}],"wp:attachment":[{"href":"https:\/\/www.genesissupport247.com\/de\/wp-json\/wp\/v2\/media?parent=248"}],"curies":[{"name":"wp","href":"https:\/\/api.w.org\/{rel}","templated":true}]}}