{"id":201,"date":"2015-08-13T09:11:30","date_gmt":"2015-08-13T09:11:30","guid":{"rendered":"http:\/\/genesissupport247.com\/de\/terms-conditions\/"},"modified":"2015-09-11T15:16:27","modified_gmt":"2015-09-11T15:16:27","slug":"terms-conditions","status":"publish","type":"page","link":"https:\/\/www.genesissupport247.com\/de\/terms-conditions\/","title":{"rendered":"Nutzungsbedingungen"},"content":{"rendered":"<h4>BITTE LESEN SIE SICH DIESE NUTZUNGSBEDINGUNGEN VOR DER NUTZUNG DIESER WEBSITE DURCH.<\/h4>\n\n<h3>EINLEITUNG<\/h3>\n\nDie Website <a href=\"https:\/\/www.genesissupport247.com\">genesissupport247.com<\/a> (nachfolgend als \u201edie Unternehmenswebsite\u201c bezeichnet) geh\u00f6rt dem Unternehmen INSonline Limited (nachfolgend als \u201edas Unternehmen\u201c, \u201ewir\u201c, \u201euns\u201c bezeichnet). Das Unternehmen bietet H\u00e4ndlern (nachfolgend als \u201edie H\u00e4ndler\u201c bezeichnet) Zahlungsdienste (nachfolgend als \u201edie Dienste\u201c bezeichnet) an, die eigene Websites und\/oder Verkaufssysteme besitzen und betreiben. Wenn Sie Produkte oder Dienste von diesen H\u00e4ndlern kaufen und dabei die Zahlungsdienste des Unternehmens in Anspruch nehmen, erkl\u00e4ren Sie sich mit diesen Nutzungsbedingungen sowie den Nutzungsbedingungen des H\u00e4ndlers, von dem Sie die Produkte oder Dienste kaufen, einverstanden und halten sich an diese. Sollten diese Nutzungsbedingungen in einigen Punkten von den Nutzungsbedingungen des H\u00e4ndlers abweichen, haben diese Nutzungsbedingungen Vorrang.\n\n\n\nDer H\u00e4ndler \u00fcbernimmt die alleinige Verantwortung f\u00fcr die Qualit\u00e4t der Produkte und Dienste, die Sie k\u00e4uflich erwerben.\n\n\n\nDiese Vereinbarung darf jederzeit vonseiten des Unternehmens ge\u00e4ndert werden. \u00c4nderungen werden wirksam, sobald die \u00fcberarbeiteten Nutzungsbedingungen auf der Unternehmenswebsite ver\u00f6ffentlicht sind. Dies kann ohne weitere Ank\u00fcndigung erfolgen.\n\n<h3>Begriffserkl\u00e4rungen<\/h3>\n\nIn diesen Nutzungsbedingungen haben folgende Bezeichnungen dem Kontext entsprechend folgende Bedeutungen:\n\n\n\n<strong>\u201eLesezeichen setzen\u201c<\/strong>\n\nDiese Bezeichnung steht f\u00fcr den Vorgang, eine URL in eine tempor\u00e4re Datei Ihres Browsers abzulegen, um zu einem sp\u00e4teren Zeitpunkt auf direktem Wege auf diese Internetseite zugreifen zu k\u00f6nnen.\n\n\n\n<strong>\u201eUnternehmenswebsite\u201c\n\n<\/strong>Diese Bezeichnung steht f\u00fcr die Website <a href=\"https:\/\/www.genesissupport247.com\">genesissupport247.com.<\/a>\n\n\n\n<strong>\u201eH\u00e4ndlerwebsite\u201c\n\n<\/strong>Diese Bezeichnung steht f\u00fcr die Website des jeweiligen H\u00e4ndlers.\n\n\n\n<strong>\u201eSie\u201c\n\n<\/strong>Diese Bezeichnung steht f\u00fcr einen K\u00e4ufer der Produkte oder Dienste, die auf der H\u00e4ndlerwebsite erh\u00e4ltlich sind und \u00fcber unsere Dienstleistungen gekauft werden.\n\n<h3>Dienstleistungen<\/h3>\n\nDas Unternehmen bietet Ihnen Unterst\u00fctzung bei allen Fragen zu den Dienstleistungen, die Sie w\u00e4hrend des Kaufvorgangs der Produkte und Dienste von der H\u00e4ndlerwebsite in Anspruch nehmen.\n\n<h3>Abrechnungen<\/h3>\n\nAuf der Abrechnung aller Kosten, die \u00fcber Ihre Kreditkarte, Ihr Bankkonto oder auf Ihrer Telefonrechnung angefallen sind, wird die H\u00e4ndlerwebsite, mitunter auch die Unternehmenswebsite, genannt. Die H\u00e4ndlerwebsite und gegebenenfalls auch die Unternehmenswebsite wird meist in einer verk\u00fcrzten Form dargestellt und stellt neben der Telefonnummer des Kundenservices eine zus\u00e4tzliche Kontaktm\u00f6glichkeit dar, damit der Kundendienst des Unternehmens jederzeit f\u00fcr Sie erreichbar ist. Je nach geltenden Gesetzen und Verordnungen kann es vorkommen, dass das Unternehmen weitere Informationen auf Ihrer Abrechnung angibt, so z. B. den Namen der jeweiligen Kreditkartengesellschaft.\n\n<h3>Haftungsausschluss f\u00fcr Produkte &amp; Dienste<\/h3>\n\nDas Unternehmen hat keinerlei Kontrolle \u00fcber Produkte oder Dienste, die vom H\u00e4ndler angeboten werden. Das Unternehmen hat lediglich die Kontrolle \u00fcber die Dienstleistungen, die es Ihnen und dem H\u00e4ndler anbietet.\n\n\n\nUngeachtet des vorangegangenen Abschnitts kann Ihnen das Unternehmen im alleinigen Ermessen die Kosten der Produkte und Dienste zur\u00fcckerstatten, die mithilfe der Dienstleistungen \u00fcber die H\u00e4ndlerwebsite erworben wurden, wenn es der Meinung ist, dass die Produkte oder Dienste nicht geliefert wurden, zum Zeitpunkt der \u00dcbergabe fehlerhaft waren oder keiner markt\u00fcblichen Qualit\u00e4t entsprechen.\n\n\n\nKein Wortlaut dieser Nutzungsbedingungen darf als Haftungsausschluss ausgelegt werden, wenn ein Todesfall oder eine K\u00f6rperverletzung auf ein Fehlverhalten oder eine Unterlassung seitens des Unternehmens zur\u00fcckzuf\u00fchren ist. Wir \u00fcbernehmen keinerlei Haftung f\u00fcr Sch\u00e4den, Verluste oder Kosten, die auf einen nicht erw\u00e4hnten oder falschen Ratschlag oder eine nicht erw\u00e4hnte oder falsche Information seitens des Unternehmens oder seitens anderer zur\u00fcckzuf\u00fchren sind oder die auf ein Vers\u00e4umnis seitens des Unternehmens oder unserer Mitarbeiter, Vertreter oder Subunternehmer zur\u00fcckzuf\u00fchren sind.\n\n\n\nDie Haftung, die im Rahmen dieser Nutzungsbedingungen vom Unternehmen \u00fcbernommen wird, gilt anstelle von und unter Ausschluss aller sonstigen Gew\u00e4hrleistungen, Bestimmungen, Bedingungen und Verbindlichkeiten \u2013 seien sie ausdr\u00fccklich formuliert oder impliziert, gesetzlich oder anderweitig vorgeschrieben \u2013 im Zusammenhang mit den Dienstleistungen. Ausnahme hierbei sind Haftungen, die vom Gesetz her nicht ausgeschlossen werden d\u00fcrfen.\n\n\n\nSofern in diesen Nutzungsbedingungen nicht anders angegeben, \u00fcbernimmt das Unternehmen keinerlei Haftung \u2013 sei es in Form eines Vertrags, bei einem Delikt oder anderweitig \u2013 bei M\u00e4ngeln oder Ausf\u00e4llen unserer Dienstleistungen oder f\u00fcr Verletzungen, Sch\u00e4den oder Verlusten, die auf diese M\u00e4ngel oder Ausf\u00e4lle zur\u00fcckzuf\u00fchren sind.\n\n\n\nIm Falle eines Vertragsbruchs, Vergehens (hierzu z\u00e4hlt auch eine Vernachl\u00e4ssigung oder eine Verletzung der gesetzlichen Pflichten) oder Fehlers von unserer Seite oder vonseiten unserer Mitarbeiter, Vertreter oder Subunternehmer \u00fcbernehmen wir keinerlei Haftung bei Einnahmeausf\u00e4llen, Folgeverlusten, indirekten Verlusten oder Folgesch\u00e4den.\n\n\n\nVerpflichtungen von unserer Seite, die in Form eines Vertrags, bei einem Delikt oder anderweitig festgelegt wurden und in Zusammenhang mit einem Mangel oder einem Ausfall der Dienstleistungen oder auf eine Verpflichtung Ihnen gegen\u00fcber im Rahmen oder in Verbindung mit diesen Nutzungsbedingungen zur\u00fcckzuf\u00fchren sind, werden des Weiteren auf die H\u00f6he der R\u00fcckzahlung des Gesamtbetrags f\u00fcr die Nutzung der Dienstleistungen begrenzt.\n\n<h3>Elektronische Quittung<\/h3>\n\nBei jedem Kauf von Produkten und Diensten des H\u00e4ndlers \u00fcber unsere Dienstleistungen schicken wir Ihnen eine elektronische Quittung an Ihre E-Mail-Adresse. Die in dieser E-Mail enthaltenen Informationen k\u00f6nnen Sie jederzeit erneut bei uns anfordern. Um sich mit dem Unternehmen in Verbindung zu setzen, verwenden Sie bitte die Kontaktdaten am Ende dieses Dokuments.\n\n<h3>Bestellungen stornieren<\/h3>\n\nWenn Sie eine Bestellung vom H\u00e4ndler stornieren oder erstattet haben m\u00f6chten, ohne daf\u00fcr einen triftigen oder offensichtlich triftigen Grund anzugeben, darf Ihnen das Unternehmen im alleinigen Ermessen den Zugang zu den Dienstleistungen \u00fcber den H\u00e4ndler oder einen anderen H\u00e4ndler verweigern, der die Dienstleistungen derzeit oder in Zukunft anbietet.\n\n<h3>R\u00fcckzahlungen<\/h3>\n\nFalls das Unternehmen eine R\u00fcckzahlung veranlasst, wird der entsprechende Betrag ausschlie\u00dflich \u00fcber die Zahlungsmethode zur\u00fcck\u00fcberwiesen, die f\u00fcr die urspr\u00fcngliche Transaktion verwendet wurde. Das Unternehmen erstattet Ihnen keinerlei Betr\u00e4ge bar, per Scheck oder \u00fcber eine andere Kreditkarte oder Zahlungsmethode.\n\n<h3>Lesezeichen setzen<\/h3>\n\nSie d\u00fcrfen f\u00fcr keine Seite der Unternehmenswebsite ein Lesezeichen setzen mit dem Ziel, diese Nutzungsbedingungen zu umgehen. Sollten Sie dennoch ein Lesezeichen setzen, stimmen Sie diesen Nutzungsbedingungen automatisch zu.\n\n<h3>Nutzungsberechtigung<\/h3>\n\nSie d\u00fcrfen sich nicht als eine andere Person ausgeben, einen gef\u00e4lschten Namen oder einen Namen angeben, f\u00fcr den Sie keine Berechtigung haben, eine gef\u00e4lschte Identit\u00e4t, Herkunft oder E-Mail-Adresse annehmen, mit dem Ziel das Unternehmen, den H\u00e4ndler oder andere mit der Angabe von fehlerhaften oder unzuverl\u00e4ssigen Kontaktdaten in die Irre zu f\u00fchren. Sie d\u00fcrfen die Dienstleistungen des Unternehmens nicht mit einem Ziel oder auf eine Weise verwenden, die im Rahmen dieser Nutzungsbedingungen oder der Gesetzgebung verboten sind. Sie stimmen zu, das Unternehmen, seine Funktion\u00e4re, Mitarbeiter und Lizenzgeber zu entsch\u00e4digen, wenn diese einen Verlust erleiden, der direkt oder indirekt auf einen derartigen Versto\u00df von Ihrer Seite zur\u00fcckzuf\u00fchren ist. Sie erkennen an, dass Sie die Dienstleistungen des Unternehmens auf Ihre eigene Gefahr hin verwenden. Das Unternehmen nimmt keine Stellungnahme ein und \u00fcbernimmt keine Gew\u00e4hrleistungen in Bezug auf die Eignung, Zuverl\u00e4ssigkeit, Aktualit\u00e4t und\/oder Genauigkeit der Informationen auf der Unternehmenswebsite. Das Unternehmen lehnt ausdr\u00fccklich alle Gew\u00e4hrleistungen und Bestimmungen in Bezug auf diese Informationen ab, hierzu z\u00e4hlen auch Gew\u00e4hrleistungen f\u00fcr Qualit\u00e4tszufriedenheit, Verf\u00fcgbarkeit, Nichtverletzung, Vollst\u00e4ndigkeit und Eignung f\u00fcr einen bestimmten Zweck.\n\n\n\nDie H\u00e4ndlerwebsite darf Werbung enthalten. Das Unternehmen ist nicht f\u00fcr den Inhalt dieser Werbeanzeigen verantwortlich und bef\u00fcrwortet diese auch nicht. Ferner \u00fcbernimmt das Unternehmen keinerlei Haftung f\u00fcr Fehler oder Ungenauigkeiten in den Werbeanzeigen.\n\n\n\nDas Unternehmen \u00fcbernimmt keinerlei Haftung f\u00fcr Verluste oder Sch\u00e4den, die in Folge eines Virus oder einer Sicherheitsl\u00fccke entstehen. Das Unternehmen \u00fcbernimmt keine Gew\u00e4hr f\u00fcr die Kompatibilit\u00e4t der Dienstleistungen mit Ihren Computersystemen, Ihrer Software oder Ihrer Hardware.\n\n\n\nDas Unternehmen \u00fcbernimmt keinerlei Haftung f\u00fcr Sch\u00e4den, einschlie\u00dflich Nutzungssch\u00e4den, die von der Benutzung oder der Leistung der Unternehmenswebsite, die Bereitstellung oder die mangelnde Bereitstellung von Dienstleistungen oder von Informationen, die \u00fcber die Unternehmenswebsite verf\u00fcgbar sind, oder von einer anderweitigen Benutzung der Unternehmenswebsite herr\u00fchren, auch wenn dies aufgrund eines Vertrags, eines Delikts oder anderweitig zustande kam.\n\n\n\nSollten Sie mit einem Teil der Unternehmenswebsite oder der Dienstleistungen oder mit einer Bestimmung dieser Nutzungsbedingungen unzufrieden oder nicht einverstanden sein, ist Ihr einziges Rechtsmittel \u2013 sofern hier nicht anders angegeben \u2013, der Verzicht auf die Nutzung der Unternehmenswebsite oder der Dienstleistungen.\n\n\n\nUngeachtet der Bestimmungen in diesen Nutzungsbedingungen darf nichts als Haftungsausschluss ausgelegt werden, wenn ein Todesfall oder eine K\u00f6rperverletzung auf eine Vernachl\u00e4ssigung vonseiten des Unternehmens zur\u00fcckzuf\u00fchren ist. Wir behalten uns das Recht vor, Ihnen den Zugang zu den Dienstleistungen zu verweigern, falls Sie gegen diese Nutzungsbedingungen versto\u00dfen.\n\n<h3>Allgemein<\/h3>\n\nSie garantieren, dass Sie laut Gesetz Ihres Gerichtsstands berechtigt sind, die Unternehmenswebsite zu besuchen und\/oder die Dienstleistungen f\u00fcr den Kauf von Produkten und Diensten vom H\u00e4ndler in Anspruch zu nehmen. F\u00fcr die Einhaltung der regionalen Gesetze und Verordnungen sind Sie allein verantwortlich. Das Unternehmen beh\u00e4lt sich das Recht vor, Ihre Besuche auf der Unternehmenswebsite zu beobachten und aufzuzeichnen. Falls das Unternehmen einen Versto\u00df gegen diese Nutzungsbedingungen nicht erkennt oder erst sp\u00e4ter ahndet, soll dies nicht als Zeichen gewertet werden, dass eine oder mehrere Bedingungen dieser Nutzungsbestimmungen aufgehoben wurden. Keine Bestimmungen dieser Nutzungsbedingungen d\u00fcrfen im Rahmen des English Contracts (Rights of Third Parties) Act 1999 (oder einem \u00e4hnlichen Gesetz in einem anderen Gerichtsstand) von einem Dritten eingeklagt werden.\n\n\n\nSollte eine Bestimmung in diesen Nutzungsbedingungen zum Haftungsausschluss oder zu anderen Ausschl\u00fcssen rechtswidrig, aufgehoben worden oder nicht einklagbar sein, dann soll diese Bestimmung einzeln von anderen Bestimmungen betrachtet werden und die G\u00fcltigkeit und Umsetzbarkeit der restlichen Bestimmungen nicht ber\u00fchren. Diese Nutzungsbedingungen bilden die gesamte Vereinbarung zwischen Ihnen und dem Unternehmen in Bezug auf die Nutzung der Unternehmenswebsite und\/oder der Bereitstellung der Dienstleistungen und ersetzen alle \u00e4hnlichen fr\u00fcheren Vereinbarungen und Stellungnahmen.\n\n\n\nDie ausdr\u00fccklichen Bestimmungen dieser Nutzungsbedingungen gelten anstelle von allen Gew\u00e4hrleistungen oder anderen Bestimmungen und Bedingungen, Vorhaben und Verpflichtungen, die in Satzungen, Gewohnheitsrechten, Br\u00e4uchen, Handelsbr\u00e4uchen, Handelsweisen oder in anderweitiger Form impliziert sind und die hier im vollen, rechtlich vertretbaren Ma\u00dfe ausgenommen sind.\n\n\n\nEinzelne und alle Mitteilungen von uns an Sie, die wir im Zusammenhang mit diesen Nutzungsbedingungen an Ihre E-Mail-Adresse schicken, die Sie uns bei der Nutzung der Dienstleistungen angegeben haben, sowie einzelne und alle Mitteilungen von Ihnen an uns, die Sie im Zusammenhang mit diesen Nutzungsbedingungen an unsere E-Mail-Adresse <a href=\"mailto:accounts@genesissupport247.com\">accounts@genesissupport247.com<\/a> schicken, sollen als ausreichend angesehen werden.\n\n\n\nDiese Nutzungsbedingungen werden von englischen Gesetzen geregelt. Sie unterliegen der ausschlie\u00dflichen Gerichtsbarkeit der englischen Gerichtsh\u00f6fe.\n\n<h3>URHEBERRECHT UND MARKENNAMEN<\/h3>\n\nAlle Inhalte und verwendeten Markennamen auf der Unternehmenswebsite unterliegen dem\n\nUrheberrecht und befinden sich im Besitz des Unternehmens.\n\n<h3>Sie k\u00f6nnen uns folgenderma\u00dfen kontaktieren:<\/h3>\n\n24h-Hotline des Kundendiensts (in den USA kostenfrei): +1 8555 664 408\n\n24h-Hotline des Kundendiensts (in GB kostenfrei): 0800 088 7686\n\nE-Mail-Adresse: <a href=\"mailto:accounts@genesissupport247.com\">accounts@genesissupport247.com<\/a>\n\n<h4>Postanschrift:<\/h4>\n\nINSonline Limited\n\n\n\nPALOMA COURT\n\nStasikratous 16\n\n7th floor, Suite 701\n\n1065 Nicosia\n\n\n\nZypern\n","protected":false},"excerpt":{"rendered":"<p>BITTE LESEN SIE SICH DIESE NUTZUNGSBEDINGUNGEN VOR DER NUTZUNG DIESER WEBSITE DURCH. EINLEITUNG Die Website genesissupport247.com (nachfolgend als \u201edie Unternehmenswebsite\u201c bezeichnet) geh\u00f6rt dem Unternehmen INSonline Limited (nachfolgend als \u201edas Unternehmen\u201c, \u201ewir\u201c, \u201euns\u201c bezeichnet). Das Unternehmen bietet H\u00e4ndlern (nachfolgend als \u201edie H\u00e4ndler\u201c bezeichnet) Zahlungsdienste (nachfolgend als \u201edie Dienste\u201c bezeichnet) an, die eigene Websites und\/oder Verkaufssysteme besitzen [&hellip;]<\/p>\n","protected":false},"author":1,"featured_media":0,"parent":0,"menu_order":0,"comment_status":"open","ping_status":"open","template":"","meta":{"footnotes":""},"class_list":["post-201","page","type-page","status-publish","hentry"],"_links":{"self":[{"href":"https:\/\/www.genesissupport247.com\/de\/wp-json\/wp\/v2\/pages\/201","targetHints":{"allow":["GET"]}}],"collection":[{"href":"https:\/\/www.genesissupport247.com\/de\/wp-json\/wp\/v2\/pages"}],"about":[{"href":"https:\/\/www.genesissupport247.com\/de\/wp-json\/wp\/v2\/types\/page"}],"author":[{"embeddable":true,"href":"https:\/\/www.genesissupport247.com\/de\/wp-json\/wp\/v2\/users\/1"}],"replies":[{"embeddable":true,"href":"https:\/\/www.genesissupport247.com\/de\/wp-json\/wp\/v2\/comments?post=201"}],"version-history":[{"count":4,"href":"https:\/\/www.genesissupport247.com\/de\/wp-json\/wp\/v2\/pages\/201\/revisions"}],"predecessor-version":[{"id":601,"href":"https:\/\/www.genesissupport247.com\/de\/wp-json\/wp\/v2\/pages\/201\/revisions\/601"}],"wp:attachment":[{"href":"https:\/\/www.genesissupport247.com\/de\/wp-json\/wp\/v2\/media?parent=201"}],"curies":[{"name":"wp","href":"https:\/\/api.w.org\/{rel}","templated":true}]}}